{"id":91619,"date":"2021-04-26T16:18:10","date_gmt":"2021-04-26T14:18:10","guid":{"rendered":"https:\/\/luxm2.com\/catalogne\/"},"modified":"2022-02-24T16:26:30","modified_gmt":"2022-02-24T15:26:30","slug":"catalogne","status":"publish","type":"page","link":"https:\/\/luxm2.com\/fr\/catalogne\/","title":{"rendered":"Catalogne"},"content":{"rendered":"<p><img decoding=\"async\" class=\"alignright wp-image-91568 size-medium\" src=\"https:\/\/luxm2.com\/wp-content\/uploads\/2021\/04\/Catalonia_0001-300x200.jpg\" alt=\"\u0424\u043b\u0430\u0433 \u041a\u0430\u0442\u0430\u043b\u043e\u043d\u0438\u0438\" width=\"300\" height=\"200\" srcset=\"https:\/\/luxm2.com\/wp-content\/uploads\/2021\/04\/Catalonia_0001-300x200.jpg 300w, https:\/\/luxm2.com\/wp-content\/uploads\/2021\/04\/Catalonia_0001-1024x683.jpg 1024w, https:\/\/luxm2.com\/wp-content\/uploads\/2021\/04\/Catalonia_0001-768x512.jpg 768w, https:\/\/luxm2.com\/wp-content\/uploads\/2021\/04\/Catalonia_0001-1536x1024.jpg 1536w, https:\/\/luxm2.com\/wp-content\/uploads\/2021\/04\/Catalonia_0001.jpg 1600w\" sizes=\"(max-width: 300px) 100vw, 300px\" \/>On nous demande souvent: pourquoi sp\u00e9cifiquement la Catalogne devrait attirer notre attention dans une Espagne si grande et si diff\u00e9rente?<br \/>\nEssayons de le comprendre&#x1f60a;.<\/p>\n<p>Selon des informations officielles, la Catalogne est une communaut\u00e9 autonome dans la partie nord-est de la p\u00e9ninsule ib\u00e9rique, faisant partie du Royaume d&rsquo;Espagne (en plus de la Catalogne, elle comprend \u00e9galement 16 autres communaut\u00e9s autonomes et 2 villes autonomes situ\u00e9es sur la c\u00f4te nord de l&rsquo;Afrique ).<br \/>\nAu nord, la Catalogne est limitrophe avec la France et Andorre, \u00e0 l&rsquo;ouest &#8211; avec l&rsquo;Aragon, au sud &#8211; avec Valence. A l&rsquo;est, la Catalogne est baign\u00e9e par les douces vagues de la mer M\u00e9diterran\u00e9e azur\u00e9e. La Catalogne est divis\u00e9e en 4 provinces: Barcelone au centre, Tarragone au sud, Lleida \u00e0 l&rsquo;ouest et G\u00e9rone au nord-est.<\/p>\n<p>En termes de superficie occup\u00e9e, la Catalogne est \u00e0 la 6\u00e8me place parmi les autres communaut\u00e9s autonomes, mais en termes de PIB annuel, la Catalogne est \u00e0 la 2\u00e8me place, \u00e0 peine derri\u00e8re la ville-\u00e9tat de Madrid (donn\u00e9es pour 2019, ann\u00e9e \u00abpr\u00e9-COVID\u00bb) .<\/p>\n<p>Mis \u00e0 part les statistiques s\u00e8ches, qu&rsquo;est-ce que cela signifie pour les touristes ou les acheteurs immobiliers? La Catalogne est l&rsquo;une des r\u00e9gions les plus riches d&rsquo;Espagne, et cela dit tout.<\/p>\n<p>En effet, la Catalogne a tout. Et c&rsquo;est une raison s\u00e9rieuse de fiert\u00e9 parmi les Catalans indig\u00e8nes. Essayons de lister ce qu&rsquo;il y a en Catalogne.<\/p>\n<h5><strong>***<\/strong><\/h5>\n<p style=\"text-align: left;\"><a href=\"https:\/\/luxm2.com\/wp-content\/uploads\/2021\/04\/Catalonia_0002.jpg\" target=\"_blank\" rel=\"noopener\"><img decoding=\"async\" class=\"alignleft wp-image-91573 size-full\" src=\"https:\/\/luxm2.com\/wp-content\/uploads\/2021\/04\/Catalonia_0002.jpg\" alt=\"\u041a\u0430\u0442\u0430\u043b\u043e\u043d\u0438\u044f \u0432 \u043c\u0438\u043d\u0438\u0430\u0442\u044e\u0440\u0435\" width=\"1600\" height=\"1067\" srcset=\"https:\/\/luxm2.com\/wp-content\/uploads\/2021\/04\/Catalonia_0002.jpg 1600w, https:\/\/luxm2.com\/wp-content\/uploads\/2021\/04\/Catalonia_0002-300x200.jpg 300w, https:\/\/luxm2.com\/wp-content\/uploads\/2021\/04\/Catalonia_0002-1024x683.jpg 1024w, https:\/\/luxm2.com\/wp-content\/uploads\/2021\/04\/Catalonia_0002-768x512.jpg 768w, https:\/\/luxm2.com\/wp-content\/uploads\/2021\/04\/Catalonia_0002-1536x1024.jpg 1536w\" sizes=\"(max-width: 1600px) 100vw, 1600px\" \/><\/a><\/p>\n<p>Barcelone, la capitale de la Catalogne &#8211; la deuxi\u00e8me ville du royaume espagnol apr\u00e8s Madrid &#8211; est une v\u00e9ritable perle de l&rsquo;industrie du tourisme, un centre de modernisme internationalement reconnu, il y a toujours du beau temps, une bonne humeur r\u00e8gne dans les rues, et une sensation de l\u00e9g\u00e8ret\u00e9 et de libert\u00e9 incroyable s&rsquo;installe dans l&rsquo;\u00e2me. En seulement quelques heures d&rsquo;ici, vous pouvez prendre le train \u00e0 grande vitesse pour Madrid, Valence, Paris. Depuis l&rsquo;a\u00e9roport de Barcelone, vous pouvez voler vers presque tous les pays du monde. Barcelone re\u00e7oit \u00e9galement le plus grand nombre de touristes d&rsquo;Europe, arrivant ici sur des bateaux de croisi\u00e8re blancs comme neige. Les m\u00e9decins des h\u00f4pitaux prestigieux de Barcelone, r\u00e9put\u00e9s pour leur excellent niveau de soins m\u00e9dicaux, ont fait des progr\u00e8s significatifs dans le diagnostic et le traitement de nombreuses maladies, dont le cancer. Barcelone abrite de nombreuses entreprises de haute technologie, locales et internationales.<\/p>\n<h5><strong>***<\/strong><\/h5>\n<p><a href=\"https:\/\/luxm2.com\/wp-content\/uploads\/2021\/04\/Catalonia_0007.jpg\" target=\"_blank\" rel=\"noopener\"><img decoding=\"async\" class=\"alignleft wp-image-91605 size-full\" src=\"https:\/\/luxm2.com\/wp-content\/uploads\/2021\/04\/Catalonia_0007.jpg\" alt=\"Playa de Aro, Catalogne\" width=\"1600\" height=\"1067\" srcset=\"https:\/\/luxm2.com\/wp-content\/uploads\/2021\/04\/Catalonia_0007.jpg 1600w, https:\/\/luxm2.com\/wp-content\/uploads\/2021\/04\/Catalonia_0007-300x200.jpg 300w, https:\/\/luxm2.com\/wp-content\/uploads\/2021\/04\/Catalonia_0007-1024x683.jpg 1024w, https:\/\/luxm2.com\/wp-content\/uploads\/2021\/04\/Catalonia_0007-768x512.jpg 768w, https:\/\/luxm2.com\/wp-content\/uploads\/2021\/04\/Catalonia_0007-1536x1024.jpg 1536w\" sizes=\"(max-width: 1600px) 100vw, 1600px\" \/><\/a><br \/>\nLe littoral de la Catalogne s&rsquo;\u00e9tend sur 700 kilom\u00e8tres, dont 340 kilom\u00e8tres de plages. Oui, la Catalogne est c\u00e9l\u00e8bre pour son littoral unique et vari\u00e9.<\/p>\n<p>Au cas o\u00f9, nous vous rappellerons o\u00f9 vous pourrez profiter de la journ\u00e9e \u00e0 la plage:<\/p>\n<p>1. Costa Dorada. Situ\u00e9 dans la partie la plus m\u00e9ridionale de la c\u00f4te catalane, situ\u00e9 dans la province de Tarragone, compte 60 plages. Parmi les attractions sp\u00e9ciales se trouve le c\u00e9l\u00e8bre parc d&rsquo;attractions <a href=\"https:\/\/www.portaventuraworld.com\" target=\"_blank\" rel=\"noopener\">Portaventura<\/a> situ\u00e9 dans la ville de Salou.<\/p>\n<p>2. Costa del Garraf &#8211; situ\u00e9e entre la Costa Dorada et Barcelone, vous avez le choix entre 20 plages. Malgr\u00e9 le fait que la couronne de la plus grande plage (4,8 kilom\u00e8tres) appartient \u00e0 la ville de Castelldefels, la ville la plus attrayante et bien entretenue de Sitges est consid\u00e9r\u00e9e comme la capitale de cette c\u00f4te.<\/p>\n<p>3. Costa del Maresme &#8211; commence \u00e0 quelques kilom\u00e8tres au nord de Barcelone, dispose de 49 plages de sable. La capitale de la c\u00f4te est la ville de Matar\u00f3. On pense que cette c\u00f4te est plus populaire parmi la population locale en raison de la proximit\u00e9 relative de Barcelone et de la commodit\u00e9 de la communication &#8211; une ligne de chemin de fer a \u00e9t\u00e9 pos\u00e9e le long de toute la c\u00f4te.<\/p>\n<p>4. Costa Brava &#8211; un tr\u00e9sor in\u00e9gal\u00e9 de la Catalogne, part de la ville de Blanes et s&rsquo;\u00e9tend jusqu&rsquo;\u00e0 la fronti\u00e8re fran\u00e7aise. Les rives rocheuses escarp\u00e9es sont ponctu\u00e9es de criques isol\u00e9es et de <a href=\"https:\/\/luxm2.com\/fr\/2015-03-27-plages-de-playa-de-aro\/\" target=\"_blank\" rel=\"noopener\">plages de sable<\/a> incomparables. L&rsquo;inaccessibilit\u00e9 relative (il n&rsquo;y a pas de liaison ferroviaire sur la Costa Brava) et le terrain rocheux ont permis de conserver de nombreuses baies et plages dans leur \u00e9tat d&rsquo;origine. Et maintenant, nous avons l&rsquo;occasion de profiter de la puret\u00e9 de l&rsquo;eau et des paysages impressionnants de cette c\u00f4te.<\/p>\n<h5><strong>***<\/strong><\/h5>\n<p>Si du coup vous ne voulez pas nager dans la mer, pourquoi ne pas aller \u00e0 la montagne pour une <a href=\"https:\/\/luxm2.com\/fr\/2017-08-26-vall-de-nuria-en-ete\/\" target=\"_blank\" rel=\"noopener\">promenade l&rsquo;\u00e9t\u00e9<\/a> ou faire du ski alpin en hiver? Situ\u00e9es dans les Pyr\u00e9n\u00e9es, au nord de la Catalogne, de nombreuses stations de ski comme <a href=\"https:\/\/www.lamolina.cat\" target=\"_blank\" rel=\"noopener\">La Molina<\/a> ou <a href=\"https:\/\/www.baqueira.es\/\" target=\"_blank\" rel=\"noopener\">Baqueira Beret<\/a> vous attendent!<\/p>\n<h5><strong>***<\/strong><\/h5>\n<p><a href=\"https:\/\/luxm2.com\/wp-content\/uploads\/2021\/04\/Catalonia_0004.jpg\" target=\"_blank\" rel=\"noopener\"><img decoding=\"async\" class=\"alignleft wp-image-91583 size-full\" src=\"https:\/\/luxm2.com\/wp-content\/uploads\/2021\/04\/Catalonia_0004.jpg\" alt=\"\" width=\"1600\" height=\"1067\" srcset=\"https:\/\/luxm2.com\/wp-content\/uploads\/2021\/04\/Catalonia_0004.jpg 1600w, https:\/\/luxm2.com\/wp-content\/uploads\/2021\/04\/Catalonia_0004-300x200.jpg 300w, https:\/\/luxm2.com\/wp-content\/uploads\/2021\/04\/Catalonia_0004-1024x683.jpg 1024w, https:\/\/luxm2.com\/wp-content\/uploads\/2021\/04\/Catalonia_0004-768x512.jpg 768w, https:\/\/luxm2.com\/wp-content\/uploads\/2021\/04\/Catalonia_0004-1536x1024.jpg 1536w\" sizes=\"(max-width: 1600px) 100vw, 1600px\" \/><\/a><br \/>\nLa r\u00e9gion du Val d&rsquo;Aran, situ\u00e9e au nord-ouest de la Catalogne, est c\u00e9l\u00e8bre pour ses vall\u00e9es pittoresques \u00e0 l&rsquo;air le plus pur et ses pentes de montagne, o\u00f9 de nombreux troupeaux de vaches paissent, donnant le lait le plus savoureux et les steaks les plus d\u00e9licieux. Si vous \u00eates amateur de photographie de paysage, \u00e9vitez de vous rendre dans le Val d&rsquo;Aran, sinon vous risquez d&rsquo;y rester longtemps&#8230;<\/p>\n<h5><strong>***<\/strong><\/h5>\n<p>Depuis qu&rsquo;on a commenc\u00e9 \u00e0 parler de diff\u00e9rentes gourmandises, alors&#8230; Ici, peut-\u00eatre, il vaudrait mieux s&rsquo;arr\u00eater, mais c&rsquo;est absolument impossible de faire \u00e7a. Cuisine catalane. Hmmm&#8230; Vous pouvez dire aussi longtemps que vous le souhaitez \u00e0 quel point le r\u00e9gime m\u00e9diterran\u00e9en est savoureux et sain, combien de restaurants \u00e9toil\u00e9s Michelin en Catalogne; comment les chefs catalans combinent simplement et gracieusement les fruits de mer les plus frais et la viande aromatique (la soi-disant combinaison de mar i muntanya &#8211; mer et montagnes). Et oui, en r\u00e9ponse \u00e0 la c\u00e9l\u00e8bre paella valencienne en Catalogne, il existe un plat tout aussi c\u00e9l\u00e8bre &#8211; fideu\u00e1!<\/p>\n<h5><strong>***<\/strong><\/h5>\n<p><a href=\"https:\/\/luxm2.com\/wp-content\/uploads\/2021\/04\/Catalonia_0005.jpg\" target=\"_blank\" rel=\"noopener\"><img decoding=\"async\" class=\"alignleft wp-image-91588 size-full\" src=\"https:\/\/luxm2.com\/wp-content\/uploads\/2021\/04\/Catalonia_0005.jpg\" alt=\"\" width=\"1600\" height=\"1067\" srcset=\"https:\/\/luxm2.com\/wp-content\/uploads\/2021\/04\/Catalonia_0005.jpg 1600w, https:\/\/luxm2.com\/wp-content\/uploads\/2021\/04\/Catalonia_0005-300x200.jpg 300w, https:\/\/luxm2.com\/wp-content\/uploads\/2021\/04\/Catalonia_0005-1024x683.jpg 1024w, https:\/\/luxm2.com\/wp-content\/uploads\/2021\/04\/Catalonia_0005-768x512.jpg 768w, https:\/\/luxm2.com\/wp-content\/uploads\/2021\/04\/Catalonia_0005-1536x1024.jpg 1536w\" sizes=\"(max-width: 1600px) 100vw, 1600px\" \/><\/a><br \/>\nVous aimez les hu\u00eetres fra\u00eeches? Vous pouvez choisir entre le delta de l&rsquo;\u00c8bre dans le sud de la Catalogne ou le port fran\u00e7ais de <a href=\"https:\/\/luxm2.com\/fr\/2016-04-21-huitres-a-leucate-france\/\" target=\"_blank\" rel=\"noopener\">Leucate<\/a> pr\u00e8s de la fronti\u00e8re de l&rsquo;Espagne et de la France dans le nord de la Catalogne!<\/p>\n<h5><strong>***<\/strong><\/h5>\n<p>Comment parler d&rsquo;un bon d\u00e9jeuner ou d\u00eener sans un verre de bon vin? En Catalogne, vous trouverez de nombreux domaines viticoles dont les produits d\u00e9coreront votre table avec dignit\u00e9. Et plus de cava est produit et export\u00e9 en Catalogne que de champagne en France!<\/p>\n<h5><strong>***<\/strong><\/h5>\n<p><a href=\"https:\/\/luxm2.com\/wp-content\/uploads\/2021\/04\/Catalonia_0006.jpg\" target=\"_blank\" rel=\"noopener\"><img decoding=\"async\" class=\"alignleft wp-image-91593 size-full\" src=\"https:\/\/luxm2.com\/wp-content\/uploads\/2021\/04\/Catalonia_0006.jpg\" alt=\"Perelada, Catalogne\" width=\"1600\" height=\"1067\" srcset=\"https:\/\/luxm2.com\/wp-content\/uploads\/2021\/04\/Catalonia_0006.jpg 1600w, https:\/\/luxm2.com\/wp-content\/uploads\/2021\/04\/Catalonia_0006-300x200.jpg 300w, https:\/\/luxm2.com\/wp-content\/uploads\/2021\/04\/Catalonia_0006-1024x683.jpg 1024w, https:\/\/luxm2.com\/wp-content\/uploads\/2021\/04\/Catalonia_0006-768x512.jpg 768w, https:\/\/luxm2.com\/wp-content\/uploads\/2021\/04\/Catalonia_0006-1536x1024.jpg 1536w\" sizes=\"(max-width: 1600px) 100vw, 1600px\" \/><\/a><br \/>\nLa Catalogne regorge de sites historiques. Il a \u00e9t\u00e9 visit\u00e9 par des Arabes, des pirates ph\u00e9niciens, des Templiers. Occupant une position strat\u00e9giquement importante entre l&rsquo;Espagne et la France, cette r\u00e9gion est devenue le th\u00e9\u00e2tre de nombreuses guerres et batailles sanglantes. Depuis ces temps anciens, un nombre incroyable de ch\u00e2teaux et de <a href=\"https:\/\/luxm2.com\/fr\/2015-05-02-forteresse-de-saint-fernando-a-figueres\/\" target=\"_blank\" rel=\"noopener\">forteresses<\/a> ont \u00e9t\u00e9 dispers\u00e9s dans toute la Catalogne, et les habitants entretiennent avec amour et soin une atmosph\u00e8re m\u00e9di\u00e9vale authentique dans de <a href=\"https:\/\/luxm2.com\/fr\/2014-11-16-peratallada\/\" target=\"_blank\" rel=\"noopener\">vieilles villes<\/a> magnifiquement pr\u00e9serv\u00e9es, dont beaucoup ont \u00e9t\u00e9 fond\u00e9es il y a plus de 10 si\u00e8cles.<\/p>\n<h5><strong>***<\/strong><\/h5>\n<p>En parlant de sites touristiques, il est absolument impossible de ne pas mentionner les brillants fils du peuple catalan de renomm\u00e9e mondiale, tels que <a href=\"https:\/\/luxm2.com\/fr\/2019-09-10-maison-musee-salvador-dali-a-port-lligat\/\" target=\"_blank\" rel=\"noopener\">Salvador Dali<\/a> ou <a href=\"https:\/\/luxm2.com\/fr\/2018-08-22-jardins-artigas\/\" target=\"_blank\" rel=\"noopener\">Antoni Gaud\u00ed<\/a>. Leur riche patrimoine artistique est diss\u00e9min\u00e9 dans toute la Catalogne, on ne peut pas tout voir en un jour!<\/p>\n<h5><strong>***<\/strong><\/h5>\n<p>La Catalogne est un v\u00e9ritable paradis pour les amateurs de sport et de sant\u00e9. En plus de toutes sortes de sports nautiques et du ski alpin d\u00e9j\u00e0 mentionn\u00e9, vous pouvez profiter du golf, du tennis, des sports \u00e9questres, de la moto, du v\u00e9lo, du parachutisme et du parapente, de la p\u00eache, du football, du volley-ball et bien plus encore.<\/p>\n<h5><strong>***<\/strong><\/h5>\n<p>Nous avons presque oubli\u00e9 le magnifique climat doux et l&rsquo;\u00e9cologie.<\/p>\n<h5><strong>***<\/strong><\/h5>\n<p>Nous pouvons parler de la Catalogne avec enthousiasme et pendant longtemps. Mais nous avons d\u00e9j\u00e0 d\u00e9pass\u00e9 le niveau de mot acceptable, qui, selon Google, peut \u00eatre per\u00e7u par le lecteur moderne. Comme le dit le proverbe bien connu, il vaut mieux voir une fois qu&rsquo;entendre cent fois. Par cons\u00e9quent, nous vous proposons de visionner un petit diaporama dans lequel nous avons tent\u00e9 de collecter les plus belles photographies de Catalogne.<\/p>\n<p><iframe loading=\"lazy\" title=\"Catalonia the beautiful\" width=\"1170\" height=\"658\" src=\"https:\/\/www.youtube.com\/embed\/b2KoPrq8_Ys?feature=oembed\" frameborder=\"0\" allow=\"accelerometer; autoplay; clipboard-write; encrypted-media; gyroscope; picture-in-picture\" allowfullscreen><\/iframe><\/p>\n<h5><strong>***<\/strong><\/h5>\n<p>Et n&rsquo;oubliez pas d&rsquo;admirer la beaut\u00e9 de notre c\u00f4te sur la <a href=\"https:\/\/luxm2.com\/fr\/video\/\" target=\"_blank\" rel=\"noopener\">page vid\u00e9o<\/a>.<\/p>\n<p>Si nous avons r\u00e9ussi \u00e0 vous convaincre, nous attendons votre appel!<\/p>\n","protected":false},"excerpt":{"rendered":"<p>On nous demande souvent: pourquoi sp\u00e9cifiquement la Catalogne devrait attirer notre attention dans une Espagne si grande et si diff\u00e9rente? Essayons de le comprendre&#x1f60a;. Selon des informations officielles, la Catalogne est une communaut\u00e9 autonome dans la partie nord-est de la p\u00e9ninsule ib\u00e9rique, faisant partie du Royaume d&rsquo;Espagne (en plus de la Catalogne, elle comprend \u00e9galement [&hellip;]<\/p>\n","protected":false},"author":1,"featured_media":0,"parent":0,"menu_order":0,"comment_status":"closed","ping_status":"closed","template":"","meta":{"footnotes":""},"class_list":["post-91619","page","type-page","status-publish","hentry"],"acf":[],"yoast_head":"<!-- This site is optimized with the Yoast SEO plugin v27.3 - https:\/\/yoast.com\/product\/yoast-seo-wordpress\/ -->\n<title>M2 Lux - Catalogne, une communaut\u00e9 autonome en Espagne.<\/title>\n<meta name=\"description\" content=\"La Catalogne est une communaut\u00e9 autonome au sein du Royaume d&#039;Espagne. Nous pr\u00e9sentons \u00e0 votre attention une histoire sur cette r\u00e9gion.\" \/>\n<meta name=\"robots\" content=\"index, follow, max-snippet:-1, max-image-preview:large, max-video-preview:-1\" \/>\n<link rel=\"canonical\" href=\"https:\/\/luxm2.com\/fr\/catalogne\/\" \/>\n<meta property=\"og:locale\" content=\"fr_FR\" \/>\n<meta property=\"og:type\" content=\"article\" \/>\n<meta property=\"og:title\" content=\"M2 Lux - Catalogne, une communaut\u00e9 autonome en Espagne.\" \/>\n<meta property=\"og:description\" content=\"La Catalogne est une communaut\u00e9 autonome au sein du Royaume d&#039;Espagne. Nous pr\u00e9sentons \u00e0 votre attention une histoire sur cette r\u00e9gion.\" \/>\n<meta property=\"og:url\" content=\"https:\/\/luxm2.com\/fr\/catalogne\/\" \/>\n<meta property=\"og:site_name\" content=\"M2 Lux\" \/>\n<meta property=\"article:publisher\" content=\"https:\/\/www.facebook.com\/luxm2\/?hc_ref=ARQm5M0UOH26I3A0w4V9JnxdLbywuIk19cmpkoZdQL5sdrhr4Kl4cGjwLW9M9U-wKig&amp;amp%3bamp%3bamp%3bamp%3bamp%3bamp%3bamp%3bamp%3bamp%3bamp%3bamp%3bamp%3bamp%3bamp%3bamp%3bamp%3bamp%3bamp%3bamp%3bamp%3bamp%3bamp%3bamp%3bamp%3bamp%3bamp%3bamp%3bamp%3bamp%3bamp%3bamp%3bamp%3bamp%3bamp%3bamp%3bamp%3bamp%3bamp%3bfref=nf\" \/>\n<meta property=\"article:modified_time\" content=\"2022-02-24T15:26:30+00:00\" \/>\n<meta property=\"og:image\" content=\"https:\/\/luxm2.com\/wp-content\/uploads\/2021\/04\/Catalonia_0002.jpg\" \/>\n<meta name=\"twitter:card\" content=\"summary_large_image\" \/>\n<meta name=\"twitter:label1\" content=\"Dur\u00e9e de lecture estim\u00e9e\" \/>\n\t<meta name=\"twitter:data1\" content=\"7 minutes\" \/>\n<script type=\"application\/ld+json\" class=\"yoast-schema-graph\">{\"@context\":\"https:\\\/\\\/schema.org\",\"@graph\":[{\"@type\":\"WebPage\",\"@id\":\"https:\\\/\\\/luxm2.com\\\/fr\\\/catalogne\\\/\",\"url\":\"https:\\\/\\\/luxm2.com\\\/fr\\\/catalogne\\\/\",\"name\":\"M2 Lux - Catalogne, une communaut\u00e9 autonome en Espagne.\",\"isPartOf\":{\"@id\":\"https:\\\/\\\/luxm2.com\\\/fr\\\/#website\"},\"primaryImageOfPage\":{\"@id\":\"https:\\\/\\\/luxm2.com\\\/fr\\\/catalogne\\\/#primaryimage\"},\"image\":{\"@id\":\"https:\\\/\\\/luxm2.com\\\/fr\\\/catalogne\\\/#primaryimage\"},\"thumbnailUrl\":\"https:\\\/\\\/luxm2.com\\\/wp-content\\\/uploads\\\/2021\\\/04\\\/Catalonia_0001-300x200.jpg\",\"datePublished\":\"2021-04-26T14:18:10+00:00\",\"dateModified\":\"2022-02-24T15:26:30+00:00\",\"description\":\"La Catalogne est une communaut\u00e9 autonome au sein du Royaume d'Espagne. Nous pr\u00e9sentons \u00e0 votre attention une histoire sur cette r\u00e9gion.\",\"breadcrumb\":{\"@id\":\"https:\\\/\\\/luxm2.com\\\/fr\\\/catalogne\\\/#breadcrumb\"},\"inLanguage\":\"fr-FR\",\"potentialAction\":[{\"@type\":\"ReadAction\",\"target\":[\"https:\\\/\\\/luxm2.com\\\/fr\\\/catalogne\\\/\"]}]},{\"@type\":\"ImageObject\",\"inLanguage\":\"fr-FR\",\"@id\":\"https:\\\/\\\/luxm2.com\\\/fr\\\/catalogne\\\/#primaryimage\",\"url\":\"https:\\\/\\\/luxm2.com\\\/wp-content\\\/uploads\\\/2021\\\/04\\\/Catalonia_0001-300x200.jpg\",\"contentUrl\":\"https:\\\/\\\/luxm2.com\\\/wp-content\\\/uploads\\\/2021\\\/04\\\/Catalonia_0001-300x200.jpg\"},{\"@type\":\"BreadcrumbList\",\"@id\":\"https:\\\/\\\/luxm2.com\\\/fr\\\/catalogne\\\/#breadcrumb\",\"itemListElement\":[{\"@type\":\"ListItem\",\"position\":1,\"name\":\"Home\",\"item\":\"https:\\\/\\\/luxm2.com\\\/fr\\\/\"},{\"@type\":\"ListItem\",\"position\":2,\"name\":\"Catalogne\"}]},{\"@type\":\"WebSite\",\"@id\":\"https:\\\/\\\/luxm2.com\\\/fr\\\/#website\",\"url\":\"https:\\\/\\\/luxm2.com\\\/fr\\\/\",\"name\":\"M2 Lux\",\"description\":\"M2 Lux Real Estate Agency\",\"publisher\":{\"@id\":\"https:\\\/\\\/luxm2.com\\\/fr\\\/#organization\"},\"potentialAction\":[{\"@type\":\"SearchAction\",\"target\":{\"@type\":\"EntryPoint\",\"urlTemplate\":\"https:\\\/\\\/luxm2.com\\\/fr\\\/?s={search_term_string}\"},\"query-input\":{\"@type\":\"PropertyValueSpecification\",\"valueRequired\":true,\"valueName\":\"search_term_string\"}}],\"inLanguage\":\"fr-FR\"},{\"@type\":\"Organization\",\"@id\":\"https:\\\/\\\/luxm2.com\\\/fr\\\/#organization\",\"name\":\"Brokerage & Consulting M2 Lux S.L.\",\"url\":\"https:\\\/\\\/luxm2.com\\\/fr\\\/\",\"logo\":{\"@type\":\"ImageObject\",\"inLanguage\":\"fr-FR\",\"@id\":\"https:\\\/\\\/luxm2.com\\\/fr\\\/#\\\/schema\\\/logo\\\/image\\\/\",\"url\":\"https:\\\/\\\/luxm2.com\\\/wp-content\\\/uploads\\\/2017\\\/08\\\/LUX-M2-without-border-500.jpg\",\"contentUrl\":\"https:\\\/\\\/luxm2.com\\\/wp-content\\\/uploads\\\/2017\\\/08\\\/LUX-M2-without-border-500.jpg\",\"width\":500,\"height\":500,\"caption\":\"Brokerage & Consulting M2 Lux S.L.\"},\"image\":{\"@id\":\"https:\\\/\\\/luxm2.com\\\/fr\\\/#\\\/schema\\\/logo\\\/image\\\/\"},\"sameAs\":[\"https:\\\/\\\/www.facebook.com\\\/luxm2\\\/?hc_ref=ARQm5M0UOH26I3A0w4V9JnxdLbywuIk19cmpkoZdQL5sdrhr4Kl4cGjwLW9M9U-wKig&amp;amp;amp;amp;amp;amp;amp;amp;amp;amp;amp;amp;amp;amp;amp;amp;amp;amp;amp;amp;amp;amp;amp;amp;amp;amp;amp;amp;amp;amp;amp;amp;amp;amp;amp;amp;amp;amp;fref=nf\",\"https:\\\/\\\/www.instagram.com\\\/m2luxspain\\\/\",\"https:\\\/\\\/www.pinterest.es\\\/m2luximmo\\\/\"]}]}<\/script>\n<!-- \/ Yoast SEO plugin. -->","yoast_head_json":{"title":"M2 Lux - Catalogne, une communaut\u00e9 autonome en Espagne.","description":"La Catalogne est une communaut\u00e9 autonome au sein du Royaume d'Espagne. Nous pr\u00e9sentons \u00e0 votre attention une histoire sur cette r\u00e9gion.","robots":{"index":"index","follow":"follow","max-snippet":"max-snippet:-1","max-image-preview":"max-image-preview:large","max-video-preview":"max-video-preview:-1"},"canonical":"https:\/\/luxm2.com\/fr\/catalogne\/","og_locale":"fr_FR","og_type":"article","og_title":"M2 Lux - Catalogne, une communaut\u00e9 autonome en Espagne.","og_description":"La Catalogne est une communaut\u00e9 autonome au sein du Royaume d'Espagne. Nous pr\u00e9sentons \u00e0 votre attention une histoire sur cette r\u00e9gion.","og_url":"https:\/\/luxm2.com\/fr\/catalogne\/","og_site_name":"M2 Lux","article_publisher":"https:\/\/www.facebook.com\/luxm2\/?hc_ref=ARQm5M0UOH26I3A0w4V9JnxdLbywuIk19cmpkoZdQL5sdrhr4Kl4cGjwLW9M9U-wKig&amp%3bamp%3bamp%3bamp%3bamp%3bamp%3bamp%3bamp%3bamp%3bamp%3bamp%3bamp%3bamp%3bamp%3bamp%3bamp%3bamp%3bamp%3bamp%3bamp%3bamp%3bamp%3bamp%3bamp%3bamp%3bamp%3bamp%3bamp%3bamp%3bamp%3bamp%3bamp%3bamp%3bamp%3bamp%3bamp%3bamp%3bamp%3bfref=nf","article_modified_time":"2022-02-24T15:26:30+00:00","og_image":[{"url":"https:\/\/luxm2.com\/wp-content\/uploads\/2021\/04\/Catalonia_0002.jpg","type":"","width":"","height":""}],"twitter_card":"summary_large_image","twitter_misc":{"Dur\u00e9e de lecture estim\u00e9e":"7 minutes"},"schema":{"@context":"https:\/\/schema.org","@graph":[{"@type":"WebPage","@id":"https:\/\/luxm2.com\/fr\/catalogne\/","url":"https:\/\/luxm2.com\/fr\/catalogne\/","name":"M2 Lux - Catalogne, une communaut\u00e9 autonome en Espagne.","isPartOf":{"@id":"https:\/\/luxm2.com\/fr\/#website"},"primaryImageOfPage":{"@id":"https:\/\/luxm2.com\/fr\/catalogne\/#primaryimage"},"image":{"@id":"https:\/\/luxm2.com\/fr\/catalogne\/#primaryimage"},"thumbnailUrl":"https:\/\/luxm2.com\/wp-content\/uploads\/2021\/04\/Catalonia_0001-300x200.jpg","datePublished":"2021-04-26T14:18:10+00:00","dateModified":"2022-02-24T15:26:30+00:00","description":"La Catalogne est une communaut\u00e9 autonome au sein du Royaume d'Espagne. Nous pr\u00e9sentons \u00e0 votre attention une histoire sur cette r\u00e9gion.","breadcrumb":{"@id":"https:\/\/luxm2.com\/fr\/catalogne\/#breadcrumb"},"inLanguage":"fr-FR","potentialAction":[{"@type":"ReadAction","target":["https:\/\/luxm2.com\/fr\/catalogne\/"]}]},{"@type":"ImageObject","inLanguage":"fr-FR","@id":"https:\/\/luxm2.com\/fr\/catalogne\/#primaryimage","url":"https:\/\/luxm2.com\/wp-content\/uploads\/2021\/04\/Catalonia_0001-300x200.jpg","contentUrl":"https:\/\/luxm2.com\/wp-content\/uploads\/2021\/04\/Catalonia_0001-300x200.jpg"},{"@type":"BreadcrumbList","@id":"https:\/\/luxm2.com\/fr\/catalogne\/#breadcrumb","itemListElement":[{"@type":"ListItem","position":1,"name":"Home","item":"https:\/\/luxm2.com\/fr\/"},{"@type":"ListItem","position":2,"name":"Catalogne"}]},{"@type":"WebSite","@id":"https:\/\/luxm2.com\/fr\/#website","url":"https:\/\/luxm2.com\/fr\/","name":"M2 Lux","description":"M2 Lux Real Estate Agency","publisher":{"@id":"https:\/\/luxm2.com\/fr\/#organization"},"potentialAction":[{"@type":"SearchAction","target":{"@type":"EntryPoint","urlTemplate":"https:\/\/luxm2.com\/fr\/?s={search_term_string}"},"query-input":{"@type":"PropertyValueSpecification","valueRequired":true,"valueName":"search_term_string"}}],"inLanguage":"fr-FR"},{"@type":"Organization","@id":"https:\/\/luxm2.com\/fr\/#organization","name":"Brokerage & Consulting M2 Lux S.L.","url":"https:\/\/luxm2.com\/fr\/","logo":{"@type":"ImageObject","inLanguage":"fr-FR","@id":"https:\/\/luxm2.com\/fr\/#\/schema\/logo\/image\/","url":"https:\/\/luxm2.com\/wp-content\/uploads\/2017\/08\/LUX-M2-without-border-500.jpg","contentUrl":"https:\/\/luxm2.com\/wp-content\/uploads\/2017\/08\/LUX-M2-without-border-500.jpg","width":500,"height":500,"caption":"Brokerage & Consulting M2 Lux S.L."},"image":{"@id":"https:\/\/luxm2.com\/fr\/#\/schema\/logo\/image\/"},"sameAs":["https:\/\/www.facebook.com\/luxm2\/?hc_ref=ARQm5M0UOH26I3A0w4V9JnxdLbywuIk19cmpkoZdQL5sdrhr4Kl4cGjwLW9M9U-wKig&amp;amp;amp;amp;amp;amp;amp;amp;amp;amp;amp;amp;amp;amp;amp;amp;amp;amp;amp;amp;amp;amp;amp;amp;amp;amp;amp;amp;amp;amp;amp;amp;amp;amp;amp;amp;amp;amp;fref=nf","https:\/\/www.instagram.com\/m2luxspain\/","https:\/\/www.pinterest.es\/m2luximmo\/"]}]}},"_links":{"self":[{"href":"https:\/\/luxm2.com\/fr\/wp-json\/wp\/v2\/pages\/91619","targetHints":{"allow":["GET"]}}],"collection":[{"href":"https:\/\/luxm2.com\/fr\/wp-json\/wp\/v2\/pages"}],"about":[{"href":"https:\/\/luxm2.com\/fr\/wp-json\/wp\/v2\/types\/page"}],"author":[{"embeddable":true,"href":"https:\/\/luxm2.com\/fr\/wp-json\/wp\/v2\/users\/1"}],"replies":[{"embeddable":true,"href":"https:\/\/luxm2.com\/fr\/wp-json\/wp\/v2\/comments?post=91619"}],"version-history":[{"count":0,"href":"https:\/\/luxm2.com\/fr\/wp-json\/wp\/v2\/pages\/91619\/revisions"}],"wp:attachment":[{"href":"https:\/\/luxm2.com\/fr\/wp-json\/wp\/v2\/media?parent=91619"}],"curies":[{"name":"wp","href":"https:\/\/api.w.org\/{rel}","templated":true}]}}