{"id":10897,"date":"2016-07-01T09:48:47","date_gmt":"2016-07-01T07:48:47","guid":{"rendered":"https:\/\/luxm2.com\/accueil\/"},"modified":"2026-03-11T12:15:36","modified_gmt":"2026-03-11T11:15:36","slug":"accueil","status":"publish","type":"page","link":"https:\/\/luxm2.com\/fr\/","title":{"rendered":"M2 Lux &#8211; Agence immobili\u00e8re"},"content":{"rendered":"<div class=\"wpb-content-wrapper\"><p>[vc_row full_width=\u00a0\u00bbstretch_row_content_no_spaces\u00a0\u00bb css=\u00a0\u00bb.vc_custom_1767023730180{background-position: center !important;background-repeat: no-repeat !important;background-size: cover !important;}\u00a0\u00bb el_class=\u00a0\u00bbbanner&#8211;overlay\u00a0\u00bb][vc_column css=\u00a0\u00bb.vc_custom_1767023847482{padding-top: 0px !important;background-image: url(https:\/\/luxm2.com\/wp-content\/uploads\/2025\/12\/CalaPlatja-2-resize-min-2.jpg?id=112658) !important;background-position: center !important;background-repeat: no-repeat !important;background-size: cover !important;}\u00a0\u00bb][cf47rs_section_hero title=\u00a0\u00bbVous cherchez votre nouvelle maison?\u00a0\u00bb subtitle=\u00a0\u00bbNous vous offrons la meilleure s\u00e9lection de propri\u00e9t\u00e9s sur la Costa Brava\u00a0\u00bb scroll_text=\u00a0\u00bbFaites d\u00e9filer pour explorer\u00a0\u00bb][cf47rs_search_field field_name=\u00a0\u00bblocation\u00a0\u00bb][cf47rs_search_field field_name=\u00a0\u00bbproperty_type\u00a0\u00bb][cf47rs_search_field field_name=\u00a0\u00bbarea\u00a0\u00bb][cf47rs_search_field field_name=\u00a0\u00bbbedroom\u00a0\u00bb][cf47rs_search_field field_name=\u00a0\u00bbprice\u00a0\u00bb][\/cf47rs_section_hero][\/vc_column][\/vc_row][vc_row full_width=\u00a0\u00bbstretch_row_content_no_spaces\u00a0\u00bb][vc_column css=\u00a0\u00bb.vc_custom_1467988013893{padding-top: 0px !important;}\u00a0\u00bb][cf47rs_section_property_group title=\u00a0\u00bbImmobiliers\u00a0\u00bb subtitle=\u00a0\u00bbNotre base de donn\u00e9es contient des offres uniques et int\u00e9ressantes directement des propri\u00e9taires.\u00a0\u00bb css=\u00a0\u00bb.vc_custom_1501605598290{padding-top: 0px !important;}\u00a0\u00bb][cf47rs_section_property_group_tab title=\u00a0\u00bbR\u00e9cent\u00a0\u00bb data_max_items=\u00a0\u00bb6&Prime;][cf47rs_section_property_group_tab title=\u00a0\u00bbEn vedette\u00a0\u00bb data_type=\u00a0\u00bbfeatured\u00a0\u00bb data_max_items=\u00a0\u00bb6&Prime;][\/cf47rs_section_property_group][\/vc_column][\/vc_row][vc_row full_width=\u00a0\u00bbstretch_row_content_no_spaces\u00a0\u00bb css=\u00a0\u00bb.vc_custom_1467987973009{padding-top: 0px !important;background-color: #ffffff !important;}\u00a0\u00bb][vc_column css=\u00a0\u00bb.vc_custom_1467988153317{padding-top: 0px !important;}\u00a0\u00bb][cf47rs_section_features title=\u00a0\u00bbNotre mission\u00a0\u00bb subtitle=\u00a0\u00bbVous voulez acheter ou vendre, louer une maison, une villa, un appartement? Nous travaillons avec l&rsquo;immobilier dans les villes les plus populaires de la Costa Brava &#8211; Blanes, Lloret de Mar, Tossa de Mar, San Feliu de Guixols, S&rsquo;Agaro (La Gavina), Playa de Aro, Sant Antoni de Calonge, Palamos, Begur, L&rsquo;Estartit, L&rsquo;Escala, Empuriabrava, Roses.\u00a0\u00bb side_image=\u00a0\u00bb711&Prime; css=\u00a0\u00bb.vc_custom_1539597825507{padding-top: 0px !important;}\u00a0\u00bb][cf47rs_section_features_item label=\u00a0\u00bb\u00c9conomiser de l&rsquo;argent\u00a0\u00bb add_icon=\u00a0\u00bbtrue\u00a0\u00bb icon_type=\u00a0\u00bbsvg\u00a0\u00bb icon_svg=\u00a0\u00bbsvg-icon svg-icon-money-save\u00a0\u00bb]Cela commence par notre base de donn\u00e9es vivante des meilleurs biens immobiliers de la Costa Brava &#8211; y compris les maisons \u00e0 vendre, les maisons \u00e0 louer et les maisons qui ne sont pas actuellement sur le march\u00e9.[\/cf47rs_section_features_item][cf47rs_section_features_item label=\u00a0\u00bbBonnes ventes et marketing\u00a0\u00bb add_icon=\u00a0\u00bbtrue\u00a0\u00bb icon_type=\u00a0\u00bbsvg\u00a0\u00bb icon_svg=\u00a0\u00bbsvg-icon svg-icon-good-sales\u00a0\u00bb]De plus, M2 Lux coop\u00e8re avec les plus grands r\u00e9seaux de publicit\u00e9 immobili\u00e8re et de location en Espagne![\/cf47rs_section_features_item][cf47rs_section_features_item label=\u00a0\u00bbConfort\u00a0\u00bb add_icon=\u00a0\u00bbtrue\u00a0\u00bb icon_type=\u00a0\u00bbsvg\u00a0\u00bb icon_svg=\u00a0\u00bbsvg-icon svg-icon-comfort\u00a0\u00bb]Nous transformons la mani\u00e8re dont les consommateurs prennent leurs d\u00e9cisions et connectent avec des professionnels.[\/cf47rs_section_features_item][cf47rs_section_features_item label=\u00a0\u00bbFACILE \u00c0 TROUVER\u00a0\u00bb add_icon=\u00a0\u00bbtrue\u00a0\u00bb icon_type=\u00a0\u00bbsvg\u00a0\u00bb icon_svg=\u00a0\u00bbsvg-icon svg-icon-easy\u00a0\u00bb]Nous sommes disponibles pour vous rencontrer \u00e0 n&rsquo;importe quel endroit et \u00e0 tout moment pour discuter des d\u00e9tails de votre nouvelle maison![\/cf47rs_section_features_item][\/cf47rs_section_features][\/vc_column][\/vc_row][vc_row full_width=\u00a0\u00bbstretch_row_content_no_spaces\u00a0\u00bb disable_element=\u00a0\u00bbyes\u00a0\u00bb css=\u00a0\u00bb.vc_custom_1501605646075{background-image: url(http:\/\/realtyspace.codefactory47.com\/app\/uploads\/2016\/04\/bg-achievement.jpg?id=136) !important;background-position: center !important;background-repeat: no-repeat !important;background-size: cover !important;}\u00a0\u00bb][vc_column css=\u00a0\u00bb.vc_custom_1466700899805{padding-top: 0px !important;padding-bottom: 0px !important;}\u00a0\u00bb][cf47rs_section_counter][cf47rs_section_counter_item count_to=\u00a0\u00bb755300&Prime; label=\u00a0\u00bbTRANSACTIONS\u00a0\u00bb add_icon=\u00a0\u00bbtrue\u00a0\u00bb icon_type=\u00a0\u00bbsvg\u00a0\u00bb icon_svg=\u00a0\u00bbsvg-icon svg-icon-transactions\u00a0\u00bb][cf47rs_section_counter_item count_to=\u00a0\u00bb17620&Prime; label=\u00a0\u00bbSATISFIED CUSTOMERS\u00a0\u00bb add_icon=\u00a0\u00bbtrue\u00a0\u00bb icon_type=\u00a0\u00bbsvg\u00a0\u00bb icon_svg=\u00a0\u00bbsvg-icon svg-icon-customers\u00a0\u00bb][cf47rs_section_counter_item count_to=\u00a0\u00bb790&Prime; label=\u00a0\u00bbAGENCIES\u00a0\u00bb add_icon=\u00a0\u00bbtrue\u00a0\u00bb icon_type=\u00a0\u00bbsvg\u00a0\u00bb icon_svg=\u00a0\u00bbsvg-icon svg-icon-agency\u00a0\u00bb][cf47rs_section_counter_item count_to=\u00a0\u00bb1528715&Prime; label=\u00a0\u00bbSALES &amp; RENTS\u00a0\u00bb add_icon=\u00a0\u00bbtrue\u00a0\u00bb icon_type=\u00a0\u00bbsvg\u00a0\u00bb icon_svg=\u00a0\u00bbsvg-icon svg-icon-sales\u00a0\u00bb][\/cf47rs_section_counter][\/vc_column][\/vc_row][vc_row full_width=\u00a0\u00bbstretch_row_content_no_spaces\u00a0\u00bb][vc_column][cf47rs_section_posts title=\u00a0\u00bbDERNIERES NOUVELLES\u00a0\u00bb data_max_items=\u00a0\u00bb6&Prime;][\/vc_column][vc_column][\/vc_column][\/vc_row][vc_row full_width=\u00a0\u00bbstretch_row_content_no_spaces\u00a0\u00bb][vc_column][cf47rs_section_partners title=\u00a0\u00bbLES PARTENAIRES\u00a0\u00bb subtitle=\u00a0\u00bbM2 Lux est fier de vous repr\u00e9senter les services offerts par nos partenaires s\u00e9lectionn\u00e9s\u00a0\u00bb data_orderby=\u00a0\u00bbrand\u00a0\u00bb data_max_items=\u00a0\u00bb10&Prime; slides_to_show=\u00a0\u00bb3&Prime;][\/vc_column][\/vc_row]<\/p>\n<\/div>","protected":false},"excerpt":{"rendered":"<p>[vc_row full_width=\u00a0\u00bbstretch_row_content_no_spaces\u00a0\u00bb css=\u00a0\u00bb.vc_custom_1767023730180{background-position: center !important;background-repeat: no-repeat !important;background-size: cover !important;}\u00a0\u00bb el_class=\u00a0\u00bbbanner&#8211;overlay\u00a0\u00bb][vc_column css=\u00a0\u00bb.vc_custom_1767023847482{padding-top: 0px !important;background-image: url(https:\/\/luxm2.com\/wp-content\/uploads\/2025\/12\/CalaPlatja-2-resize-min-2.jpg?id=112658) !important;background-position: center !important;background-repeat: no-repeat !important;background-size: cover !important;}\u00a0\u00bb][cf47rs_section_hero title=\u00a0\u00bbVous cherchez votre nouvelle maison?\u00a0\u00bb subtitle=\u00a0\u00bbNous vous offrons la meilleure s\u00e9lection de propri\u00e9t\u00e9s sur la Costa Brava\u00a0\u00bb scroll_text=\u00a0\u00bbFaites d\u00e9filer pour explorer\u00a0\u00bb][cf47rs_search_field field_name=\u00a0\u00bblocation\u00a0\u00bb][cf47rs_search_field field_name=\u00a0\u00bbproperty_type\u00a0\u00bb][cf47rs_search_field field_name=\u00a0\u00bbarea\u00a0\u00bb][cf47rs_search_field field_name=\u00a0\u00bbbedroom\u00a0\u00bb][cf47rs_search_field field_name=\u00a0\u00bbprice\u00a0\u00bb][\/cf47rs_section_hero][\/vc_column][\/vc_row][vc_row full_width=\u00a0\u00bbstretch_row_content_no_spaces\u00a0\u00bb][vc_column css=\u00a0\u00bb.vc_custom_1467988013893{padding-top: 0px !important;}\u00a0\u00bb][cf47rs_section_property_group title=\u00a0\u00bbImmobiliers\u00a0\u00bb subtitle=\u00a0\u00bbNotre base de [&hellip;]<\/p>\n","protected":false},"author":1,"featured_media":0,"parent":0,"menu_order":0,"comment_status":"closed","ping_status":"closed","template":"page-templates\/template-vc.php","meta":{"footnotes":""},"class_list":["post-10897","page","type-page","status-publish","hentry"],"acf":[],"yoast_head":"<!-- This site is optimized with the Yoast SEO plugin v27.3 - https:\/\/yoast.com\/product\/yoast-seo-wordpress\/ -->\n<title>M2 Lux - L&#039;agence immobili\u00e8re, vente et location sur la Costa Brava.<\/title>\n<meta name=\"description\" content=\"L&#039;agence immobili\u00e8re M2 Lux pr\u00e9sente les meilleurs exemples de biens immobiliers \u00e0 l&#039;achat ou \u00e0 la location sur la Costa Brava.\" \/>\n<meta name=\"robots\" content=\"index, follow, max-snippet:-1, max-image-preview:large, max-video-preview:-1\" \/>\n<link rel=\"canonical\" href=\"https:\/\/luxm2.com\/fr\/\" \/>\n<meta property=\"og:locale\" content=\"fr_FR\" \/>\n<meta property=\"og:type\" content=\"article\" \/>\n<meta property=\"og:title\" content=\"M2 Lux - L&#039;agence immobili\u00e8re, vente et location sur la Costa Brava.\" \/>\n<meta property=\"og:description\" content=\"L&#039;agence immobili\u00e8re M2 Lux pr\u00e9sente les meilleurs exemples de biens immobiliers \u00e0 l&#039;achat ou \u00e0 la location sur la Costa Brava.\" \/>\n<meta property=\"og:url\" content=\"https:\/\/luxm2.com\/fr\/\" \/>\n<meta property=\"og:site_name\" content=\"M2 Lux\" \/>\n<meta property=\"article:publisher\" content=\"https:\/\/www.facebook.com\/luxm2\/?hc_ref=ARQm5M0UOH26I3A0w4V9JnxdLbywuIk19cmpkoZdQL5sdrhr4Kl4cGjwLW9M9U-wKig&amp;amp%3bamp%3bamp%3bamp%3bamp%3bamp%3bamp%3bamp%3bamp%3bamp%3bamp%3bamp%3bamp%3bamp%3bamp%3bamp%3bamp%3bamp%3bamp%3bamp%3bamp%3bamp%3bamp%3bamp%3bamp%3bamp%3bamp%3bamp%3bamp%3bamp%3bamp%3bamp%3bamp%3bamp%3bamp%3bamp%3bamp%3bamp%3bfref=nf\" \/>\n<meta property=\"article:modified_time\" content=\"2026-03-11T11:15:36+00:00\" \/>\n<meta name=\"twitter:card\" content=\"summary_large_image\" \/>\n<meta name=\"twitter:label1\" content=\"Dur\u00e9e de lecture estim\u00e9e\" \/>\n\t<meta name=\"twitter:data1\" content=\"2 minutes\" \/>\n<script type=\"application\/ld+json\" class=\"yoast-schema-graph\">{\"@context\":\"https:\\\/\\\/schema.org\",\"@graph\":[{\"@type\":\"WebPage\",\"@id\":\"https:\\\/\\\/luxm2.com\\\/fr\\\/\",\"url\":\"https:\\\/\\\/luxm2.com\\\/fr\\\/\",\"name\":\"M2 Lux - L'agence immobili\u00e8re, vente et location sur la Costa Brava.\",\"isPartOf\":{\"@id\":\"https:\\\/\\\/luxm2.com\\\/fr\\\/#website\"},\"datePublished\":\"2016-07-01T07:48:47+00:00\",\"dateModified\":\"2026-03-11T11:15:36+00:00\",\"description\":\"L'agence immobili\u00e8re M2 Lux pr\u00e9sente les meilleurs exemples de biens immobiliers \u00e0 l'achat ou \u00e0 la location sur la Costa Brava.\",\"breadcrumb\":{\"@id\":\"https:\\\/\\\/luxm2.com\\\/fr\\\/#breadcrumb\"},\"inLanguage\":\"fr-FR\",\"potentialAction\":[{\"@type\":\"ReadAction\",\"target\":[\"https:\\\/\\\/luxm2.com\\\/fr\\\/\"]}]},{\"@type\":\"BreadcrumbList\",\"@id\":\"https:\\\/\\\/luxm2.com\\\/fr\\\/#breadcrumb\",\"itemListElement\":[{\"@type\":\"ListItem\",\"position\":1,\"name\":\"Home\",\"item\":\"https:\\\/\\\/luxm2.com\\\/fr\\\/\"},{\"@type\":\"ListItem\",\"position\":2,\"name\":\"M2 Lux &#8211; Agence immobili\u00e8re\"}]},{\"@type\":\"WebSite\",\"@id\":\"https:\\\/\\\/luxm2.com\\\/fr\\\/#website\",\"url\":\"https:\\\/\\\/luxm2.com\\\/fr\\\/\",\"name\":\"M2 Lux\",\"description\":\"M2 Lux Real Estate Agency\",\"publisher\":{\"@id\":\"https:\\\/\\\/luxm2.com\\\/fr\\\/#organization\"},\"potentialAction\":[{\"@type\":\"SearchAction\",\"target\":{\"@type\":\"EntryPoint\",\"urlTemplate\":\"https:\\\/\\\/luxm2.com\\\/fr\\\/?s={search_term_string}\"},\"query-input\":{\"@type\":\"PropertyValueSpecification\",\"valueRequired\":true,\"valueName\":\"search_term_string\"}}],\"inLanguage\":\"fr-FR\"},{\"@type\":\"Organization\",\"@id\":\"https:\\\/\\\/luxm2.com\\\/fr\\\/#organization\",\"name\":\"Brokerage & Consulting M2 Lux S.L.\",\"url\":\"https:\\\/\\\/luxm2.com\\\/fr\\\/\",\"logo\":{\"@type\":\"ImageObject\",\"inLanguage\":\"fr-FR\",\"@id\":\"https:\\\/\\\/luxm2.com\\\/fr\\\/#\\\/schema\\\/logo\\\/image\\\/\",\"url\":\"https:\\\/\\\/luxm2.com\\\/wp-content\\\/uploads\\\/2017\\\/08\\\/LUX-M2-without-border-500.jpg\",\"contentUrl\":\"https:\\\/\\\/luxm2.com\\\/wp-content\\\/uploads\\\/2017\\\/08\\\/LUX-M2-without-border-500.jpg\",\"width\":500,\"height\":500,\"caption\":\"Brokerage & Consulting M2 Lux S.L.\"},\"image\":{\"@id\":\"https:\\\/\\\/luxm2.com\\\/fr\\\/#\\\/schema\\\/logo\\\/image\\\/\"},\"sameAs\":[\"https:\\\/\\\/www.facebook.com\\\/luxm2\\\/?hc_ref=ARQm5M0UOH26I3A0w4V9JnxdLbywuIk19cmpkoZdQL5sdrhr4Kl4cGjwLW9M9U-wKig&amp;amp;amp;amp;amp;amp;amp;amp;amp;amp;amp;amp;amp;amp;amp;amp;amp;amp;amp;amp;amp;amp;amp;amp;amp;amp;amp;amp;amp;amp;amp;amp;amp;amp;amp;amp;amp;amp;fref=nf\",\"https:\\\/\\\/www.instagram.com\\\/m2luxspain\\\/\",\"https:\\\/\\\/www.pinterest.es\\\/m2luximmo\\\/\"]}]}<\/script>\n<!-- \/ Yoast SEO plugin. -->","yoast_head_json":{"title":"M2 Lux - L'agence immobili\u00e8re, vente et location sur la Costa Brava.","description":"L'agence immobili\u00e8re M2 Lux pr\u00e9sente les meilleurs exemples de biens immobiliers \u00e0 l'achat ou \u00e0 la location sur la Costa Brava.","robots":{"index":"index","follow":"follow","max-snippet":"max-snippet:-1","max-image-preview":"max-image-preview:large","max-video-preview":"max-video-preview:-1"},"canonical":"https:\/\/luxm2.com\/fr\/","og_locale":"fr_FR","og_type":"article","og_title":"M2 Lux - L'agence immobili\u00e8re, vente et location sur la Costa Brava.","og_description":"L'agence immobili\u00e8re M2 Lux pr\u00e9sente les meilleurs exemples de biens immobiliers \u00e0 l'achat ou \u00e0 la location sur la Costa Brava.","og_url":"https:\/\/luxm2.com\/fr\/","og_site_name":"M2 Lux","article_publisher":"https:\/\/www.facebook.com\/luxm2\/?hc_ref=ARQm5M0UOH26I3A0w4V9JnxdLbywuIk19cmpkoZdQL5sdrhr4Kl4cGjwLW9M9U-wKig&amp%3bamp%3bamp%3bamp%3bamp%3bamp%3bamp%3bamp%3bamp%3bamp%3bamp%3bamp%3bamp%3bamp%3bamp%3bamp%3bamp%3bamp%3bamp%3bamp%3bamp%3bamp%3bamp%3bamp%3bamp%3bamp%3bamp%3bamp%3bamp%3bamp%3bamp%3bamp%3bamp%3bamp%3bamp%3bamp%3bamp%3bamp%3bfref=nf","article_modified_time":"2026-03-11T11:15:36+00:00","twitter_card":"summary_large_image","twitter_misc":{"Dur\u00e9e de lecture estim\u00e9e":"2 minutes"},"schema":{"@context":"https:\/\/schema.org","@graph":[{"@type":"WebPage","@id":"https:\/\/luxm2.com\/fr\/","url":"https:\/\/luxm2.com\/fr\/","name":"M2 Lux - L'agence immobili\u00e8re, vente et location sur la Costa Brava.","isPartOf":{"@id":"https:\/\/luxm2.com\/fr\/#website"},"datePublished":"2016-07-01T07:48:47+00:00","dateModified":"2026-03-11T11:15:36+00:00","description":"L'agence immobili\u00e8re M2 Lux pr\u00e9sente les meilleurs exemples de biens immobiliers \u00e0 l'achat ou \u00e0 la location sur la Costa Brava.","breadcrumb":{"@id":"https:\/\/luxm2.com\/fr\/#breadcrumb"},"inLanguage":"fr-FR","potentialAction":[{"@type":"ReadAction","target":["https:\/\/luxm2.com\/fr\/"]}]},{"@type":"BreadcrumbList","@id":"https:\/\/luxm2.com\/fr\/#breadcrumb","itemListElement":[{"@type":"ListItem","position":1,"name":"Home","item":"https:\/\/luxm2.com\/fr\/"},{"@type":"ListItem","position":2,"name":"M2 Lux &#8211; Agence immobili\u00e8re"}]},{"@type":"WebSite","@id":"https:\/\/luxm2.com\/fr\/#website","url":"https:\/\/luxm2.com\/fr\/","name":"M2 Lux","description":"M2 Lux Real Estate Agency","publisher":{"@id":"https:\/\/luxm2.com\/fr\/#organization"},"potentialAction":[{"@type":"SearchAction","target":{"@type":"EntryPoint","urlTemplate":"https:\/\/luxm2.com\/fr\/?s={search_term_string}"},"query-input":{"@type":"PropertyValueSpecification","valueRequired":true,"valueName":"search_term_string"}}],"inLanguage":"fr-FR"},{"@type":"Organization","@id":"https:\/\/luxm2.com\/fr\/#organization","name":"Brokerage & Consulting M2 Lux S.L.","url":"https:\/\/luxm2.com\/fr\/","logo":{"@type":"ImageObject","inLanguage":"fr-FR","@id":"https:\/\/luxm2.com\/fr\/#\/schema\/logo\/image\/","url":"https:\/\/luxm2.com\/wp-content\/uploads\/2017\/08\/LUX-M2-without-border-500.jpg","contentUrl":"https:\/\/luxm2.com\/wp-content\/uploads\/2017\/08\/LUX-M2-without-border-500.jpg","width":500,"height":500,"caption":"Brokerage & Consulting M2 Lux S.L."},"image":{"@id":"https:\/\/luxm2.com\/fr\/#\/schema\/logo\/image\/"},"sameAs":["https:\/\/www.facebook.com\/luxm2\/?hc_ref=ARQm5M0UOH26I3A0w4V9JnxdLbywuIk19cmpkoZdQL5sdrhr4Kl4cGjwLW9M9U-wKig&amp;amp;amp;amp;amp;amp;amp;amp;amp;amp;amp;amp;amp;amp;amp;amp;amp;amp;amp;amp;amp;amp;amp;amp;amp;amp;amp;amp;amp;amp;amp;amp;amp;amp;amp;amp;amp;amp;fref=nf","https:\/\/www.instagram.com\/m2luxspain\/","https:\/\/www.pinterest.es\/m2luximmo\/"]}]}},"_links":{"self":[{"href":"https:\/\/luxm2.com\/fr\/wp-json\/wp\/v2\/pages\/10897","targetHints":{"allow":["GET"]}}],"collection":[{"href":"https:\/\/luxm2.com\/fr\/wp-json\/wp\/v2\/pages"}],"about":[{"href":"https:\/\/luxm2.com\/fr\/wp-json\/wp\/v2\/types\/page"}],"author":[{"embeddable":true,"href":"https:\/\/luxm2.com\/fr\/wp-json\/wp\/v2\/users\/1"}],"replies":[{"embeddable":true,"href":"https:\/\/luxm2.com\/fr\/wp-json\/wp\/v2\/comments?post=10897"}],"version-history":[{"count":5,"href":"https:\/\/luxm2.com\/fr\/wp-json\/wp\/v2\/pages\/10897\/revisions"}],"predecessor-version":[{"id":112677,"href":"https:\/\/luxm2.com\/fr\/wp-json\/wp\/v2\/pages\/10897\/revisions\/112677"}],"wp:attachment":[{"href":"https:\/\/luxm2.com\/fr\/wp-json\/wp\/v2\/media?parent=10897"}],"curies":[{"name":"wp","href":"https:\/\/api.w.org\/{rel}","templated":true}]}}