{"id":91620,"date":"2021-04-26T16:18:10","date_gmt":"2021-04-26T14:18:10","guid":{"rendered":"https:\/\/luxm2.com\/cataluna\/"},"modified":"2022-02-24T16:27:21","modified_gmt":"2022-02-24T15:27:21","slug":"cataluna","status":"publish","type":"page","link":"https:\/\/luxm2.com\/es\/cataluna\/","title":{"rendered":"Catalu\u00f1a"},"content":{"rendered":"<p><img decoding=\"async\" class=\"alignright wp-image-91568 size-medium\" src=\"https:\/\/luxm2.com\/wp-content\/uploads\/2021\/04\/Catalonia_0001-300x200.jpg\" alt=\"\u0424\u043b\u0430\u0433 \u041a\u0430\u0442\u0430\u043b\u043e\u043d\u0438\u0438\" width=\"300\" height=\"200\" srcset=\"https:\/\/luxm2.com\/wp-content\/uploads\/2021\/04\/Catalonia_0001-300x200.jpg 300w, https:\/\/luxm2.com\/wp-content\/uploads\/2021\/04\/Catalonia_0001-1024x683.jpg 1024w, https:\/\/luxm2.com\/wp-content\/uploads\/2021\/04\/Catalonia_0001-768x512.jpg 768w, https:\/\/luxm2.com\/wp-content\/uploads\/2021\/04\/Catalonia_0001-1536x1024.jpg 1536w, https:\/\/luxm2.com\/wp-content\/uploads\/2021\/04\/Catalonia_0001.jpg 1600w\" sizes=\"(max-width: 300px) 100vw, 300px\" \/>A menudo nos preguntan: \u00bfpor qu\u00e9 en Espa\u00f1a tan grande y diferente, Catalu\u00f1a en particular deber\u00eda llamar nuestra atenci\u00f3n?<br \/>\nIntentemos resolverlo&#x1f60a;.<\/p>\n<p>Seg\u00fan informaci\u00f3n oficial, Catalu\u00f1a es una comunidad aut\u00f3noma del noreste de la Pen\u00ednsula Ib\u00e9rica, que forma parte del Reino de Espa\u00f1a (adem\u00e1s de Catalu\u00f1a, tambi\u00e9n incluye otras 16 comunidades aut\u00f3nomas y 2 ciudades aut\u00f3nomas ubicadas en la costa norte de \u00c1frica).<br \/>\nAl norte, Catalu\u00f1a limita con Francia y Andorra, al oeste &#8211; con Arag\u00f3n, al sur &#8211; con Valencia. En el este, Catalu\u00f1a es ba\u00f1ada por las suaves olas del azul del Mediterr\u00e1neo. Catalu\u00f1a est\u00e1 dividida en 4 provincias: Barcelona en el centro, Tarragona en el sur, Lleida (L\u00e9rida en Castellano) en el oeste y Girona en el noreste.<\/p>\n<p>En t\u00e9rminos de superficie ocupada, Catalu\u00f1a ocupa el sexto lugar entre otras comunidades aut\u00f3nomas, pero en t\u00e9rminos de PIB anual, Catalu\u00f1a ocupa el segundo lugar, solo ligeramente por detr\u00e1s de la ciudad-estado de Madrid (datos de 2019, a\u00f1o \u00abpre-COVID\u00bb).<\/p>\n<p>Dejando a un lado las estad\u00edsticas secas, \u00bfqu\u00e9 significa esto para los turistas o compradores de vivienda? Catalu\u00f1a es una de las regiones m\u00e1s ricas de Espa\u00f1a, y eso lo dice todo.<\/p>\n<p>De hecho, Catalu\u00f1a lo tiene todo. Y este es un motivo de orgullo importante entre los catalanes. Intentemos enumerar lo que hay en Catalu\u00f1a.<\/p>\n<h5><strong>***<\/strong><\/h5>\n<p style=\"text-align: left;\"><a href=\"https:\/\/luxm2.com\/wp-content\/uploads\/2021\/04\/Catalonia_0002.jpg\" target=\"_blank\" rel=\"noopener\"><img decoding=\"async\" class=\"alignleft wp-image-91573 size-full\" src=\"https:\/\/luxm2.com\/wp-content\/uploads\/2021\/04\/Catalonia_0002.jpg\" alt=\"Catalu\u00f1a en miniatura\" width=\"1600\" height=\"1067\" srcset=\"https:\/\/luxm2.com\/wp-content\/uploads\/2021\/04\/Catalonia_0002.jpg 1600w, https:\/\/luxm2.com\/wp-content\/uploads\/2021\/04\/Catalonia_0002-300x200.jpg 300w, https:\/\/luxm2.com\/wp-content\/uploads\/2021\/04\/Catalonia_0002-1024x683.jpg 1024w, https:\/\/luxm2.com\/wp-content\/uploads\/2021\/04\/Catalonia_0002-768x512.jpg 768w, https:\/\/luxm2.com\/wp-content\/uploads\/2021\/04\/Catalonia_0002-1536x1024.jpg 1536w\" sizes=\"(max-width: 1600px) 100vw, 1600px\" \/><\/a><\/p>\n<p>Barcelona, la capital de Catalu\u00f1a &#8211; la segunda ciudad del reino espa\u00f1ol despu\u00e9s de Madrid &#8211; es una verdadera perla de la industria del turismo, un centro del modernismo reconocido internacionalmente, siempre hace buen tiempo, reina el buen humor en las calles, y una sensaci\u00f3n de incre\u00edble ligereza y libertad se instala en el alma. En tan solo unas horas desde aqu\u00ed se puede llegar en tren de alta velocidad a Madrid, Valencia, Par\u00eds. Desde el aeropuerto de Barcelona puedes volar a casi cualquier pa\u00eds del mundo. Barcelona tambi\u00e9n recibe el mayor n\u00famero de turistas de Europa, que llegan aqu\u00ed en cruceros blancos como la nieve. Los m\u00e9dicos de prestigiosos hospitales de Barcelona, reconocidos por su excelente nivel de atenci\u00f3n m\u00e9dica, han realizado importantes avances en el diagn\u00f3stico y tratamiento de numerosas enfermedades, incluido el c\u00e1ncer. Barcelona es el hogar de muchas empresas de alta tecnolog\u00eda, tanto locales como internacionales.<\/p>\n<h5><strong>***<\/strong><\/h5>\n<p><a href=\"https:\/\/luxm2.com\/wp-content\/uploads\/2021\/04\/Catalonia_0007.jpg\" target=\"_blank\" rel=\"noopener\"><img decoding=\"async\" class=\"alignleft wp-image-91605 size-full\" src=\"https:\/\/luxm2.com\/wp-content\/uploads\/2021\/04\/Catalonia_0007.jpg\" alt=\"Playa de Aro, Catalu\u00f1a\" width=\"1600\" height=\"1067\" srcset=\"https:\/\/luxm2.com\/wp-content\/uploads\/2021\/04\/Catalonia_0007.jpg 1600w, https:\/\/luxm2.com\/wp-content\/uploads\/2021\/04\/Catalonia_0007-300x200.jpg 300w, https:\/\/luxm2.com\/wp-content\/uploads\/2021\/04\/Catalonia_0007-1024x683.jpg 1024w, https:\/\/luxm2.com\/wp-content\/uploads\/2021\/04\/Catalonia_0007-768x512.jpg 768w, https:\/\/luxm2.com\/wp-content\/uploads\/2021\/04\/Catalonia_0007-1536x1024.jpg 1536w\" sizes=\"(max-width: 1600px) 100vw, 1600px\" \/><\/a><br \/>\nEl litoral de Catalu\u00f1a se extiende a lo largo de 700 kil\u00f3metros, de los cuales 340 kil\u00f3metros son playas. S\u00ed, Catalu\u00f1a es famosa por su costa irrepetible y variada.<\/p>\n<p>Por si acaso, te recordaremos d\u00f3nde puedes disfrutar del d\u00eda en la playa:<\/p>\n<p>1. Costa Dorada. Situada en la zona m\u00e1s meridional de la costa catalana, ubicada en la provincia de Tarragona, cuenta con 60 playas. Entre los atractivos especiales se encuentra el famoso parque de atracciones <a href=\"https:\/\/www.portaventuraworld.com\" target=\"_blank\" rel=\"noopener\">Portaventura<\/a> ubicado en la ciudad de Salou.<\/p>\n<p>2. Costa del Garraf: ubicada entre la Costa Dorada y Barcelona, hay 20 playas para elegir. A pesar de que la corona de la playa m\u00e1s grande (4,8 kil\u00f3metros) pertenece a la ciudad de Castelldefels, la ciudad m\u00e1s atractiva y cuidada de Sitges es considerada la capital de esta costa.<\/p>\n<p>3. Costa del Maresme &#8211; comienza a pocos kil\u00f3metros al norte de Barcelona, tiene 49 playas de arena. La capital de la costa es la ciudad de Matar\u00f3. Se cree que esta costa es m\u00e1s popular entre la poblaci\u00f3n local debido a la relativa proximidad a Barcelona y la conveniencia de la comunicaci\u00f3n: hay una l\u00ednea de ferrocarril a lo largo de toda la costa.<\/p>\n<p>4. Costa Brava &#8211; un tesoro insuperable de Catalu\u00f1a, comienza en la ciudad de Blanes y se extiende hasta la frontera francesa. Las escarpadas costas rocosas est\u00e1n salpicadas de calas solitarias e incomparables <a href=\"https:\/\/luxm2.com\/es\/2015-03-27-playas-de-playa-de-aro\/\" target=\"_blank\" rel=\"noopener\">playas de arena<\/a>. La relativa inaccesibilidad (no hay conexi\u00f3n ferroviaria en la Costa Brava) y el terreno rocoso permitieron mantener muchas bah\u00edas y playas en su estado original. Y ahora tenemos la oportunidad de disfrutar de la pureza del agua y del impresionante paisaje de esta costa.<\/p>\n<h5><strong>***<\/strong><\/h5>\n<p>Si de repente no tienes ganas de ba\u00f1arte, \u00bfpor qu\u00e9 no ir a la monta\u00f1a a dar un <a href=\"https:\/\/luxm2.com\/es\/2017-08-26-vall-de-nuria-en-el-verano\/\" target=\"_blank\" rel=\"noopener\">paseo en verano<\/a> o practicar esqu\u00ed alpino en invierno? Situados en el Pirineo, en el norte de Catalu\u00f1a, te esperan numerosas estaciones de esqu\u00ed como <a href=\"https:\/\/www.lamolina.cat\" target=\"_blank\" rel=\"noopener\">La Molina<\/a> o <a href=\"https:\/\/www.baqueira.es\/\" target=\"_blank\" rel=\"noopener\">Baqueira Beret<\/a>.<\/p>\n<h5><strong>***<\/strong><\/h5>\n<p><a href=\"https:\/\/luxm2.com\/wp-content\/uploads\/2021\/04\/Catalonia_0004.jpg\" target=\"_blank\" rel=\"noopener\"><img decoding=\"async\" class=\"alignleft wp-image-91583 size-full\" src=\"https:\/\/luxm2.com\/wp-content\/uploads\/2021\/04\/Catalonia_0004.jpg\" alt=\"\" width=\"1600\" height=\"1067\" srcset=\"https:\/\/luxm2.com\/wp-content\/uploads\/2021\/04\/Catalonia_0004.jpg 1600w, https:\/\/luxm2.com\/wp-content\/uploads\/2021\/04\/Catalonia_0004-300x200.jpg 300w, https:\/\/luxm2.com\/wp-content\/uploads\/2021\/04\/Catalonia_0004-1024x683.jpg 1024w, https:\/\/luxm2.com\/wp-content\/uploads\/2021\/04\/Catalonia_0004-768x512.jpg 768w, https:\/\/luxm2.com\/wp-content\/uploads\/2021\/04\/Catalonia_0004-1536x1024.jpg 1536w\" sizes=\"(max-width: 1600px) 100vw, 1600px\" \/><\/a><br \/>\nLa zona de la Val d&#8217;Aran, situada en el noroeste de Catalu\u00f1a, es famosa por sus pintorescos valles con el aire m\u00e1s limpio y las laderas de las monta\u00f1as, donde pastan numerosos reba\u00f1os de vacas que dan la leche m\u00e1s sabrosa y los filetes m\u00e1s deliciosos. Si eres un fan\u00e1tico de la fotograf\u00eda de paisajes, evita viajar a la Val d&#8217;Aran, de lo contrario te arriesgas a quedarte mucho tiempo all\u00ed.<\/p>\n<h5><strong>***<\/strong><\/h5>\n<p>Desde que empezamos a hablar de diferentes manjares, entonces &#8230; Aqu\u00ed, quiz\u00e1s, ser\u00eda mejor parar, pero es absolutamente imposible hacer esto. Cocina catalana. Mmm&#8230; Puedes hablar todo el tiempo que quieras de lo sabrosa y saludable que es la dieta mediterr\u00e1nea, de cu\u00e1ntos restaurantes con estrella Michelin hay en Catalu\u00f1a; con qu\u00e9 sencillez y al mismo tiempo con qu\u00e9 gracia los chefs catalanes combinan los m\u00e1s frescos mariscos y carnes arom\u00e1ticas (la llamada combinaci\u00f3n de mar i muntanya). Y s\u00ed, en respuesta a la famosa paella valenciana en Catalu\u00f1a, hay un plato igualmente famoso: \u00a1la fideu\u00e1!<\/p>\n<h5><strong>***<\/strong><\/h5>\n<p><a href=\"https:\/\/luxm2.com\/wp-content\/uploads\/2021\/04\/Catalonia_0005.jpg\" target=\"_blank\" rel=\"noopener\"><img decoding=\"async\" class=\"alignleft wp-image-91588 size-full\" src=\"https:\/\/luxm2.com\/wp-content\/uploads\/2021\/04\/Catalonia_0005.jpg\" alt=\"\" width=\"1600\" height=\"1067\" srcset=\"https:\/\/luxm2.com\/wp-content\/uploads\/2021\/04\/Catalonia_0005.jpg 1600w, https:\/\/luxm2.com\/wp-content\/uploads\/2021\/04\/Catalonia_0005-300x200.jpg 300w, https:\/\/luxm2.com\/wp-content\/uploads\/2021\/04\/Catalonia_0005-1024x683.jpg 1024w, https:\/\/luxm2.com\/wp-content\/uploads\/2021\/04\/Catalonia_0005-768x512.jpg 768w, https:\/\/luxm2.com\/wp-content\/uploads\/2021\/04\/Catalonia_0005-1536x1024.jpg 1536w\" sizes=\"(max-width: 1600px) 100vw, 1600px\" \/><\/a><br \/>\n\u00bfTe gustan las ostras frescas? Puedes elegir entre el Delta del Ebro en el sur de Catalu\u00f1a o el puerto franc\u00e9s de <a href=\"https:\/\/luxm2.com\/es\/2016-04-21-ostras-en-leucate-francia\/\" target=\"_blank\" rel=\"noopener\">Leucate<\/a> cerca de la frontera de Espa\u00f1a y Francia en el norte de Catalu\u00f1a.<\/p>\n<h5><strong>***<\/strong><\/h5>\n<p>\u00bfC\u00f3mo se puede hablar de una buena comida o cena sin una copa de buen vino? En Catalu\u00f1a encontrar\u00e1s muchas bodegas cuyos productos decorar\u00e1n tu mesa con dignidad. \u00a1Y en Catalu\u00f1a se produce y exporta m\u00e1s cava que champ\u00e1n en Francia!<\/p>\n<h5><strong>***<\/strong><\/h5>\n<p><a href=\"https:\/\/luxm2.com\/wp-content\/uploads\/2021\/04\/Catalonia_0006.jpg\" target=\"_blank\" rel=\"noopener\"><img decoding=\"async\" class=\"alignleft wp-image-91593 size-full\" src=\"https:\/\/luxm2.com\/wp-content\/uploads\/2021\/04\/Catalonia_0006.jpg\" alt=\"Perelada, Catalu\u00f1a\" width=\"1600\" height=\"1067\" srcset=\"https:\/\/luxm2.com\/wp-content\/uploads\/2021\/04\/Catalonia_0006.jpg 1600w, https:\/\/luxm2.com\/wp-content\/uploads\/2021\/04\/Catalonia_0006-300x200.jpg 300w, https:\/\/luxm2.com\/wp-content\/uploads\/2021\/04\/Catalonia_0006-1024x683.jpg 1024w, https:\/\/luxm2.com\/wp-content\/uploads\/2021\/04\/Catalonia_0006-768x512.jpg 768w, https:\/\/luxm2.com\/wp-content\/uploads\/2021\/04\/Catalonia_0006-1536x1024.jpg 1536w\" sizes=\"(max-width: 1600px) 100vw, 1600px\" \/><\/a><br \/>\nCatalu\u00f1a est\u00e1 francamente repleta de lugares de inter\u00e9s hist\u00f3rico. Fue visitado por \u00e1rabes, piratas fenicios, caballeros templarios. Ocupando una posici\u00f3n estrat\u00e9gicamente importante entre Espa\u00f1a y Francia, esta regi\u00f3n se ha convertido en el escenario de numerosas guerras y batallas sangrientas. Desde aquella \u00e9poca, una incre\u00edble cantidad de castillos y <a href=\"https:\/\/luxm2.com\/es\/2015-05-02-castillo-de-san-fernando-de-figueres\/\" target=\"_blank\" rel=\"noopener\">fortalezas<\/a> se han esparcido por toda Catalu\u00f1a, y los lugare\u00f1os mantienen con amor y cuidado un aut\u00e9ntico ambiente medieval en <a href=\"https:\/\/luxm2.com\/es\/2014-11-16-peratallada\/\" target=\"_blank\" rel=\"noopener\">pueblos antiguos<\/a> bellamente conservados, muchos de los cuales fueron fundados hace m\u00e1s de 10 siglos.<\/p>\n<h5><strong>***<\/strong><\/h5>\n<p>Hablando de lugares de inter\u00e9s, es absolutamente imposible no mencionar a los hijos brillantes de fama mundial del pueblo catal\u00e1n, como <a href=\"https:\/\/luxm2.com\/es\/2019-09-10-casa-museo-salvador-dali-en-port-lligat\/\" target=\"_blank\" rel=\"noopener\">Salvador Dali<\/a> o <a href=\"https:\/\/luxm2.com\/es\/2018-08-22-jardines-de-can-artigas\/\" target=\"_blank\" rel=\"noopener\">Antoni Gaud\u00ed<\/a>. Su numeroso patrimonio art\u00edstico se extiende por toda Catalu\u00f1a, \u00a1no se puede ver todo en un d\u00eda!<\/p>\n<h5><strong>***<\/strong><\/h5>\n<p>Catalu\u00f1a es un verdadero para\u00edso para los amantes del deporte y la salud. Adem\u00e1s de todo tipo de deportes n\u00e1uticos y del ya mencionado esqu\u00ed alpino, podr\u00e1s disfrutar del golf, tenis, deportes ecuestres, moto, bicicleta, paracaidismo y parapente, pesca, f\u00fatbol, voleibol y mucho, mucho m\u00e1s.<\/p>\n<h5><strong>***<\/strong><\/h5>\n<p>Casi nos olvidamos del magn\u00edfico clima templado y la ecolog\u00eda.<\/p>\n<h5><strong>***<\/strong><\/h5>\n<p>Podemos hablar de Catalu\u00f1a con ilusi\u00f3n y durante mucho tiempo. Pero ya hemos superado el nivel aceptable de palabras, que, seg\u00fan Google, puede ser percibido por el lector moderno. Como dice el conocido proverbio, es mejor ver una vez que o\u00edr cien veces. Por eso, te sugerimos que veas una peque\u00f1a presentaci\u00f3n de diapositivas en la que intentamos recopilar las fotograf\u00edas m\u00e1s bonitas de Catalu\u00f1a.<\/p>\n<p><iframe loading=\"lazy\" title=\"Catalonia the beautiful\" width=\"1170\" height=\"658\" src=\"https:\/\/www.youtube.com\/embed\/b2KoPrq8_Ys?feature=oembed\" frameborder=\"0\" allow=\"accelerometer; autoplay; clipboard-write; encrypted-media; gyroscope; picture-in-picture\" allowfullscreen><\/iframe><\/p>\n<h5><strong>***<\/strong><\/h5>\n<p>Y no olvides admirar la belleza de nuestra costa en la <a href=\"https:\/\/luxm2.com\/es\/video\/\" target=\"_blank\" rel=\"noopener\">p\u00e1gina de videos<\/a>.<\/p>\n<p>Si logramos convencerlo, \u00a1estamos esperando su llamada!<\/p>\n","protected":false},"excerpt":{"rendered":"<p>A menudo nos preguntan: \u00bfpor qu\u00e9 en Espa\u00f1a tan grande y diferente, Catalu\u00f1a en particular deber\u00eda llamar nuestra atenci\u00f3n? Intentemos resolverlo&#x1f60a;. Seg\u00fan informaci\u00f3n oficial, Catalu\u00f1a es una comunidad aut\u00f3noma del noreste de la Pen\u00ednsula Ib\u00e9rica, que forma parte del Reino de Espa\u00f1a (adem\u00e1s de Catalu\u00f1a, tambi\u00e9n incluye otras 16 comunidades aut\u00f3nomas y 2 ciudades aut\u00f3nomas [&hellip;]<\/p>\n","protected":false},"author":1,"featured_media":0,"parent":0,"menu_order":0,"comment_status":"closed","ping_status":"closed","template":"","meta":{"footnotes":""},"class_list":["post-91620","page","type-page","status-publish","hentry"],"acf":[],"yoast_head":"<!-- This site is optimized with the Yoast SEO plugin v27.3 - https:\/\/yoast.com\/product\/yoast-seo-wordpress\/ -->\n<title>M2 Lux - Catalu\u00f1a, una comunidad aut\u00f3noma dentro de Espa\u00f1a.<\/title>\n<meta name=\"description\" content=\"Catalu\u00f1a es una comunidad aut\u00f3noma dentro del Reino de Espa\u00f1a. Presentamos a su atenci\u00f3n una historia sobre esta maravillosa regi\u00f3n.\" \/>\n<meta name=\"robots\" content=\"index, follow, max-snippet:-1, max-image-preview:large, max-video-preview:-1\" \/>\n<link rel=\"canonical\" href=\"https:\/\/luxm2.com\/es\/cataluna\/\" \/>\n<meta property=\"og:locale\" content=\"es_ES\" \/>\n<meta property=\"og:type\" content=\"article\" \/>\n<meta property=\"og:title\" content=\"M2 Lux - Catalu\u00f1a, una comunidad aut\u00f3noma dentro de Espa\u00f1a.\" \/>\n<meta property=\"og:description\" content=\"Catalu\u00f1a es una comunidad aut\u00f3noma dentro del Reino de Espa\u00f1a. Presentamos a su atenci\u00f3n una historia sobre esta maravillosa regi\u00f3n.\" \/>\n<meta property=\"og:url\" content=\"https:\/\/luxm2.com\/es\/cataluna\/\" \/>\n<meta property=\"og:site_name\" content=\"M2 Lux\" \/>\n<meta property=\"article:publisher\" content=\"https:\/\/www.facebook.com\/luxm2\/?hc_ref=ARQm5M0UOH26I3A0w4V9JnxdLbywuIk19cmpkoZdQL5sdrhr4Kl4cGjwLW9M9U-wKig&amp;amp%3bamp%3bamp%3bamp%3bamp%3bamp%3bamp%3bamp%3bamp%3bamp%3bamp%3bamp%3bamp%3bamp%3bamp%3bamp%3bamp%3bamp%3bamp%3bamp%3bamp%3bamp%3bamp%3bamp%3bamp%3bamp%3bamp%3bamp%3bamp%3bamp%3bamp%3bamp%3bamp%3bamp%3bamp%3bamp%3bamp%3bamp%3bfref=nf\" \/>\n<meta property=\"article:modified_time\" content=\"2022-02-24T15:27:21+00:00\" \/>\n<meta property=\"og:image\" content=\"https:\/\/luxm2.com\/wp-content\/uploads\/2021\/04\/Catalonia_0002.jpg\" \/>\n<meta name=\"twitter:card\" content=\"summary_large_image\" \/>\n<meta name=\"twitter:label1\" content=\"Tiempo de lectura\" \/>\n\t<meta name=\"twitter:data1\" content=\"7 minutos\" \/>\n<script type=\"application\/ld+json\" class=\"yoast-schema-graph\">{\"@context\":\"https:\\\/\\\/schema.org\",\"@graph\":[{\"@type\":\"WebPage\",\"@id\":\"https:\\\/\\\/luxm2.com\\\/es\\\/cataluna\\\/\",\"url\":\"https:\\\/\\\/luxm2.com\\\/es\\\/cataluna\\\/\",\"name\":\"M2 Lux - Catalu\u00f1a, una comunidad aut\u00f3noma dentro de Espa\u00f1a.\",\"isPartOf\":{\"@id\":\"https:\\\/\\\/luxm2.com\\\/es\\\/#website\"},\"primaryImageOfPage\":{\"@id\":\"https:\\\/\\\/luxm2.com\\\/es\\\/cataluna\\\/#primaryimage\"},\"image\":{\"@id\":\"https:\\\/\\\/luxm2.com\\\/es\\\/cataluna\\\/#primaryimage\"},\"thumbnailUrl\":\"https:\\\/\\\/luxm2.com\\\/wp-content\\\/uploads\\\/2021\\\/04\\\/Catalonia_0001-300x200.jpg\",\"datePublished\":\"2021-04-26T14:18:10+00:00\",\"dateModified\":\"2022-02-24T15:27:21+00:00\",\"description\":\"Catalu\u00f1a es una comunidad aut\u00f3noma dentro del Reino de Espa\u00f1a. Presentamos a su atenci\u00f3n una historia sobre esta maravillosa regi\u00f3n.\",\"breadcrumb\":{\"@id\":\"https:\\\/\\\/luxm2.com\\\/es\\\/cataluna\\\/#breadcrumb\"},\"inLanguage\":\"es\",\"potentialAction\":[{\"@type\":\"ReadAction\",\"target\":[\"https:\\\/\\\/luxm2.com\\\/es\\\/cataluna\\\/\"]}]},{\"@type\":\"ImageObject\",\"inLanguage\":\"es\",\"@id\":\"https:\\\/\\\/luxm2.com\\\/es\\\/cataluna\\\/#primaryimage\",\"url\":\"https:\\\/\\\/luxm2.com\\\/wp-content\\\/uploads\\\/2021\\\/04\\\/Catalonia_0001-300x200.jpg\",\"contentUrl\":\"https:\\\/\\\/luxm2.com\\\/wp-content\\\/uploads\\\/2021\\\/04\\\/Catalonia_0001-300x200.jpg\"},{\"@type\":\"BreadcrumbList\",\"@id\":\"https:\\\/\\\/luxm2.com\\\/es\\\/cataluna\\\/#breadcrumb\",\"itemListElement\":[{\"@type\":\"ListItem\",\"position\":1,\"name\":\"Home\",\"item\":\"https:\\\/\\\/luxm2.com\\\/es\\\/\"},{\"@type\":\"ListItem\",\"position\":2,\"name\":\"Catalu\u00f1a\"}]},{\"@type\":\"WebSite\",\"@id\":\"https:\\\/\\\/luxm2.com\\\/es\\\/#website\",\"url\":\"https:\\\/\\\/luxm2.com\\\/es\\\/\",\"name\":\"M2 Lux\",\"description\":\"M2 Lux Real Estate Agency\",\"publisher\":{\"@id\":\"https:\\\/\\\/luxm2.com\\\/es\\\/#organization\"},\"potentialAction\":[{\"@type\":\"SearchAction\",\"target\":{\"@type\":\"EntryPoint\",\"urlTemplate\":\"https:\\\/\\\/luxm2.com\\\/es\\\/?s={search_term_string}\"},\"query-input\":{\"@type\":\"PropertyValueSpecification\",\"valueRequired\":true,\"valueName\":\"search_term_string\"}}],\"inLanguage\":\"es\"},{\"@type\":\"Organization\",\"@id\":\"https:\\\/\\\/luxm2.com\\\/es\\\/#organization\",\"name\":\"Brokerage & Consulting M2 Lux S.L.\",\"url\":\"https:\\\/\\\/luxm2.com\\\/es\\\/\",\"logo\":{\"@type\":\"ImageObject\",\"inLanguage\":\"es\",\"@id\":\"https:\\\/\\\/luxm2.com\\\/es\\\/#\\\/schema\\\/logo\\\/image\\\/\",\"url\":\"https:\\\/\\\/luxm2.com\\\/wp-content\\\/uploads\\\/2017\\\/08\\\/LUX-M2-without-border-500.jpg\",\"contentUrl\":\"https:\\\/\\\/luxm2.com\\\/wp-content\\\/uploads\\\/2017\\\/08\\\/LUX-M2-without-border-500.jpg\",\"width\":500,\"height\":500,\"caption\":\"Brokerage & Consulting M2 Lux S.L.\"},\"image\":{\"@id\":\"https:\\\/\\\/luxm2.com\\\/es\\\/#\\\/schema\\\/logo\\\/image\\\/\"},\"sameAs\":[\"https:\\\/\\\/www.facebook.com\\\/luxm2\\\/?hc_ref=ARQm5M0UOH26I3A0w4V9JnxdLbywuIk19cmpkoZdQL5sdrhr4Kl4cGjwLW9M9U-wKig&amp;amp;amp;amp;amp;amp;amp;amp;amp;amp;amp;amp;amp;amp;amp;amp;amp;amp;amp;amp;amp;amp;amp;amp;amp;amp;amp;amp;amp;amp;amp;amp;amp;amp;amp;amp;amp;amp;fref=nf\",\"https:\\\/\\\/www.instagram.com\\\/m2luxspain\\\/\",\"https:\\\/\\\/www.pinterest.es\\\/m2luximmo\\\/\"]}]}<\/script>\n<!-- \/ Yoast SEO plugin. -->","yoast_head_json":{"title":"M2 Lux - Catalu\u00f1a, una comunidad aut\u00f3noma dentro de Espa\u00f1a.","description":"Catalu\u00f1a es una comunidad aut\u00f3noma dentro del Reino de Espa\u00f1a. Presentamos a su atenci\u00f3n una historia sobre esta maravillosa regi\u00f3n.","robots":{"index":"index","follow":"follow","max-snippet":"max-snippet:-1","max-image-preview":"max-image-preview:large","max-video-preview":"max-video-preview:-1"},"canonical":"https:\/\/luxm2.com\/es\/cataluna\/","og_locale":"es_ES","og_type":"article","og_title":"M2 Lux - Catalu\u00f1a, una comunidad aut\u00f3noma dentro de Espa\u00f1a.","og_description":"Catalu\u00f1a es una comunidad aut\u00f3noma dentro del Reino de Espa\u00f1a. Presentamos a su atenci\u00f3n una historia sobre esta maravillosa regi\u00f3n.","og_url":"https:\/\/luxm2.com\/es\/cataluna\/","og_site_name":"M2 Lux","article_publisher":"https:\/\/www.facebook.com\/luxm2\/?hc_ref=ARQm5M0UOH26I3A0w4V9JnxdLbywuIk19cmpkoZdQL5sdrhr4Kl4cGjwLW9M9U-wKig&amp%3bamp%3bamp%3bamp%3bamp%3bamp%3bamp%3bamp%3bamp%3bamp%3bamp%3bamp%3bamp%3bamp%3bamp%3bamp%3bamp%3bamp%3bamp%3bamp%3bamp%3bamp%3bamp%3bamp%3bamp%3bamp%3bamp%3bamp%3bamp%3bamp%3bamp%3bamp%3bamp%3bamp%3bamp%3bamp%3bamp%3bamp%3bfref=nf","article_modified_time":"2022-02-24T15:27:21+00:00","og_image":[{"url":"https:\/\/luxm2.com\/wp-content\/uploads\/2021\/04\/Catalonia_0002.jpg","type":"","width":"","height":""}],"twitter_card":"summary_large_image","twitter_misc":{"Tiempo de lectura":"7 minutos"},"schema":{"@context":"https:\/\/schema.org","@graph":[{"@type":"WebPage","@id":"https:\/\/luxm2.com\/es\/cataluna\/","url":"https:\/\/luxm2.com\/es\/cataluna\/","name":"M2 Lux - Catalu\u00f1a, una comunidad aut\u00f3noma dentro de Espa\u00f1a.","isPartOf":{"@id":"https:\/\/luxm2.com\/es\/#website"},"primaryImageOfPage":{"@id":"https:\/\/luxm2.com\/es\/cataluna\/#primaryimage"},"image":{"@id":"https:\/\/luxm2.com\/es\/cataluna\/#primaryimage"},"thumbnailUrl":"https:\/\/luxm2.com\/wp-content\/uploads\/2021\/04\/Catalonia_0001-300x200.jpg","datePublished":"2021-04-26T14:18:10+00:00","dateModified":"2022-02-24T15:27:21+00:00","description":"Catalu\u00f1a es una comunidad aut\u00f3noma dentro del Reino de Espa\u00f1a. Presentamos a su atenci\u00f3n una historia sobre esta maravillosa regi\u00f3n.","breadcrumb":{"@id":"https:\/\/luxm2.com\/es\/cataluna\/#breadcrumb"},"inLanguage":"es","potentialAction":[{"@type":"ReadAction","target":["https:\/\/luxm2.com\/es\/cataluna\/"]}]},{"@type":"ImageObject","inLanguage":"es","@id":"https:\/\/luxm2.com\/es\/cataluna\/#primaryimage","url":"https:\/\/luxm2.com\/wp-content\/uploads\/2021\/04\/Catalonia_0001-300x200.jpg","contentUrl":"https:\/\/luxm2.com\/wp-content\/uploads\/2021\/04\/Catalonia_0001-300x200.jpg"},{"@type":"BreadcrumbList","@id":"https:\/\/luxm2.com\/es\/cataluna\/#breadcrumb","itemListElement":[{"@type":"ListItem","position":1,"name":"Home","item":"https:\/\/luxm2.com\/es\/"},{"@type":"ListItem","position":2,"name":"Catalu\u00f1a"}]},{"@type":"WebSite","@id":"https:\/\/luxm2.com\/es\/#website","url":"https:\/\/luxm2.com\/es\/","name":"M2 Lux","description":"M2 Lux Real Estate Agency","publisher":{"@id":"https:\/\/luxm2.com\/es\/#organization"},"potentialAction":[{"@type":"SearchAction","target":{"@type":"EntryPoint","urlTemplate":"https:\/\/luxm2.com\/es\/?s={search_term_string}"},"query-input":{"@type":"PropertyValueSpecification","valueRequired":true,"valueName":"search_term_string"}}],"inLanguage":"es"},{"@type":"Organization","@id":"https:\/\/luxm2.com\/es\/#organization","name":"Brokerage & Consulting M2 Lux S.L.","url":"https:\/\/luxm2.com\/es\/","logo":{"@type":"ImageObject","inLanguage":"es","@id":"https:\/\/luxm2.com\/es\/#\/schema\/logo\/image\/","url":"https:\/\/luxm2.com\/wp-content\/uploads\/2017\/08\/LUX-M2-without-border-500.jpg","contentUrl":"https:\/\/luxm2.com\/wp-content\/uploads\/2017\/08\/LUX-M2-without-border-500.jpg","width":500,"height":500,"caption":"Brokerage & Consulting M2 Lux S.L."},"image":{"@id":"https:\/\/luxm2.com\/es\/#\/schema\/logo\/image\/"},"sameAs":["https:\/\/www.facebook.com\/luxm2\/?hc_ref=ARQm5M0UOH26I3A0w4V9JnxdLbywuIk19cmpkoZdQL5sdrhr4Kl4cGjwLW9M9U-wKig&amp;amp;amp;amp;amp;amp;amp;amp;amp;amp;amp;amp;amp;amp;amp;amp;amp;amp;amp;amp;amp;amp;amp;amp;amp;amp;amp;amp;amp;amp;amp;amp;amp;amp;amp;amp;amp;amp;fref=nf","https:\/\/www.instagram.com\/m2luxspain\/","https:\/\/www.pinterest.es\/m2luximmo\/"]}]}},"_links":{"self":[{"href":"https:\/\/luxm2.com\/es\/wp-json\/wp\/v2\/pages\/91620","targetHints":{"allow":["GET"]}}],"collection":[{"href":"https:\/\/luxm2.com\/es\/wp-json\/wp\/v2\/pages"}],"about":[{"href":"https:\/\/luxm2.com\/es\/wp-json\/wp\/v2\/types\/page"}],"author":[{"embeddable":true,"href":"https:\/\/luxm2.com\/es\/wp-json\/wp\/v2\/users\/1"}],"replies":[{"embeddable":true,"href":"https:\/\/luxm2.com\/es\/wp-json\/wp\/v2\/comments?post=91620"}],"version-history":[{"count":0,"href":"https:\/\/luxm2.com\/es\/wp-json\/wp\/v2\/pages\/91620\/revisions"}],"wp:attachment":[{"href":"https:\/\/luxm2.com\/es\/wp-json\/wp\/v2\/media?parent=91620"}],"curies":[{"name":"wp","href":"https:\/\/api.w.org\/{rel}","templated":true}]}}