{"id":784,"date":"2016-07-01T09:48:47","date_gmt":"2016-07-01T07:48:47","guid":{"rendered":"http:\/\/luxm2.com\/wordpress?page_id=784"},"modified":"2026-03-11T12:15:56","modified_gmt":"2026-03-11T11:15:56","slug":"home","status":"publish","type":"page","link":"https:\/\/luxm2.com\/es\/","title":{"rendered":"M2 Lux &#8211; Agencia Inmobiliaria"},"content":{"rendered":"<div class=\"wpb-content-wrapper\"><p>[vc_row full_width=\u00bbstretch_row_content_no_spaces\u00bb css=\u00bb.vc_custom_1767023783587{background-position: center !important;background-repeat: no-repeat !important;background-size: cover !important;}\u00bb el_class=\u00bbbanner&#8211;overlay\u00bb][vc_column css=\u00bb.vc_custom_1767023817764{padding-top: 0px !important;background-image: url(https:\/\/luxm2.com\/wp-content\/uploads\/2025\/12\/CalaPlatja-2-resize-min-2.jpg?id=112660) !important;background-position: center !important;background-repeat: no-repeat !important;background-size: cover !important;}\u00bb][cf47rs_section_hero title=\u00bb\u00bfQuiere comprar una casa nueva?\u00bb subtitle=\u00bb\u00a1Ha venido al lugar correcto! Le ofrecemos la mejor selecci\u00f3n de los bienes inmobiliarios de la Costa Brava\u00bb scroll_text=\u00bbDespl\u00e1cese para explorar\u00bb][cf47rs_search_field field_name=\u00bblocation\u00bb][cf47rs_search_field field_name=\u00bbproperty_type\u00bb][cf47rs_search_field field_name=\u00bbarea\u00bb][cf47rs_search_field field_name=\u00bbbedroom\u00bb][cf47rs_search_field field_name=\u00bbprice\u00bb][\/cf47rs_section_hero][\/vc_column][\/vc_row][vc_row full_width=\u00bbstretch_row_content_no_spaces\u00bb][vc_column css=\u00bb.vc_custom_1467988013893{padding-top: 0px !important;}\u00bb][cf47rs_section_property_group title=\u00bbBienes inmobiliarios\u00bb subtitle=\u00bbNuestra base de datos contiene algunas ofertas \u00fanicas e interesantes directamente de los propietarios.\u00bb css=\u00bb.vc_custom_1501605598290{padding-top: 0px !important;}\u00bb][cf47rs_section_property_group_tab title=\u00bbRecientes\u00bb data_max_items=\u00bb6&#8243;][cf47rs_section_property_group_tab title=\u00bbDestacados\u00bb data_type=\u00bbfeatured\u00bb data_max_items=\u00bb6&#8243;][\/cf47rs_section_property_group][\/vc_column][\/vc_row][vc_row full_width=\u00bbstretch_row_content_no_spaces\u00bb css=\u00bb.vc_custom_1467987973009{padding-top: 0px !important;background-color: #ffffff !important;}\u00bb][vc_column css=\u00bb.vc_custom_1467988153317{padding-top: 0px !important;}\u00bb][cf47rs_section_features title=\u00bbNuestra misi\u00f3n\u00bb subtitle=\u00bb\u00bfQuieres comprar o vender, alquilar una casa, villa, piso, apartamento? Trabajamos con bienes inmuebles en las ciudades m\u00e1s populares de la Costa Brava: Blanes, Lloret de Mar, Tossa de Mar, San Feliu de Guixols, S&#8217;Agar\u00f3 (La Gavina), Playa de Aro, Sant Antoni de Calonge, Palam\u00f3s, Begur, L&#8217;Estartit, L&#8217;Escala, Empuriabrava, Roses.\u00bb side_image=\u00bb711&#8243; css=\u00bb.vc_custom_1539598126299{padding-top: 0px !important;}\u00bb][cf47rs_section_features_item label=\u00bbAhorra dinero\u00bb add_icon=\u00bbtrue\u00bb icon_type=\u00bbsvg\u00bb icon_svg=\u00bbsvg-icon svg-icon-money-save\u00bb]Comienza con nuestra base de datos de los mejores inmuebles en Costa Brava &#8211; incluyendo casas en venta, casas en alquiler y casas que no est\u00e9n actualmente en el mercado.[\/cf47rs_section_features_item][cf47rs_section_features_item label=\u00bbBuenas ventas y marketing\u00bb add_icon=\u00bbtrue\u00bb icon_type=\u00bbsvg\u00bb icon_svg=\u00bbsvg-icon svg-icon-good-sales\u00bb]Adem\u00e1s, M2 Lux colabora con las mayores redes de publicidad inmobiliaria y de alquiler en Espa\u00f1a y Rusia.[\/cf47rs_section_features_item][cf47rs_section_features_item label=\u00bbComodidad\u00bb add_icon=\u00bbtrue\u00bb icon_type=\u00bbsvg\u00bb icon_svg=\u00bbsvg-icon svg-icon-comfort\u00bb]Estamos transformando la forma en que los consumidores toman decisiones relacionadas con el hogar y se conectan con profesionales.[\/cf47rs_section_features_item][cf47rs_section_features_item label=\u00bbF\u00c1CIL DE ENCONTRAR\u00bb add_icon=\u00bbtrue\u00bb icon_type=\u00bbsvg\u00bb icon_svg=\u00bbsvg-icon svg-icon-easy\u00bb]Estamos disponibles para reunirse con usted en cualquier lugar conveniente y en cualquier momento conveniente para discutir los detalles de su nuevo hogar![\/cf47rs_section_features_item][\/cf47rs_section_features][\/vc_column][\/vc_row][vc_row full_width=\u00bbstretch_row_content_no_spaces\u00bb disable_element=\u00bbyes\u00bb][vc_column][cf47rs_section_agents title=\u00bbOur agents\u00bb subtitle=\u00bbOur agents are licensed professionals that specialise in searching, evaluating and negotiating the purchase of property on behalf of the buyer. They will sell you real estate. Insights, tips &amp; how-to guides on selling property and preparing your home or investment property for sale and working to maximise your sale price.\u00bb data_max_items=\u00bb4&#8243;][\/vc_column][\/vc_row][vc_row full_width=\u00bbstretch_row_content_no_spaces\u00bb][vc_column][cf47rs_section_posts title=\u00bb\u00daLTIMAS NOTICIAS\u00bb data_max_items=\u00bb6&#8243;][\/vc_column][\/vc_row][vc_row full_width=\u00bbstretch_row_content_no_spaces\u00bb disable_element=\u00bbyes\u00bb css=\u00bb.vc_custom_1501605646075{background-image: url(http:\/\/realtyspace.codefactory47.com\/app\/uploads\/2016\/04\/bg-achievement.jpg?id=136) !important;background-position: center !important;background-repeat: no-repeat !important;background-size: cover !important;}\u00bb][vc_column css=\u00bb.vc_custom_1466700899805{padding-top: 0px !important;padding-bottom: 0px !important;}\u00bb][cf47rs_section_counter][cf47rs_section_counter_item count_to=\u00bb755300&#8243; label=\u00bbTRANSACTIONS\u00bb add_icon=\u00bbtrue\u00bb icon_type=\u00bbsvg\u00bb icon_svg=\u00bbsvg-icon svg-icon-transactions\u00bb][cf47rs_section_counter_item count_to=\u00bb17620&#8243; label=\u00bbSATISFIED CUSTOMERS\u00bb add_icon=\u00bbtrue\u00bb icon_type=\u00bbsvg\u00bb icon_svg=\u00bbsvg-icon svg-icon-customers\u00bb][cf47rs_section_counter_item count_to=\u00bb790&#8243; label=\u00bbAGENCIES\u00bb add_icon=\u00bbtrue\u00bb icon_type=\u00bbsvg\u00bb icon_svg=\u00bbsvg-icon svg-icon-agency\u00bb][cf47rs_section_counter_item count_to=\u00bb1528715&#8243; label=\u00bbSALES &amp; RENTS\u00bb add_icon=\u00bbtrue\u00bb icon_type=\u00bbsvg\u00bb icon_svg=\u00bbsvg-icon svg-icon-sales\u00bb][\/cf47rs_section_counter][\/vc_column][\/vc_row][vc_row full_width=\u00bbstretch_row_content_no_spaces\u00bb disable_element=\u00bbyes\u00bb][vc_column][cf47rs_section_testimonials title=\u00bbTESTIMONIALS\u00bb subtitle=\u00bbINSIGHTS, TIPS &amp; HOW-TO GUIDES ON SELLING PROPERTY AND PREPARING YOUR HOME OR INVESTMENT PROPERTY FOR SALE\u00bb data_max_items=\u00bb5&#8243;][\/vc_column][\/vc_row][vc_row full_width=\u00bbstretch_row_content_no_spaces\u00bb content_placement=\u00bbtop\u00bb disable_element=\u00bbyes\u00bb el_class=\u00bbgosubmit__bg\u00bb css=\u00bb.vc_custom_1501604605123{background: #ffffff url(http:\/\/luxm2.com\/wordpress\/wp-content\/uploads\/2016\/06\/bg-gosubmit.jpg?id=350) !important;}\u00bb][vc_column css=\u00bb.vc_custom_1466701428997{padding-top: 0px !important;background-position: 0 0 !important;background-repeat: no-repeat !important;}\u00bb][cf47rs_section_cta text=\u00bbJTIwJTNDZGl2JTIwY2xhc3MlM0QlMjJnb3N1Ym1pdF9fdGl0bGUlMjIlM0UlMEElMjAlMjAlMjAlMjAlM0NkaXYlMjBjbGFzcyUzRCUyMmdvc3VibWl0X190aXRsZV9fcm93JTIwZ29zdWJtaXRfX3RpdGxlX19yb3ctLWZpcnN0JTIyJTNFJTBBJTIwJTIwJTIwJTIwJTIwJTIwJTIwJTIwTG9va2luZyUyMHRvJTBBJTIwJTIwJTIwJTIwJTNDJTJGZGl2JTNFJTBBJTIwJTIwJTIwJTIwJTNDZGl2JTIwY2xhc3MlM0QlMjJnb3N1Ym1pdF9fdGl0bGVfX3JvdyUyMGdvc3VibWl0X190aXRsZV9fcm93LS1zZWNvbmQlMjIlM0UlMEElMjAlMjAlMjAlMjAlMjAlMjAlMjAlMjAlM0NzcGFuJTIwY2xhc3MlM0QlMjJnb3N1Ym1pdF9fdGl0bGVfX29wdGlvbiUyMiUzRSUwQSUyMCUyMCUyMCUyMCUyMCUyMCUyMCUyMCUyMCUyMCUyMCUyMFNlbGwlMEElMjAlMjAlMjAlMjAlMjAlMjAlMjAlMjAlM0MlMkZzcGFuJTNFJTBBJTIwJTIwJTIwJTIwJTIwJTIwJTIwJTIwb3IlMEElMjAlMjAlMjAlMjAlMjAlMjAlMjAlMjAlM0NzcGFuJTIwY2xhc3MlM0QlMjJnb3N1Ym1pdF9fdGl0bGVfX29wdGlvbiUyMiUzRSUwQSUyMCUyMCUyMCUyMCUyMCUyMCUyMCUyMCUyMCUyMCUyMCUyMFJlbnQlMEElMjAlMjAlMjAlMjAlMjAlMjAlMjAlMjAlM0MlMkZzcGFuJTNFJTBBJTIwJTIwJTIwJTIwJTNDJTJGZGl2JTNFJTBBJTIwJTIwJTIwJTIwJTNDZGl2JTIwY2xhc3MlM0QlMjJnb3N1Ym1pdF9fdGl0bGVfX3JvdyUyMGdvc3VibWl0X190aXRsZV9fcm93LS10aGlyZCUyMiUzRSUwQSUyMCUyMCUyMCUyMCUyMCUyMCUyMCUyMFlvdXIlMjBQcm9wZXJ0eSUzRiUwQSUyMCUyMCUyMCUyMCUzQyUyRmRpdiUzRSUwQSUzQyUyRmRpdiUzRSUwQSUzQ2ElMjBocmVmJTNEJTIyJTJGc3VibWl0LWEtcHJvcGVydHklMkYlMjIlMjBjbGFzcyUzRCUyMmdvc3VibWl0X19idG4lMjIlM0VTdWJtaXQlMjBub3clM0MlMkZhJTNF\u00bb css=\u00bb.vc_custom_1466759385348{background-position: 0 0 !important;background-repeat: no-repeat !important;}\u00bb][\/vc_column][\/vc_row][vc_row full_width=\u00bbstretch_row_content_no_spaces\u00bb][vc_column][cf47rs_section_partners title=\u00bbRecomendamos\u00bb subtitle=\u00bbM2 Lux se enorgullece en representarle los servicios ofrecidos por nuestros socios seleccionados\u00bb data_orderby=\u00bbrand\u00bb data_max_items=\u00bb10&#8243; slides_to_show=\u00bb3&#8243;][\/vc_column][\/vc_row]<\/p>\n<\/div>","protected":false},"excerpt":{"rendered":"<p>[vc_row full_width=\u00bbstretch_row_content_no_spaces\u00bb css=\u00bb.vc_custom_1767023783587{background-position: center !important;background-repeat: no-repeat !important;background-size: cover !important;}\u00bb el_class=\u00bbbanner&#8211;overlay\u00bb][vc_column css=\u00bb.vc_custom_1767023817764{padding-top: 0px !important;background-image: url(https:\/\/luxm2.com\/wp-content\/uploads\/2025\/12\/CalaPlatja-2-resize-min-2.jpg?id=112660) !important;background-position: center !important;background-repeat: no-repeat !important;background-size: cover !important;}\u00bb][cf47rs_section_hero title=\u00bb\u00bfQuiere comprar una casa nueva?\u00bb subtitle=\u00bb\u00a1Ha venido al lugar correcto! Le ofrecemos la mejor selecci\u00f3n de los bienes inmobiliarios de la Costa Brava\u00bb scroll_text=\u00bbDespl\u00e1cese para explorar\u00bb][cf47rs_search_field field_name=\u00bblocation\u00bb][cf47rs_search_field field_name=\u00bbproperty_type\u00bb][cf47rs_search_field field_name=\u00bbarea\u00bb][cf47rs_search_field field_name=\u00bbbedroom\u00bb][cf47rs_search_field field_name=\u00bbprice\u00bb][\/cf47rs_section_hero][\/vc_column][\/vc_row][vc_row full_width=\u00bbstretch_row_content_no_spaces\u00bb][vc_column css=\u00bb.vc_custom_1467988013893{padding-top: 0px [&hellip;]<\/p>\n","protected":false},"author":1,"featured_media":0,"parent":0,"menu_order":0,"comment_status":"closed","ping_status":"closed","template":"page-templates\/template-vc.php","meta":{"footnotes":""},"class_list":["post-784","page","type-page","status-publish","hentry"],"acf":[],"yoast_head":"<!-- This site is optimized with the Yoast SEO plugin v27.3 - https:\/\/yoast.com\/product\/yoast-seo-wordpress\/ -->\n<title>M2 Lux - Agencia inmobiliaria en S&#039;Agar\u00f3, en la Costa Brava.<\/title>\n<meta name=\"description\" content=\"Agencia inmobiliaria M2 Lux le presenta los mejores ejemplos de bienes inmuebles para compra o alquiler en la Costa Brava.\" \/>\n<meta name=\"robots\" content=\"index, follow, max-snippet:-1, max-image-preview:large, max-video-preview:-1\" \/>\n<link rel=\"canonical\" href=\"https:\/\/luxm2.com\/es\/\" \/>\n<meta property=\"og:locale\" content=\"es_ES\" \/>\n<meta property=\"og:type\" content=\"article\" \/>\n<meta property=\"og:title\" content=\"M2 Lux - Agencia inmobiliaria en S&#039;Agar\u00f3, en la Costa Brava.\" \/>\n<meta property=\"og:description\" content=\"Agencia inmobiliaria M2 Lux le presenta los mejores ejemplos de bienes inmuebles para compra o alquiler en la Costa Brava.\" \/>\n<meta property=\"og:url\" content=\"https:\/\/luxm2.com\/es\/\" \/>\n<meta property=\"og:site_name\" content=\"M2 Lux\" \/>\n<meta property=\"article:publisher\" content=\"https:\/\/www.facebook.com\/luxm2\/?hc_ref=ARQm5M0UOH26I3A0w4V9JnxdLbywuIk19cmpkoZdQL5sdrhr4Kl4cGjwLW9M9U-wKig&amp;amp%3bamp%3bamp%3bamp%3bamp%3bamp%3bamp%3bamp%3bamp%3bamp%3bamp%3bamp%3bamp%3bamp%3bamp%3bamp%3bamp%3bamp%3bamp%3bamp%3bamp%3bamp%3bamp%3bamp%3bamp%3bamp%3bamp%3bamp%3bamp%3bamp%3bamp%3bamp%3bamp%3bamp%3bamp%3bamp%3bamp%3bamp%3bfref=nf\" \/>\n<meta property=\"article:modified_time\" content=\"2026-03-11T11:15:56+00:00\" \/>\n<meta name=\"twitter:card\" content=\"summary_large_image\" \/>\n<meta name=\"twitter:label1\" content=\"Tiempo de lectura\" \/>\n\t<meta name=\"twitter:data1\" content=\"3 minutos\" \/>\n<script type=\"application\/ld+json\" class=\"yoast-schema-graph\">{\"@context\":\"https:\\\/\\\/schema.org\",\"@graph\":[{\"@type\":\"WebPage\",\"@id\":\"https:\\\/\\\/luxm2.com\\\/es\\\/\",\"url\":\"https:\\\/\\\/luxm2.com\\\/es\\\/\",\"name\":\"M2 Lux - Agencia inmobiliaria en S'Agar\u00f3, en la Costa Brava.\",\"isPartOf\":{\"@id\":\"https:\\\/\\\/luxm2.com\\\/es\\\/#website\"},\"datePublished\":\"2016-07-01T07:48:47+00:00\",\"dateModified\":\"2026-03-11T11:15:56+00:00\",\"description\":\"Agencia inmobiliaria M2 Lux le presenta los mejores ejemplos de bienes inmuebles para compra o alquiler en la Costa Brava.\",\"breadcrumb\":{\"@id\":\"https:\\\/\\\/luxm2.com\\\/es\\\/#breadcrumb\"},\"inLanguage\":\"es\",\"potentialAction\":[{\"@type\":\"ReadAction\",\"target\":[\"https:\\\/\\\/luxm2.com\\\/es\\\/\"]}]},{\"@type\":\"BreadcrumbList\",\"@id\":\"https:\\\/\\\/luxm2.com\\\/es\\\/#breadcrumb\",\"itemListElement\":[{\"@type\":\"ListItem\",\"position\":1,\"name\":\"Home\",\"item\":\"https:\\\/\\\/luxm2.com\\\/es\\\/\"},{\"@type\":\"ListItem\",\"position\":2,\"name\":\"M2 Lux &#8211; Agencia Inmobiliaria\"}]},{\"@type\":\"WebSite\",\"@id\":\"https:\\\/\\\/luxm2.com\\\/es\\\/#website\",\"url\":\"https:\\\/\\\/luxm2.com\\\/es\\\/\",\"name\":\"M2 Lux\",\"description\":\"M2 Lux Real Estate Agency\",\"publisher\":{\"@id\":\"https:\\\/\\\/luxm2.com\\\/es\\\/#organization\"},\"potentialAction\":[{\"@type\":\"SearchAction\",\"target\":{\"@type\":\"EntryPoint\",\"urlTemplate\":\"https:\\\/\\\/luxm2.com\\\/es\\\/?s={search_term_string}\"},\"query-input\":{\"@type\":\"PropertyValueSpecification\",\"valueRequired\":true,\"valueName\":\"search_term_string\"}}],\"inLanguage\":\"es\"},{\"@type\":\"Organization\",\"@id\":\"https:\\\/\\\/luxm2.com\\\/es\\\/#organization\",\"name\":\"Brokerage & Consulting M2 Lux S.L.\",\"url\":\"https:\\\/\\\/luxm2.com\\\/es\\\/\",\"logo\":{\"@type\":\"ImageObject\",\"inLanguage\":\"es\",\"@id\":\"https:\\\/\\\/luxm2.com\\\/es\\\/#\\\/schema\\\/logo\\\/image\\\/\",\"url\":\"https:\\\/\\\/luxm2.com\\\/wp-content\\\/uploads\\\/2017\\\/08\\\/LUX-M2-without-border-500.jpg\",\"contentUrl\":\"https:\\\/\\\/luxm2.com\\\/wp-content\\\/uploads\\\/2017\\\/08\\\/LUX-M2-without-border-500.jpg\",\"width\":500,\"height\":500,\"caption\":\"Brokerage & Consulting M2 Lux S.L.\"},\"image\":{\"@id\":\"https:\\\/\\\/luxm2.com\\\/es\\\/#\\\/schema\\\/logo\\\/image\\\/\"},\"sameAs\":[\"https:\\\/\\\/www.facebook.com\\\/luxm2\\\/?hc_ref=ARQm5M0UOH26I3A0w4V9JnxdLbywuIk19cmpkoZdQL5sdrhr4Kl4cGjwLW9M9U-wKig&amp;amp;amp;amp;amp;amp;amp;amp;amp;amp;amp;amp;amp;amp;amp;amp;amp;amp;amp;amp;amp;amp;amp;amp;amp;amp;amp;amp;amp;amp;amp;amp;amp;amp;amp;amp;amp;amp;fref=nf\",\"https:\\\/\\\/www.instagram.com\\\/m2luxspain\\\/\",\"https:\\\/\\\/www.pinterest.es\\\/m2luximmo\\\/\"]}]}<\/script>\n<!-- \/ Yoast SEO plugin. -->","yoast_head_json":{"title":"M2 Lux - Agencia inmobiliaria en S'Agar\u00f3, en la Costa Brava.","description":"Agencia inmobiliaria M2 Lux le presenta los mejores ejemplos de bienes inmuebles para compra o alquiler en la Costa Brava.","robots":{"index":"index","follow":"follow","max-snippet":"max-snippet:-1","max-image-preview":"max-image-preview:large","max-video-preview":"max-video-preview:-1"},"canonical":"https:\/\/luxm2.com\/es\/","og_locale":"es_ES","og_type":"article","og_title":"M2 Lux - Agencia inmobiliaria en S'Agar\u00f3, en la Costa Brava.","og_description":"Agencia inmobiliaria M2 Lux le presenta los mejores ejemplos de bienes inmuebles para compra o alquiler en la Costa Brava.","og_url":"https:\/\/luxm2.com\/es\/","og_site_name":"M2 Lux","article_publisher":"https:\/\/www.facebook.com\/luxm2\/?hc_ref=ARQm5M0UOH26I3A0w4V9JnxdLbywuIk19cmpkoZdQL5sdrhr4Kl4cGjwLW9M9U-wKig&amp%3bamp%3bamp%3bamp%3bamp%3bamp%3bamp%3bamp%3bamp%3bamp%3bamp%3bamp%3bamp%3bamp%3bamp%3bamp%3bamp%3bamp%3bamp%3bamp%3bamp%3bamp%3bamp%3bamp%3bamp%3bamp%3bamp%3bamp%3bamp%3bamp%3bamp%3bamp%3bamp%3bamp%3bamp%3bamp%3bamp%3bamp%3bfref=nf","article_modified_time":"2026-03-11T11:15:56+00:00","twitter_card":"summary_large_image","twitter_misc":{"Tiempo de lectura":"3 minutos"},"schema":{"@context":"https:\/\/schema.org","@graph":[{"@type":"WebPage","@id":"https:\/\/luxm2.com\/es\/","url":"https:\/\/luxm2.com\/es\/","name":"M2 Lux - Agencia inmobiliaria en S'Agar\u00f3, en la Costa Brava.","isPartOf":{"@id":"https:\/\/luxm2.com\/es\/#website"},"datePublished":"2016-07-01T07:48:47+00:00","dateModified":"2026-03-11T11:15:56+00:00","description":"Agencia inmobiliaria M2 Lux le presenta los mejores ejemplos de bienes inmuebles para compra o alquiler en la Costa Brava.","breadcrumb":{"@id":"https:\/\/luxm2.com\/es\/#breadcrumb"},"inLanguage":"es","potentialAction":[{"@type":"ReadAction","target":["https:\/\/luxm2.com\/es\/"]}]},{"@type":"BreadcrumbList","@id":"https:\/\/luxm2.com\/es\/#breadcrumb","itemListElement":[{"@type":"ListItem","position":1,"name":"Home","item":"https:\/\/luxm2.com\/es\/"},{"@type":"ListItem","position":2,"name":"M2 Lux &#8211; Agencia Inmobiliaria"}]},{"@type":"WebSite","@id":"https:\/\/luxm2.com\/es\/#website","url":"https:\/\/luxm2.com\/es\/","name":"M2 Lux","description":"M2 Lux Real Estate Agency","publisher":{"@id":"https:\/\/luxm2.com\/es\/#organization"},"potentialAction":[{"@type":"SearchAction","target":{"@type":"EntryPoint","urlTemplate":"https:\/\/luxm2.com\/es\/?s={search_term_string}"},"query-input":{"@type":"PropertyValueSpecification","valueRequired":true,"valueName":"search_term_string"}}],"inLanguage":"es"},{"@type":"Organization","@id":"https:\/\/luxm2.com\/es\/#organization","name":"Brokerage & Consulting M2 Lux S.L.","url":"https:\/\/luxm2.com\/es\/","logo":{"@type":"ImageObject","inLanguage":"es","@id":"https:\/\/luxm2.com\/es\/#\/schema\/logo\/image\/","url":"https:\/\/luxm2.com\/wp-content\/uploads\/2017\/08\/LUX-M2-without-border-500.jpg","contentUrl":"https:\/\/luxm2.com\/wp-content\/uploads\/2017\/08\/LUX-M2-without-border-500.jpg","width":500,"height":500,"caption":"Brokerage & Consulting M2 Lux S.L."},"image":{"@id":"https:\/\/luxm2.com\/es\/#\/schema\/logo\/image\/"},"sameAs":["https:\/\/www.facebook.com\/luxm2\/?hc_ref=ARQm5M0UOH26I3A0w4V9JnxdLbywuIk19cmpkoZdQL5sdrhr4Kl4cGjwLW9M9U-wKig&amp;amp;amp;amp;amp;amp;amp;amp;amp;amp;amp;amp;amp;amp;amp;amp;amp;amp;amp;amp;amp;amp;amp;amp;amp;amp;amp;amp;amp;amp;amp;amp;amp;amp;amp;amp;amp;amp;fref=nf","https:\/\/www.instagram.com\/m2luxspain\/","https:\/\/www.pinterest.es\/m2luximmo\/"]}]}},"_links":{"self":[{"href":"https:\/\/luxm2.com\/es\/wp-json\/wp\/v2\/pages\/784","targetHints":{"allow":["GET"]}}],"collection":[{"href":"https:\/\/luxm2.com\/es\/wp-json\/wp\/v2\/pages"}],"about":[{"href":"https:\/\/luxm2.com\/es\/wp-json\/wp\/v2\/types\/page"}],"author":[{"embeddable":true,"href":"https:\/\/luxm2.com\/es\/wp-json\/wp\/v2\/users\/1"}],"replies":[{"embeddable":true,"href":"https:\/\/luxm2.com\/es\/wp-json\/wp\/v2\/comments?post=784"}],"version-history":[{"count":0,"href":"https:\/\/luxm2.com\/es\/wp-json\/wp\/v2\/pages\/784\/revisions"}],"wp:attachment":[{"href":"https:\/\/luxm2.com\/es\/wp-json\/wp\/v2\/media?parent=784"}],"curies":[{"name":"wp","href":"https:\/\/api.w.org\/{rel}","templated":true}]}}