{"id":1232,"date":"2016-04-18T15:25:28","date_gmt":"2016-04-18T13:25:28","guid":{"rendered":"http:\/\/luxm2.com?page_id=1232"},"modified":"2019-12-23T12:35:07","modified_gmt":"2019-12-23T11:35:07","slug":"contact","status":"publish","type":"page","link":"https:\/\/luxm2.com\/es\/contact\/","title":{"rendered":"Contacto"},"content":{"rendered":"<div class=\"wpb-content-wrapper\"><p>[vc_row][vc_column][vc_column_text]<br \/>\n<strong> Cont\u00e1ctenos para encontrar su nuevo hogar<\/strong><br \/>\n[\/vc_column_text][vc_column_text]<br \/>\nCon una amplia experiencia\u00a0en el \u00e1mbito de la administraci\u00f3n y gesti\u00f3n de propiedades de lujo, incluyendo super-yates para individuos de High Net Worth, decidimos abrir nuestra propia agencia Brokerage &amp; Consulting M2 Lux S.L. para proporcionar el m\u00e1ximo nivel de servicio a nuestros clientes.<br \/>\n[\/vc_column_text][vc_column_text]<br \/>\nPor favor, no dude en ponerse en contacto con nosotros para discutir los detalles de su nuevo hogar!<br \/>\n[\/vc_column_text][vc_column_text]<\/p>\n<div>El n\u00famero oficial en el Registro de Agentes Inmobiliarios de Catalu\u00f1a es 8444.<\/div>\n<div>Brokerage &amp; Consulting M2 Lux S.L.\u00a0es el miembro de la Asociaci\u00f3n de Agentes Inmobiliarios\u00a0(API).<\/div>\n<p>[\/vc_column_text][\/vc_column][\/vc_row]<\/p>\n<\/div>","protected":false},"excerpt":{"rendered":"<p>[vc_row][vc_column][vc_column_text] Cont\u00e1ctenos para encontrar su nuevo hogar [\/vc_column_text][vc_column_text] Con una amplia experiencia\u00a0en el \u00e1mbito de la administraci\u00f3n y gesti\u00f3n de propiedades de lujo, incluyendo super-yates para individuos de High Net Worth, decidimos abrir nuestra propia agencia Brokerage &amp; Consulting M2 Lux S.L. para proporcionar el m\u00e1ximo nivel de servicio a nuestros clientes. [\/vc_column_text][vc_column_text] Por favor, [&hellip;]<\/p>\n","protected":false},"author":1,"featured_media":0,"parent":0,"menu_order":0,"comment_status":"closed","ping_status":"closed","template":"page-templates\/template-page-contact.php","meta":{"footnotes":""},"class_list":["post-1232","page","type-page","status-publish","hentry"],"acf":[],"yoast_head":"<!-- This site is optimized with the Yoast SEO plugin v27.3 - https:\/\/yoast.com\/product\/yoast-seo-wordpress\/ -->\n<title>Contacto - M2 Lux<\/title>\n<meta name=\"robots\" content=\"index, follow, max-snippet:-1, max-image-preview:large, max-video-preview:-1\" \/>\n<link rel=\"canonical\" href=\"https:\/\/luxm2.com\/es\/contact\/\" \/>\n<meta property=\"og:locale\" content=\"es_ES\" \/>\n<meta property=\"og:type\" content=\"article\" \/>\n<meta property=\"og:title\" content=\"Contacto - M2 Lux\" \/>\n<meta property=\"og:description\" content=\"[vc_row][vc_column][vc_column_text] Cont\u00e1ctenos para encontrar su nuevo hogar [\/vc_column_text][vc_column_text] Con una amplia experiencia\u00a0en el \u00e1mbito de la administraci\u00f3n y gesti\u00f3n de propiedades de lujo, incluyendo super-yates para individuos de High Net Worth, decidimos abrir nuestra propia agencia Brokerage &amp; Consulting M2 Lux S.L. para proporcionar el m\u00e1ximo nivel de servicio a nuestros clientes. [\/vc_column_text][vc_column_text] Por favor, [&hellip;]\" \/>\n<meta property=\"og:url\" content=\"https:\/\/luxm2.com\/es\/contact\/\" \/>\n<meta property=\"og:site_name\" content=\"M2 Lux\" \/>\n<meta property=\"article:publisher\" content=\"https:\/\/www.facebook.com\/luxm2\/?hc_ref=ARQm5M0UOH26I3A0w4V9JnxdLbywuIk19cmpkoZdQL5sdrhr4Kl4cGjwLW9M9U-wKig&amp;amp%3bamp%3bamp%3bamp%3bamp%3bamp%3bamp%3bamp%3bamp%3bamp%3bamp%3bamp%3bamp%3bamp%3bamp%3bamp%3bamp%3bamp%3bamp%3bamp%3bamp%3bamp%3bamp%3bamp%3bamp%3bamp%3bamp%3bamp%3bamp%3bamp%3bamp%3bamp%3bamp%3bamp%3bamp%3bamp%3bamp%3bamp%3bfref=nf\" \/>\n<meta property=\"article:modified_time\" content=\"2019-12-23T11:35:07+00:00\" \/>\n<meta name=\"twitter:card\" content=\"summary_large_image\" \/>\n<meta name=\"twitter:label1\" content=\"Tiempo de lectura\" \/>\n\t<meta name=\"twitter:data1\" content=\"1 minuto\" \/>\n<script type=\"application\/ld+json\" class=\"yoast-schema-graph\">{\"@context\":\"https:\\\/\\\/schema.org\",\"@graph\":[{\"@type\":\"WebPage\",\"@id\":\"https:\\\/\\\/luxm2.com\\\/es\\\/contact\\\/\",\"url\":\"https:\\\/\\\/luxm2.com\\\/es\\\/contact\\\/\",\"name\":\"Contacto - M2 Lux\",\"isPartOf\":{\"@id\":\"https:\\\/\\\/luxm2.com\\\/es\\\/#website\"},\"datePublished\":\"2016-04-18T13:25:28+00:00\",\"dateModified\":\"2019-12-23T11:35:07+00:00\",\"breadcrumb\":{\"@id\":\"https:\\\/\\\/luxm2.com\\\/es\\\/contact\\\/#breadcrumb\"},\"inLanguage\":\"es\",\"potentialAction\":[{\"@type\":\"ReadAction\",\"target\":[\"https:\\\/\\\/luxm2.com\\\/es\\\/contact\\\/\"]}]},{\"@type\":\"BreadcrumbList\",\"@id\":\"https:\\\/\\\/luxm2.com\\\/es\\\/contact\\\/#breadcrumb\",\"itemListElement\":[{\"@type\":\"ListItem\",\"position\":1,\"name\":\"Home\",\"item\":\"https:\\\/\\\/luxm2.com\\\/es\\\/\"},{\"@type\":\"ListItem\",\"position\":2,\"name\":\"Contacto\"}]},{\"@type\":\"WebSite\",\"@id\":\"https:\\\/\\\/luxm2.com\\\/es\\\/#website\",\"url\":\"https:\\\/\\\/luxm2.com\\\/es\\\/\",\"name\":\"M2 Lux\",\"description\":\"M2 Lux Real Estate Agency\",\"publisher\":{\"@id\":\"https:\\\/\\\/luxm2.com\\\/es\\\/#organization\"},\"potentialAction\":[{\"@type\":\"SearchAction\",\"target\":{\"@type\":\"EntryPoint\",\"urlTemplate\":\"https:\\\/\\\/luxm2.com\\\/es\\\/?s={search_term_string}\"},\"query-input\":{\"@type\":\"PropertyValueSpecification\",\"valueRequired\":true,\"valueName\":\"search_term_string\"}}],\"inLanguage\":\"es\"},{\"@type\":\"Organization\",\"@id\":\"https:\\\/\\\/luxm2.com\\\/es\\\/#organization\",\"name\":\"Brokerage & Consulting M2 Lux S.L.\",\"url\":\"https:\\\/\\\/luxm2.com\\\/es\\\/\",\"logo\":{\"@type\":\"ImageObject\",\"inLanguage\":\"es\",\"@id\":\"https:\\\/\\\/luxm2.com\\\/es\\\/#\\\/schema\\\/logo\\\/image\\\/\",\"url\":\"https:\\\/\\\/luxm2.com\\\/wp-content\\\/uploads\\\/2017\\\/08\\\/LUX-M2-without-border-500.jpg\",\"contentUrl\":\"https:\\\/\\\/luxm2.com\\\/wp-content\\\/uploads\\\/2017\\\/08\\\/LUX-M2-without-border-500.jpg\",\"width\":500,\"height\":500,\"caption\":\"Brokerage & Consulting M2 Lux S.L.\"},\"image\":{\"@id\":\"https:\\\/\\\/luxm2.com\\\/es\\\/#\\\/schema\\\/logo\\\/image\\\/\"},\"sameAs\":[\"https:\\\/\\\/www.facebook.com\\\/luxm2\\\/?hc_ref=ARQm5M0UOH26I3A0w4V9JnxdLbywuIk19cmpkoZdQL5sdrhr4Kl4cGjwLW9M9U-wKig&amp;amp;amp;amp;amp;amp;amp;amp;amp;amp;amp;amp;amp;amp;amp;amp;amp;amp;amp;amp;amp;amp;amp;amp;amp;amp;amp;amp;amp;amp;amp;amp;amp;amp;amp;amp;amp;amp;fref=nf\",\"https:\\\/\\\/www.instagram.com\\\/m2luxspain\\\/\",\"https:\\\/\\\/www.pinterest.es\\\/m2luximmo\\\/\"]}]}<\/script>\n<!-- \/ Yoast SEO plugin. -->","yoast_head_json":{"title":"Contacto - M2 Lux","robots":{"index":"index","follow":"follow","max-snippet":"max-snippet:-1","max-image-preview":"max-image-preview:large","max-video-preview":"max-video-preview:-1"},"canonical":"https:\/\/luxm2.com\/es\/contact\/","og_locale":"es_ES","og_type":"article","og_title":"Contacto - M2 Lux","og_description":"[vc_row][vc_column][vc_column_text] Cont\u00e1ctenos para encontrar su nuevo hogar [\/vc_column_text][vc_column_text] Con una amplia experiencia\u00a0en el \u00e1mbito de la administraci\u00f3n y gesti\u00f3n de propiedades de lujo, incluyendo super-yates para individuos de High Net Worth, decidimos abrir nuestra propia agencia Brokerage &amp; Consulting M2 Lux S.L. para proporcionar el m\u00e1ximo nivel de servicio a nuestros clientes. [\/vc_column_text][vc_column_text] Por favor, [&hellip;]","og_url":"https:\/\/luxm2.com\/es\/contact\/","og_site_name":"M2 Lux","article_publisher":"https:\/\/www.facebook.com\/luxm2\/?hc_ref=ARQm5M0UOH26I3A0w4V9JnxdLbywuIk19cmpkoZdQL5sdrhr4Kl4cGjwLW9M9U-wKig&amp%3bamp%3bamp%3bamp%3bamp%3bamp%3bamp%3bamp%3bamp%3bamp%3bamp%3bamp%3bamp%3bamp%3bamp%3bamp%3bamp%3bamp%3bamp%3bamp%3bamp%3bamp%3bamp%3bamp%3bamp%3bamp%3bamp%3bamp%3bamp%3bamp%3bamp%3bamp%3bamp%3bamp%3bamp%3bamp%3bamp%3bamp%3bfref=nf","article_modified_time":"2019-12-23T11:35:07+00:00","twitter_card":"summary_large_image","twitter_misc":{"Tiempo de lectura":"1 minuto"},"schema":{"@context":"https:\/\/schema.org","@graph":[{"@type":"WebPage","@id":"https:\/\/luxm2.com\/es\/contact\/","url":"https:\/\/luxm2.com\/es\/contact\/","name":"Contacto - M2 Lux","isPartOf":{"@id":"https:\/\/luxm2.com\/es\/#website"},"datePublished":"2016-04-18T13:25:28+00:00","dateModified":"2019-12-23T11:35:07+00:00","breadcrumb":{"@id":"https:\/\/luxm2.com\/es\/contact\/#breadcrumb"},"inLanguage":"es","potentialAction":[{"@type":"ReadAction","target":["https:\/\/luxm2.com\/es\/contact\/"]}]},{"@type":"BreadcrumbList","@id":"https:\/\/luxm2.com\/es\/contact\/#breadcrumb","itemListElement":[{"@type":"ListItem","position":1,"name":"Home","item":"https:\/\/luxm2.com\/es\/"},{"@type":"ListItem","position":2,"name":"Contacto"}]},{"@type":"WebSite","@id":"https:\/\/luxm2.com\/es\/#website","url":"https:\/\/luxm2.com\/es\/","name":"M2 Lux","description":"M2 Lux Real Estate Agency","publisher":{"@id":"https:\/\/luxm2.com\/es\/#organization"},"potentialAction":[{"@type":"SearchAction","target":{"@type":"EntryPoint","urlTemplate":"https:\/\/luxm2.com\/es\/?s={search_term_string}"},"query-input":{"@type":"PropertyValueSpecification","valueRequired":true,"valueName":"search_term_string"}}],"inLanguage":"es"},{"@type":"Organization","@id":"https:\/\/luxm2.com\/es\/#organization","name":"Brokerage & Consulting M2 Lux S.L.","url":"https:\/\/luxm2.com\/es\/","logo":{"@type":"ImageObject","inLanguage":"es","@id":"https:\/\/luxm2.com\/es\/#\/schema\/logo\/image\/","url":"https:\/\/luxm2.com\/wp-content\/uploads\/2017\/08\/LUX-M2-without-border-500.jpg","contentUrl":"https:\/\/luxm2.com\/wp-content\/uploads\/2017\/08\/LUX-M2-without-border-500.jpg","width":500,"height":500,"caption":"Brokerage & Consulting M2 Lux S.L."},"image":{"@id":"https:\/\/luxm2.com\/es\/#\/schema\/logo\/image\/"},"sameAs":["https:\/\/www.facebook.com\/luxm2\/?hc_ref=ARQm5M0UOH26I3A0w4V9JnxdLbywuIk19cmpkoZdQL5sdrhr4Kl4cGjwLW9M9U-wKig&amp;amp;amp;amp;amp;amp;amp;amp;amp;amp;amp;amp;amp;amp;amp;amp;amp;amp;amp;amp;amp;amp;amp;amp;amp;amp;amp;amp;amp;amp;amp;amp;amp;amp;amp;amp;amp;amp;fref=nf","https:\/\/www.instagram.com\/m2luxspain\/","https:\/\/www.pinterest.es\/m2luximmo\/"]}]}},"_links":{"self":[{"href":"https:\/\/luxm2.com\/es\/wp-json\/wp\/v2\/pages\/1232","targetHints":{"allow":["GET"]}}],"collection":[{"href":"https:\/\/luxm2.com\/es\/wp-json\/wp\/v2\/pages"}],"about":[{"href":"https:\/\/luxm2.com\/es\/wp-json\/wp\/v2\/types\/page"}],"author":[{"embeddable":true,"href":"https:\/\/luxm2.com\/es\/wp-json\/wp\/v2\/users\/1"}],"replies":[{"embeddable":true,"href":"https:\/\/luxm2.com\/es\/wp-json\/wp\/v2\/comments?post=1232"}],"version-history":[{"count":0,"href":"https:\/\/luxm2.com\/es\/wp-json\/wp\/v2\/pages\/1232\/revisions"}],"wp:attachment":[{"href":"https:\/\/luxm2.com\/es\/wp-json\/wp\/v2\/media?parent=1232"}],"curies":[{"name":"wp","href":"https:\/\/api.w.org\/{rel}","templated":true}]}}