{"id":91621,"date":"2021-04-26T16:18:10","date_gmt":"2021-04-26T14:18:10","guid":{"rendered":"https:\/\/luxm2.com\/catalunya\/"},"modified":"2022-02-24T16:27:52","modified_gmt":"2022-02-24T15:27:52","slug":"catalunya","status":"publish","type":"page","link":"https:\/\/luxm2.com\/ca\/catalunya\/","title":{"rendered":"Catalunya"},"content":{"rendered":"<p><img decoding=\"async\" class=\"alignright wp-image-91568 size-medium\" src=\"https:\/\/luxm2.com\/wp-content\/uploads\/2021\/04\/Catalonia_0001-300x200.jpg\" alt=\"\u0424\u043b\u0430\u0433 \u041a\u0430\u0442\u0430\u043b\u043e\u043d\u0438\u0438\" width=\"300\" height=\"200\" srcset=\"https:\/\/luxm2.com\/wp-content\/uploads\/2021\/04\/Catalonia_0001-300x200.jpg 300w, https:\/\/luxm2.com\/wp-content\/uploads\/2021\/04\/Catalonia_0001-1024x683.jpg 1024w, https:\/\/luxm2.com\/wp-content\/uploads\/2021\/04\/Catalonia_0001-768x512.jpg 768w, https:\/\/luxm2.com\/wp-content\/uploads\/2021\/04\/Catalonia_0001-1536x1024.jpg 1536w, https:\/\/luxm2.com\/wp-content\/uploads\/2021\/04\/Catalonia_0001.jpg 1600w\" sizes=\"(max-width: 300px) 100vw, 300px\" \/>Sovint ens pregunten: \u00bfper qu\u00e8 a Espanya tan gran i diferent, Catalunya en particular hauria de cridar la nostra atenci\u00f3?<br \/>\nIntentem resolverlo&#x1f60a;.<\/p>\n<p>Segons informaci\u00f3 oficial, Catalunya \u00e9s una comunitat aut\u00f2noma de nord-est de la Pen\u00ednsula Ib\u00e8rica, que forma part del Regne d&#8217;Espanya (a m\u00e9s de Catalunya, tamb\u00e9 inclou altres 16 comunitats aut\u00f2nomes i 2 ciutats aut\u00f2nomes situades a la costa nord d&#8217;\u00c0frica).<br \/>\nAl nord, Catalunya limita amb Fran\u00e7a i Andorra, a l&#8217;oest &#8211; amb Arag\u00f3, al sud &#8211; amb Val\u00e8ncia. A l&#8217;est, Catalunya \u00e9s banyada per les suaus onades del blau del mar Mediterr\u00e0nia. Catalunya es divideix en 4 prov\u00edncies: Barcelona al centre, Tarragona al sud, Lleida a l&#8217;oest i Girona al nord-est.<\/p>\n<p>Pel que fa a la superf\u00edcie ocupada, Catalunya ocupa el 6\u00e8 lloc entre altres comunitats aut\u00f2nomes, per\u00f2 pel que fa al PIB anual, Catalunya ocupa el 2n lloc, nom\u00e9s lleugerament per darrere de la ciutat-estat de Madrid (dades de 2019, any &#8220;pre-COVID &#8220;).<\/p>\n<p>Deixant de banda les estad\u00edstiques seques, qu\u00e8 significa aix\u00f2 per a turistes o compradors d\u2019habitatges? Catalunya \u00e9s una de les regions m\u00e9s riques d&#8217;Espanya, i aix\u00f2 ho diu tot.<\/p>\n<p>De fet, Catalunya ho t\u00e9 tot. I aquest \u00e9s un motiu d&#8217;orgull important entre els catalans. Intentem enumerar aix\u00f2 que n&#8217;hi ha a Catalunya.<\/p>\n<h5><strong>***<\/strong><\/h5>\n<p style=\"text-align: left;\"><a href=\"https:\/\/luxm2.com\/wp-content\/uploads\/2021\/04\/Catalonia_0002.jpg\" target=\"_blank\" rel=\"noopener\"><img decoding=\"async\" class=\"alignleft wp-image-91573 size-full\" src=\"https:\/\/luxm2.com\/wp-content\/uploads\/2021\/04\/Catalonia_0002.jpg\" alt=\"Catalunya en miniatura\" width=\"1600\" height=\"1067\" srcset=\"https:\/\/luxm2.com\/wp-content\/uploads\/2021\/04\/Catalonia_0002.jpg 1600w, https:\/\/luxm2.com\/wp-content\/uploads\/2021\/04\/Catalonia_0002-300x200.jpg 300w, https:\/\/luxm2.com\/wp-content\/uploads\/2021\/04\/Catalonia_0002-1024x683.jpg 1024w, https:\/\/luxm2.com\/wp-content\/uploads\/2021\/04\/Catalonia_0002-768x512.jpg 768w, https:\/\/luxm2.com\/wp-content\/uploads\/2021\/04\/Catalonia_0002-1536x1024.jpg 1536w\" sizes=\"(max-width: 1600px) 100vw, 1600px\" \/><\/a><\/p>\n<p>Barcelona, la capital de Catalunya &#8211; la segona ciutat de l&#8217;regne espanyol despr\u00e9s de Madrid &#8211; \u00e9s una veritable perla de la ind\u00fastria tur\u00edstica, un centre de modernisme reconegut internacionalment, sempre hi fa bon temps, regna un bon estat d\u2019\u00e0nim als carrers,i una sensaci\u00f3 d\u2019incre\u00efble lleugeresa i llibertat s\u2019instal\u00b7la a l\u2019\u00e0nima. En poques hores, podreu arribar amb tren d&#8217;alta velocitat a Madrid, Val\u00e8ncia i Par\u00eds. Des de l\u2019aeroport de Barcelona podeu volar a gaireb\u00e9 qualsevol pa\u00eds del m\u00f3n. Barcelona tamb\u00e9 rep el major nombre de turistes d\u2019Europa, que arriba aqu\u00ed amb creuers blancs com la neu. Els metges de prestigiosos hospitals de Barcelona, reconeguts pel seu excel\u00b7lent nivell m\u00e8dic, han avan\u00e7at significativament en el diagn\u00f2stic i el tractament de nombroses malalties, incl\u00f2s el c\u00e0ncer. Barcelona alberga moltes empreses d\u2019alta tecnologia, tant locals com internacionals.<\/p>\n<h5><strong>***<\/strong><\/h5>\n<p><a href=\"https:\/\/luxm2.com\/wp-content\/uploads\/2021\/04\/Catalonia_0007.jpg\" target=\"_blank\" rel=\"noopener\"><img decoding=\"async\" class=\"alignleft wp-image-91605 size-full\" src=\"https:\/\/luxm2.com\/wp-content\/uploads\/2021\/04\/Catalonia_0007.jpg\" alt=\"Platja d'Aro, Catalunya\" width=\"1600\" height=\"1067\" srcset=\"https:\/\/luxm2.com\/wp-content\/uploads\/2021\/04\/Catalonia_0007.jpg 1600w, https:\/\/luxm2.com\/wp-content\/uploads\/2021\/04\/Catalonia_0007-300x200.jpg 300w, https:\/\/luxm2.com\/wp-content\/uploads\/2021\/04\/Catalonia_0007-1024x683.jpg 1024w, https:\/\/luxm2.com\/wp-content\/uploads\/2021\/04\/Catalonia_0007-768x512.jpg 768w, https:\/\/luxm2.com\/wp-content\/uploads\/2021\/04\/Catalonia_0007-1536x1024.jpg 1536w\" sizes=\"(max-width: 1600px) 100vw, 1600px\" \/><\/a><br \/>\nEl litoral de Catalunya s&#8217;est\u00e9n al llarg de 700 quil\u00f2metres, dels quals 340 quil\u00f2metres s\u00f3n platges. S\u00ed, Catalunya \u00e9s famosa per la seva costa irrepetible i variada.<\/p>\n<p>Per si de cas, et recordarem on pots gaudir del dia a la platja:<\/p>\n<p>1. Costa Daurada. Situada a la zona m\u00e9s meridional de la costa catalana, a la prov\u00edncia de Tarragona, compta amb 60 platges. Entre els atractius especials es troba el fam\u00f3s parc d&#8217;atraccions <a href=\"https:\/\/www.portaventuraworld.com\" target=\"_blank\" rel=\"noopener\">Port Aventura<\/a> a la ciutat de Salou.<\/p>\n<p>2. Costa del Garraf: situada entre la Costa Daurada i Barcelona, hi ha 20 platges per triar. Tot i que la corona de la platja m\u00e9s gran (4,8 quil\u00f2metres) pertany a la ciutat de Castelldefels, la ciutat de Sitges, m\u00e9s atractiva i cuidada, es considera la capital d\u2019aquesta costa.<\/p>\n<p>3. Costa del Maresme &#8211; comen\u00e7a a pocs quil\u00f2metres a nord de Barcelona, t\u00e9 49 platges de sorra. La capital de la costa \u00e9s la ciutat de Matar\u00f3. Es creu que aquesta costa \u00e9s m\u00e9s popular entre la poblaci\u00f3 local a causa de la relativa proximitat a Barcelona i la conveni\u00e8ncia de la comunicaci\u00f3: hi ha una l\u00ednia de ferrocarril al llarg de tota la costa.<\/p>\n<p>4. Costa Brava &#8211; un tresor insuperable de Catalunya, comen\u00e7a a la ciutat de Blanes i s&#8217;est\u00e9n fins a la frontera francesa. Les costeres rocoses escarpades donen pas a les cales apartades amb <a href=\"https:\/\/luxm2.com\/ca\/2015-03-27-platges-de-platja-daro\/\" target=\"_blank\" rel=\"noopener\">platges de sorra<\/a> incomparables. La relativa inaccessibilitat (no hi ha connexi\u00f3 ferrovi\u00e0ria a la Costa Brava) i el terreny roc\u00f3s van permetre mantenir moltes badies i platges al seu estat original. I ara tenim l&#8217;oportunitat de gaudir de la puresa de l&#8217;aigua i de l&#8217;impressionant paisatge d&#8217;aquesta costa.<\/p>\n<h5><strong>***<\/strong><\/h5>\n<p>Si de sobte no tens ganes de banyar-te, per qu\u00e8 no anar a la muntanya a fer una <a href=\"https:\/\/luxm2.com\/ca\/2017-08-26-vall-de-nuria-a-lestiu\/\" target=\"_blank\" rel=\"noopener\">passejada a l&#8217;estiu<\/a> o practicar esqu\u00ed alp\u00ed a l&#8217;hivern? T&#8217;esperen nombroses estacions d&#8217;esqu\u00ed com <a href=\"https:\/\/www.lamolina.cat\" target=\"_blank\" rel=\"noopener\">La Molina<\/a> o <a href=\"https:\/\/www.baqueira.es\/\" target=\"_blank\" rel=\"noopener\">Baqueira Beret<\/a>, situats al Pirineu, al nord de Catalunya.<\/p>\n<h5><strong>***<\/strong><\/h5>\n<p><a href=\"https:\/\/luxm2.com\/wp-content\/uploads\/2021\/04\/Catalonia_0004.jpg\" target=\"_blank\" rel=\"noopener\"><img decoding=\"async\" class=\"alignleft wp-image-91583 size-full\" src=\"https:\/\/luxm2.com\/wp-content\/uploads\/2021\/04\/Catalonia_0004.jpg\" alt=\"\" width=\"1600\" height=\"1067\" srcset=\"https:\/\/luxm2.com\/wp-content\/uploads\/2021\/04\/Catalonia_0004.jpg 1600w, https:\/\/luxm2.com\/wp-content\/uploads\/2021\/04\/Catalonia_0004-300x200.jpg 300w, https:\/\/luxm2.com\/wp-content\/uploads\/2021\/04\/Catalonia_0004-1024x683.jpg 1024w, https:\/\/luxm2.com\/wp-content\/uploads\/2021\/04\/Catalonia_0004-768x512.jpg 768w, https:\/\/luxm2.com\/wp-content\/uploads\/2021\/04\/Catalonia_0004-1536x1024.jpg 1536w\" sizes=\"(max-width: 1600px) 100vw, 1600px\" \/><\/a><br \/>\nLa zona de la Val d&#8217;Aran, situada al nord-oest de Catalunya, \u00e9s famosa per les seves pintoresques valls amb l&#8217;aire m\u00e9s net i els vessants de les muntanyes, on pasturen nombrosos ramats de vaques que donen la llet m\u00e9s saborosa i els filets m\u00e9s deliciosos. Si ets un fan\u00e0tic de la fotografia de paisatges, evita viatjar a la Val d&#8217;Aran, en cas contrari t&#8217;arrisques a quedar molt de temps all\u00e0.<\/p>\n<h5><strong>***<\/strong><\/h5>\n<p>Des que vam comen\u00e7ar a parlar de diferents del\u00edcies, doncs &#8230; Aqu\u00ed potser seria millor aturar-se, per\u00f2 \u00e9s absolutament impossible fer-ho. Cuina catalana. Mmm &#8230; Pots parlar tot el temps que vulguis del saborosa i saludable que \u00e9s la dieta mediterr\u00e0nia, de quants restaurants amb estrella Michelin hi ha a Catalunya; amb quina senzillesa i a el mateix temps amb quina gr\u00e0cia els xefs catalans combinen els m\u00e9s frescos mariscs i carns arom\u00e0tiques (l&#8217;anomenada combinaci\u00f3 de mar i muntanya). I s\u00ed, en resposta a la famosa paella valenciana a Catalunya hi ha un plat igualment fam\u00f3s: la fideu\u00e0!<\/p>\n<h5><strong>***<\/strong><\/h5>\n<p><a href=\"https:\/\/luxm2.com\/wp-content\/uploads\/2021\/04\/Catalonia_0005.jpg\" target=\"_blank\" rel=\"noopener\"><img decoding=\"async\" class=\"alignleft wp-image-91588 size-full\" src=\"https:\/\/luxm2.com\/wp-content\/uploads\/2021\/04\/Catalonia_0005.jpg\" alt=\"\" width=\"1600\" height=\"1067\" srcset=\"https:\/\/luxm2.com\/wp-content\/uploads\/2021\/04\/Catalonia_0005.jpg 1600w, https:\/\/luxm2.com\/wp-content\/uploads\/2021\/04\/Catalonia_0005-300x200.jpg 300w, https:\/\/luxm2.com\/wp-content\/uploads\/2021\/04\/Catalonia_0005-1024x683.jpg 1024w, https:\/\/luxm2.com\/wp-content\/uploads\/2021\/04\/Catalonia_0005-768x512.jpg 768w, https:\/\/luxm2.com\/wp-content\/uploads\/2021\/04\/Catalonia_0005-1536x1024.jpg 1536w\" sizes=\"(max-width: 1600px) 100vw, 1600px\" \/><\/a><\/p>\n<p>T&#8217;agraden les ostres fresques? Pots triar entre el Delta de l&#8217;Ebre al sud de Catalunya o el port franc\u00e8s de <a href=\"https:\/\/luxm2.com\/ca\/2016-04-21-ostres-a-leucate-franca\/\" target=\"_blank\" rel=\"noopener\">Leucate<\/a> a prop de la frontera d&#8217;Espanya i Fran\u00e7a al nord de Catalunya.<\/p>\n<h5><strong>***<\/strong><\/h5>\n<p>Com es pot parlar d&#8217;un bon dinar o sopar sense una copa de bon vi? A Catalunya trobar\u00e0s molts cellers els vins dels cuals decoraran la teva taula amb dignitat. I a Catalunya es produeix i exporta m\u00e9s cava que xampany a Fran\u00e7a!<\/p>\n<h5><strong>***<\/strong><\/h5>\n<p><a href=\"https:\/\/luxm2.com\/wp-content\/uploads\/2021\/04\/Catalonia_0006.jpg\" target=\"_blank\" rel=\"noopener\"><img decoding=\"async\" class=\"alignleft wp-image-91593 size-full\" src=\"https:\/\/luxm2.com\/wp-content\/uploads\/2021\/04\/Catalonia_0006.jpg\" alt=\"Perelada, Catalunya\" width=\"1600\" height=\"1067\" srcset=\"https:\/\/luxm2.com\/wp-content\/uploads\/2021\/04\/Catalonia_0006.jpg 1600w, https:\/\/luxm2.com\/wp-content\/uploads\/2021\/04\/Catalonia_0006-300x200.jpg 300w, https:\/\/luxm2.com\/wp-content\/uploads\/2021\/04\/Catalonia_0006-1024x683.jpg 1024w, https:\/\/luxm2.com\/wp-content\/uploads\/2021\/04\/Catalonia_0006-768x512.jpg 768w, https:\/\/luxm2.com\/wp-content\/uploads\/2021\/04\/Catalonia_0006-1536x1024.jpg 1536w\" sizes=\"(max-width: 1600px) 100vw, 1600px\" \/><\/a><br \/>\nCatalunya est\u00e0 francament plena de llocs d&#8217;inter\u00e8s hist\u00f2ric. Va ser visitat per \u00e0rabs, pirates fenicis, cavallers templers. Ocupant una posici\u00f3 estrat\u00e8gicament important entre Espanya i Fran\u00e7a, aquesta regi\u00f3 s&#8217;ha convertit en l&#8217;escenari de nombroses guerres i batalles sagnants. Des d&#8217;aquella \u00e8poca, una incre\u00efble quantitat de castells i <a href=\"https:\/\/luxm2.com\/ca\/2015-05-02-castell-de-sant-ferran-de-figueres\/\" target=\"_blank\" rel=\"noopener\">fortaleses<\/a> s&#8217;han escampat per tot Catalunya, i els vilatans mantenen amb amor i cura un aut\u00e8ntic ambient medieval als <a href=\"https:\/\/luxm2.com\/ca\/2014-11-16-peratallada\/\" target=\"_blank\" rel=\"noopener\">pobles antics<\/a> bellament conservats, molts dels quals van ser fundats fa m\u00e9s de 10 segles.<\/p>\n<h5><strong>***<\/strong><\/h5>\n<p>Parlant de llocs d&#8217;inter\u00e8s, \u00e9s absolutament impossible no esmentar els fills brillants de fama mundial del poble catal\u00e0, com <a href=\"https:\/\/luxm2.com\/ca\/2019-09-10-casa-museu-salvador-dali-a-port-lligat\/\" target=\"_blank\" rel=\"noopener\">Salvador Dali<\/a> o <a href=\"https:\/\/luxm2.com\/ca\/2018-08-22-jardins-artigas\/\" target=\"_blank\" rel=\"noopener\">Antoni Gaud\u00ed<\/a>. El seu nombr\u00f3s patrimoni art\u00edstic s&#8217;est\u00e9n per tot Catalunya, no es pot veure tot en un dia!<\/p>\n<h5><strong>***<\/strong><\/h5>\n<p>Catalunya \u00e9s un veritable parad\u00eds per als amants de l&#8217;esport i la salut. A m\u00e9s de tot tipus d&#8217;esports n\u00e0utics i del ja esmentat esqu\u00ed alp\u00ed, podr\u00e0s gaudir de golf, tennis, esports eq\u00fcestres, moto, bicicleta, paracaigudisme i parapent, pesca, futbol, voleibol i molt, molt m\u00e9s.<\/p>\n<h5><strong>***<\/strong><\/h5>\n<p>Gaireb\u00e9 vam oblidar del magn\u00edfic clima suau i de l\u2019ecologia.<\/p>\n<h5><strong>***<\/strong><\/h5>\n<p>Podem parlar de Catalunya amb il\u00b7lusi\u00f3 i durant molt de temps. Per\u00f2 ja hem superat el nivell acceptable de paraules, que, segons Google, pot ser percebut pel lector modern. Com diu el conegut proverbi, \u00e9s millor veure una vegada que escoltar cent vegades. Per aix\u00f2, et suggerim que vegis una petita presentaci\u00f3 de diapositives en la qual vam intentar recopilar les fotografies m\u00e9s boniques de Catalunya.<\/p>\n<p><iframe loading=\"lazy\" title=\"Catalonia the beautiful\" width=\"1170\" height=\"658\" src=\"https:\/\/www.youtube.com\/embed\/b2KoPrq8_Ys?feature=oembed\" frameborder=\"0\" allow=\"accelerometer; autoplay; clipboard-write; encrypted-media; gyroscope; picture-in-picture\" allowfullscreen><\/iframe><\/p>\n<h5><strong>***<\/strong><\/h5>\n<p>I no oblidis admirar la bellesa de la nostra costa a la <a href=\"https:\/\/luxm2.com\/ca\/video\/\" target=\"_blank\" rel=\"noopener\">p\u00e0gina de v\u00eddeos<\/a>.<\/p>\n<p>Si hem aconseguit conv\u00e8ncer-te, esperem la teva trucada!<\/p>\n","protected":false},"excerpt":{"rendered":"<p>Sovint ens pregunten: \u00bfper qu\u00e8 a Espanya tan gran i diferent, Catalunya en particular hauria de cridar la nostra atenci\u00f3? Intentem resolverlo&#x1f60a;. Segons informaci\u00f3 oficial, Catalunya \u00e9s una comunitat aut\u00f2noma de nord-est de la Pen\u00ednsula Ib\u00e8rica, que forma part del Regne d&#8217;Espanya (a m\u00e9s de Catalunya, tamb\u00e9 inclou altres 16 comunitats aut\u00f2nomes i 2 ciutats [&hellip;]<\/p>\n","protected":false},"author":1,"featured_media":0,"parent":0,"menu_order":0,"comment_status":"closed","ping_status":"closed","template":"","meta":{"footnotes":""},"class_list":["post-91621","page","type-page","status-publish","hentry"],"acf":[],"yoast_head":"<!-- This site is optimized with the Yoast SEO plugin v27.3 - https:\/\/yoast.com\/product\/yoast-seo-wordpress\/ -->\n<title>M2 Lux - Catalunya, una comunitat aut\u00f2noma dins d&#039;Espanya.<\/title>\n<meta name=\"description\" content=\"Catalunya \u00e9s una comunitat aut\u00f2noma dins del Regne d&#039;Espanya. Presentem a la seva atenci\u00f3 una hist\u00f2ria sobre aquesta meravellosa regi\u00f3.\" \/>\n<meta name=\"robots\" content=\"index, follow, max-snippet:-1, max-image-preview:large, max-video-preview:-1\" \/>\n<link rel=\"canonical\" href=\"https:\/\/luxm2.com\/ca\/catalunya\/\" \/>\n<meta property=\"og:locale\" content=\"ca_ES\" \/>\n<meta property=\"og:type\" content=\"article\" \/>\n<meta property=\"og:title\" content=\"M2 Lux - Catalunya, una comunitat aut\u00f2noma dins d&#039;Espanya.\" \/>\n<meta property=\"og:description\" content=\"Catalunya \u00e9s una comunitat aut\u00f2noma dins del Regne d&#039;Espanya. Presentem a la seva atenci\u00f3 una hist\u00f2ria sobre aquesta meravellosa regi\u00f3.\" \/>\n<meta property=\"og:url\" content=\"https:\/\/luxm2.com\/ca\/catalunya\/\" \/>\n<meta property=\"og:site_name\" content=\"M2 Lux\" \/>\n<meta property=\"article:publisher\" content=\"https:\/\/www.facebook.com\/luxm2\/?hc_ref=ARQm5M0UOH26I3A0w4V9JnxdLbywuIk19cmpkoZdQL5sdrhr4Kl4cGjwLW9M9U-wKig&amp;amp%3bamp%3bamp%3bamp%3bamp%3bamp%3bamp%3bamp%3bamp%3bamp%3bamp%3bamp%3bamp%3bamp%3bamp%3bamp%3bamp%3bamp%3bamp%3bamp%3bamp%3bamp%3bamp%3bamp%3bamp%3bamp%3bamp%3bamp%3bamp%3bamp%3bamp%3bamp%3bamp%3bamp%3bamp%3bamp%3bamp%3bamp%3bfref=nf\" \/>\n<meta property=\"article:modified_time\" content=\"2022-02-24T15:27:52+00:00\" \/>\n<meta property=\"og:image\" content=\"https:\/\/luxm2.com\/wp-content\/uploads\/2021\/04\/Catalonia_0002.jpg\" \/>\n<meta name=\"twitter:card\" content=\"summary_large_image\" \/>\n<meta name=\"twitter:label1\" content=\"Temps estimat de lectura\" \/>\n\t<meta name=\"twitter:data1\" content=\"7 minuts\" \/>\n<script type=\"application\/ld+json\" class=\"yoast-schema-graph\">{\"@context\":\"https:\\\/\\\/schema.org\",\"@graph\":[{\"@type\":\"WebPage\",\"@id\":\"https:\\\/\\\/luxm2.com\\\/ca\\\/catalunya\\\/\",\"url\":\"https:\\\/\\\/luxm2.com\\\/ca\\\/catalunya\\\/\",\"name\":\"M2 Lux - Catalunya, una comunitat aut\u00f2noma dins d'Espanya.\",\"isPartOf\":{\"@id\":\"https:\\\/\\\/luxm2.com\\\/ca\\\/#website\"},\"primaryImageOfPage\":{\"@id\":\"https:\\\/\\\/luxm2.com\\\/ca\\\/catalunya\\\/#primaryimage\"},\"image\":{\"@id\":\"https:\\\/\\\/luxm2.com\\\/ca\\\/catalunya\\\/#primaryimage\"},\"thumbnailUrl\":\"https:\\\/\\\/luxm2.com\\\/wp-content\\\/uploads\\\/2021\\\/04\\\/Catalonia_0001-300x200.jpg\",\"datePublished\":\"2021-04-26T14:18:10+00:00\",\"dateModified\":\"2022-02-24T15:27:52+00:00\",\"description\":\"Catalunya \u00e9s una comunitat aut\u00f2noma dins del Regne d'Espanya. Presentem a la seva atenci\u00f3 una hist\u00f2ria sobre aquesta meravellosa regi\u00f3.\",\"breadcrumb\":{\"@id\":\"https:\\\/\\\/luxm2.com\\\/ca\\\/catalunya\\\/#breadcrumb\"},\"inLanguage\":\"ca\",\"potentialAction\":[{\"@type\":\"ReadAction\",\"target\":[\"https:\\\/\\\/luxm2.com\\\/ca\\\/catalunya\\\/\"]}]},{\"@type\":\"ImageObject\",\"inLanguage\":\"ca\",\"@id\":\"https:\\\/\\\/luxm2.com\\\/ca\\\/catalunya\\\/#primaryimage\",\"url\":\"https:\\\/\\\/luxm2.com\\\/wp-content\\\/uploads\\\/2021\\\/04\\\/Catalonia_0001-300x200.jpg\",\"contentUrl\":\"https:\\\/\\\/luxm2.com\\\/wp-content\\\/uploads\\\/2021\\\/04\\\/Catalonia_0001-300x200.jpg\"},{\"@type\":\"BreadcrumbList\",\"@id\":\"https:\\\/\\\/luxm2.com\\\/ca\\\/catalunya\\\/#breadcrumb\",\"itemListElement\":[{\"@type\":\"ListItem\",\"position\":1,\"name\":\"Home\",\"item\":\"https:\\\/\\\/luxm2.com\\\/ca\\\/\"},{\"@type\":\"ListItem\",\"position\":2,\"name\":\"Catalunya\"}]},{\"@type\":\"WebSite\",\"@id\":\"https:\\\/\\\/luxm2.com\\\/ca\\\/#website\",\"url\":\"https:\\\/\\\/luxm2.com\\\/ca\\\/\",\"name\":\"M2 Lux\",\"description\":\"M2 Lux Real Estate Agency\",\"publisher\":{\"@id\":\"https:\\\/\\\/luxm2.com\\\/ca\\\/#organization\"},\"potentialAction\":[{\"@type\":\"SearchAction\",\"target\":{\"@type\":\"EntryPoint\",\"urlTemplate\":\"https:\\\/\\\/luxm2.com\\\/ca\\\/?s={search_term_string}\"},\"query-input\":{\"@type\":\"PropertyValueSpecification\",\"valueRequired\":true,\"valueName\":\"search_term_string\"}}],\"inLanguage\":\"ca\"},{\"@type\":\"Organization\",\"@id\":\"https:\\\/\\\/luxm2.com\\\/ca\\\/#organization\",\"name\":\"Brokerage & Consulting M2 Lux S.L.\",\"url\":\"https:\\\/\\\/luxm2.com\\\/ca\\\/\",\"logo\":{\"@type\":\"ImageObject\",\"inLanguage\":\"ca\",\"@id\":\"https:\\\/\\\/luxm2.com\\\/ca\\\/#\\\/schema\\\/logo\\\/image\\\/\",\"url\":\"https:\\\/\\\/luxm2.com\\\/wp-content\\\/uploads\\\/2017\\\/08\\\/LUX-M2-without-border-500.jpg\",\"contentUrl\":\"https:\\\/\\\/luxm2.com\\\/wp-content\\\/uploads\\\/2017\\\/08\\\/LUX-M2-without-border-500.jpg\",\"width\":500,\"height\":500,\"caption\":\"Brokerage & Consulting M2 Lux S.L.\"},\"image\":{\"@id\":\"https:\\\/\\\/luxm2.com\\\/ca\\\/#\\\/schema\\\/logo\\\/image\\\/\"},\"sameAs\":[\"https:\\\/\\\/www.facebook.com\\\/luxm2\\\/?hc_ref=ARQm5M0UOH26I3A0w4V9JnxdLbywuIk19cmpkoZdQL5sdrhr4Kl4cGjwLW9M9U-wKig&amp;amp;amp;amp;amp;amp;amp;amp;amp;amp;amp;amp;amp;amp;amp;amp;amp;amp;amp;amp;amp;amp;amp;amp;amp;amp;amp;amp;amp;amp;amp;amp;amp;amp;amp;amp;amp;amp;fref=nf\",\"https:\\\/\\\/www.instagram.com\\\/m2luxspain\\\/\",\"https:\\\/\\\/www.pinterest.es\\\/m2luximmo\\\/\"]}]}<\/script>\n<!-- \/ Yoast SEO plugin. -->","yoast_head_json":{"title":"M2 Lux - Catalunya, una comunitat aut\u00f2noma dins d'Espanya.","description":"Catalunya \u00e9s una comunitat aut\u00f2noma dins del Regne d'Espanya. Presentem a la seva atenci\u00f3 una hist\u00f2ria sobre aquesta meravellosa regi\u00f3.","robots":{"index":"index","follow":"follow","max-snippet":"max-snippet:-1","max-image-preview":"max-image-preview:large","max-video-preview":"max-video-preview:-1"},"canonical":"https:\/\/luxm2.com\/ca\/catalunya\/","og_locale":"ca_ES","og_type":"article","og_title":"M2 Lux - Catalunya, una comunitat aut\u00f2noma dins d'Espanya.","og_description":"Catalunya \u00e9s una comunitat aut\u00f2noma dins del Regne d'Espanya. Presentem a la seva atenci\u00f3 una hist\u00f2ria sobre aquesta meravellosa regi\u00f3.","og_url":"https:\/\/luxm2.com\/ca\/catalunya\/","og_site_name":"M2 Lux","article_publisher":"https:\/\/www.facebook.com\/luxm2\/?hc_ref=ARQm5M0UOH26I3A0w4V9JnxdLbywuIk19cmpkoZdQL5sdrhr4Kl4cGjwLW9M9U-wKig&amp%3bamp%3bamp%3bamp%3bamp%3bamp%3bamp%3bamp%3bamp%3bamp%3bamp%3bamp%3bamp%3bamp%3bamp%3bamp%3bamp%3bamp%3bamp%3bamp%3bamp%3bamp%3bamp%3bamp%3bamp%3bamp%3bamp%3bamp%3bamp%3bamp%3bamp%3bamp%3bamp%3bamp%3bamp%3bamp%3bamp%3bamp%3bfref=nf","article_modified_time":"2022-02-24T15:27:52+00:00","og_image":[{"url":"https:\/\/luxm2.com\/wp-content\/uploads\/2021\/04\/Catalonia_0002.jpg","type":"","width":"","height":""}],"twitter_card":"summary_large_image","twitter_misc":{"Temps estimat de lectura":"7 minuts"},"schema":{"@context":"https:\/\/schema.org","@graph":[{"@type":"WebPage","@id":"https:\/\/luxm2.com\/ca\/catalunya\/","url":"https:\/\/luxm2.com\/ca\/catalunya\/","name":"M2 Lux - Catalunya, una comunitat aut\u00f2noma dins d'Espanya.","isPartOf":{"@id":"https:\/\/luxm2.com\/ca\/#website"},"primaryImageOfPage":{"@id":"https:\/\/luxm2.com\/ca\/catalunya\/#primaryimage"},"image":{"@id":"https:\/\/luxm2.com\/ca\/catalunya\/#primaryimage"},"thumbnailUrl":"https:\/\/luxm2.com\/wp-content\/uploads\/2021\/04\/Catalonia_0001-300x200.jpg","datePublished":"2021-04-26T14:18:10+00:00","dateModified":"2022-02-24T15:27:52+00:00","description":"Catalunya \u00e9s una comunitat aut\u00f2noma dins del Regne d'Espanya. Presentem a la seva atenci\u00f3 una hist\u00f2ria sobre aquesta meravellosa regi\u00f3.","breadcrumb":{"@id":"https:\/\/luxm2.com\/ca\/catalunya\/#breadcrumb"},"inLanguage":"ca","potentialAction":[{"@type":"ReadAction","target":["https:\/\/luxm2.com\/ca\/catalunya\/"]}]},{"@type":"ImageObject","inLanguage":"ca","@id":"https:\/\/luxm2.com\/ca\/catalunya\/#primaryimage","url":"https:\/\/luxm2.com\/wp-content\/uploads\/2021\/04\/Catalonia_0001-300x200.jpg","contentUrl":"https:\/\/luxm2.com\/wp-content\/uploads\/2021\/04\/Catalonia_0001-300x200.jpg"},{"@type":"BreadcrumbList","@id":"https:\/\/luxm2.com\/ca\/catalunya\/#breadcrumb","itemListElement":[{"@type":"ListItem","position":1,"name":"Home","item":"https:\/\/luxm2.com\/ca\/"},{"@type":"ListItem","position":2,"name":"Catalunya"}]},{"@type":"WebSite","@id":"https:\/\/luxm2.com\/ca\/#website","url":"https:\/\/luxm2.com\/ca\/","name":"M2 Lux","description":"M2 Lux Real Estate Agency","publisher":{"@id":"https:\/\/luxm2.com\/ca\/#organization"},"potentialAction":[{"@type":"SearchAction","target":{"@type":"EntryPoint","urlTemplate":"https:\/\/luxm2.com\/ca\/?s={search_term_string}"},"query-input":{"@type":"PropertyValueSpecification","valueRequired":true,"valueName":"search_term_string"}}],"inLanguage":"ca"},{"@type":"Organization","@id":"https:\/\/luxm2.com\/ca\/#organization","name":"Brokerage & Consulting M2 Lux S.L.","url":"https:\/\/luxm2.com\/ca\/","logo":{"@type":"ImageObject","inLanguage":"ca","@id":"https:\/\/luxm2.com\/ca\/#\/schema\/logo\/image\/","url":"https:\/\/luxm2.com\/wp-content\/uploads\/2017\/08\/LUX-M2-without-border-500.jpg","contentUrl":"https:\/\/luxm2.com\/wp-content\/uploads\/2017\/08\/LUX-M2-without-border-500.jpg","width":500,"height":500,"caption":"Brokerage & Consulting M2 Lux S.L."},"image":{"@id":"https:\/\/luxm2.com\/ca\/#\/schema\/logo\/image\/"},"sameAs":["https:\/\/www.facebook.com\/luxm2\/?hc_ref=ARQm5M0UOH26I3A0w4V9JnxdLbywuIk19cmpkoZdQL5sdrhr4Kl4cGjwLW9M9U-wKig&amp;amp;amp;amp;amp;amp;amp;amp;amp;amp;amp;amp;amp;amp;amp;amp;amp;amp;amp;amp;amp;amp;amp;amp;amp;amp;amp;amp;amp;amp;amp;amp;amp;amp;amp;amp;amp;amp;fref=nf","https:\/\/www.instagram.com\/m2luxspain\/","https:\/\/www.pinterest.es\/m2luximmo\/"]}]}},"_links":{"self":[{"href":"https:\/\/luxm2.com\/ca\/wp-json\/wp\/v2\/pages\/91621","targetHints":{"allow":["GET"]}}],"collection":[{"href":"https:\/\/luxm2.com\/ca\/wp-json\/wp\/v2\/pages"}],"about":[{"href":"https:\/\/luxm2.com\/ca\/wp-json\/wp\/v2\/types\/page"}],"author":[{"embeddable":true,"href":"https:\/\/luxm2.com\/ca\/wp-json\/wp\/v2\/users\/1"}],"replies":[{"embeddable":true,"href":"https:\/\/luxm2.com\/ca\/wp-json\/wp\/v2\/comments?post=91621"}],"version-history":[{"count":0,"href":"https:\/\/luxm2.com\/ca\/wp-json\/wp\/v2\/pages\/91621\/revisions"}],"wp:attachment":[{"href":"https:\/\/luxm2.com\/ca\/wp-json\/wp\/v2\/media?parent=91621"}],"curies":[{"name":"wp","href":"https:\/\/api.w.org\/{rel}","templated":true}]}}