{"id":783,"date":"2016-07-01T09:48:47","date_gmt":"2016-07-01T07:48:47","guid":{"rendered":"http:\/\/luxm2.com\/wordpress?page_id=783"},"modified":"2026-03-11T12:15:54","modified_gmt":"2026-03-11T11:15:54","slug":"home","status":"publish","type":"page","link":"https:\/\/luxm2.com\/ca\/","title":{"rendered":"M2 Lux &#8211; Ag\u00e8ncia immobili\u00e0ria"},"content":{"rendered":"<div class=\"wpb-content-wrapper\"><p>[vc_row full_width=&#8221;stretch_row_content_no_spaces&#8221; css=&#8221;.vc_custom_1767023844195{background-position: center !important;background-repeat: no-repeat !important;background-size: cover !important;}&#8221; el_class=&#8221;banner&#8211;overlay&#8221;][vc_column css=&#8221;.vc_custom_1767023901161{padding-top: 0px !important;background-image: url(https:\/\/luxm2.com\/wp-content\/uploads\/2025\/12\/CalaPlatja-2-resize-min-2.jpg?id=112657) !important;background-position: center !important;background-repeat: no-repeat !important;background-size: cover !important;}&#8221;][cf47rs_section_hero title=&#8221;Voleu comprar una casa nova? Heu vingut al lloc correcte!&#8221; subtitle=&#8221;Us oferim la millor selecci\u00f3 de b\u00e9ns immobles de la Costa Brava&#8221; scroll_text=&#8221;Despla\u00e7a&#8217;t per explorar&#8221;][cf47rs_search_field field_name=&#8221;location&#8221;][cf47rs_search_field field_name=&#8221;property_type&#8221;][cf47rs_search_field field_name=&#8221;area&#8221;][cf47rs_search_field field_name=&#8221;bedroom&#8221;][cf47rs_search_field field_name=&#8221;price&#8221;][\/cf47rs_section_hero][\/vc_column][\/vc_row][vc_row full_width=&#8221;stretch_row_content_no_spaces&#8221;][vc_column css=&#8221;.vc_custom_1467988013893{padding-top: 0px !important;}&#8221;][cf47rs_section_property_group title=&#8221;Immobles&#8221; subtitle=&#8221;La nostra base de dades cont\u00e9 ofertes \u00faniques i interessants directament dels propietaris.&#8221; css=&#8221;.vc_custom_1501605598290{padding-top: 0px !important;}&#8221;][cf47rs_section_property_group_tab title=&#8221;Recent&#8221; data_max_items=&#8221;6&#8243;][cf47rs_section_property_group_tab title=&#8221;Destacat&#8221; data_type=&#8221;featured&#8221; data_max_items=&#8221;6&#8243;][\/cf47rs_section_property_group][\/vc_column][\/vc_row][vc_row full_width=&#8221;stretch_row_content_no_spaces&#8221; css=&#8221;.vc_custom_1467987973009{padding-top: 0px !important;background-color: #ffffff !important;}&#8221;][vc_column css=&#8221;.vc_custom_1467988153317{padding-top: 0px !important;}&#8221;][cf47rs_section_features title=&#8221;La nostra missi\u00f3&#8221; subtitle=&#8221;Vols comprar o vendre, llogar una casa, vila, pis, apartament? Treballem amb b\u00e9ns immobles a les ciutats m\u00e9s populars de la Costa Brava: Blanes, Lloret de Mar, Tossa de Mar, Sant Feliu de Gu\u00edxols, S&#8217;Agar\u00f3 (La Gavina), Platja d&#8217;Aro, Sant Antoni de Calonge, Palam\u00f3s, Begur, L&#8217;Estartit, L&#8217;Escala, Empuriabrava, Roses.&#8221; side_image=&#8221;711&#8243; css=&#8221;.vc_custom_1539598184570{padding-top: 0px !important;}&#8221;][cf47rs_section_features_item label=&#8221;Estalvieu diners&#8221; add_icon=&#8221;true&#8221; icon_type=&#8221;svg&#8221; icon_svg=&#8221;svg-icon svg-icon-money-save&#8221;]Comen\u00e7a amb la nostra base de dades de millors immobles a la Costa Brava, incloent cases de venda, habitatges de lloguer i habitatges no actualment al mercat.[\/cf47rs_section_features_item][cf47rs_section_features_item label=&#8221;Bones vendes i m\u00e0rqueting&#8221; add_icon=&#8221;true&#8221; icon_type=&#8221;svg&#8221; icon_svg=&#8221;svg-icon svg-icon-good-sales&#8221;]A m\u00e9s, M2 Lux coopera amb les xarxes immobili\u00e0ries i de lloguer de publicitat m\u00e9s grans d&#8217;Espanya i R\u00fassia.[\/cf47rs_section_features_item][cf47rs_section_features_item label=&#8221;Confort&#8221; add_icon=&#8221;true&#8221; icon_type=&#8221;svg&#8221; icon_svg=&#8221;svg-icon svg-icon-comfort&#8221;]Estem transformant la manera com els consumidors prenen decisions relacionades amb la llar i es connecten amb els professionals.[\/cf47rs_section_features_item][cf47rs_section_features_item label=&#8221;F\u00c0CIL DE TROBAR&#8221; add_icon=&#8221;true&#8221; icon_type=&#8221;svg&#8221; icon_svg=&#8221;svg-icon svg-icon-easy&#8221;]Estem disponibles per a reunir-se amb vost\u00e8 en qualsevol lloc convenient i en qualsevol moment convenient per discutir els detalls de la seva nova llar.[\/cf47rs_section_features_item][\/cf47rs_section_features][\/vc_column][\/vc_row][vc_row full_width=&#8221;stretch_row_content_no_spaces&#8221; disable_element=&#8221;yes&#8221;][vc_column][cf47rs_section_agents title=&#8221;Our agents&#8221; subtitle=&#8221;Our agents are licensed professionals that specialise in searching, evaluating and negotiating the purchase of property on behalf of the buyer. They will sell you real estate. Insights, tips &amp; how-to guides on selling property and preparing your home or investment property for sale and working to maximise your sale price.&#8221; data_max_items=&#8221;4&#8243;][\/vc_column][\/vc_row][vc_row full_width=&#8221;stretch_row_content_no_spaces&#8221;][vc_column][cf47rs_section_posts title=&#8221;\u00daLTIMES NOTICIES&#8221; data_max_items=&#8221;6&#8243;][\/vc_column][\/vc_row][vc_row full_width=&#8221;stretch_row_content_no_spaces&#8221; disable_element=&#8221;yes&#8221; css=&#8221;.vc_custom_1501605646075{background-image: url(http:\/\/realtyspace.codefactory47.com\/app\/uploads\/2016\/04\/bg-achievement.jpg?id=136) !important;background-position: center !important;background-repeat: no-repeat !important;background-size: cover !important;}&#8221;][vc_column css=&#8221;.vc_custom_1466700899805{padding-top: 0px !important;padding-bottom: 0px !important;}&#8221;][cf47rs_section_counter][cf47rs_section_counter_item count_to=&#8221;755300&#8243; label=&#8221;TRANSACTIONS&#8221; add_icon=&#8221;true&#8221; icon_type=&#8221;svg&#8221; icon_svg=&#8221;svg-icon svg-icon-transactions&#8221;][cf47rs_section_counter_item count_to=&#8221;17620&#8243; label=&#8221;SATISFIED CUSTOMERS&#8221; add_icon=&#8221;true&#8221; icon_type=&#8221;svg&#8221; icon_svg=&#8221;svg-icon svg-icon-customers&#8221;][cf47rs_section_counter_item count_to=&#8221;790&#8243; label=&#8221;AGENCIES&#8221; add_icon=&#8221;true&#8221; icon_type=&#8221;svg&#8221; icon_svg=&#8221;svg-icon svg-icon-agency&#8221;][cf47rs_section_counter_item count_to=&#8221;1528715&#8243; label=&#8221;SALES &amp; RENTS&#8221; add_icon=&#8221;true&#8221; icon_type=&#8221;svg&#8221; icon_svg=&#8221;svg-icon svg-icon-sales&#8221;][\/cf47rs_section_counter][\/vc_column][\/vc_row][vc_row full_width=&#8221;stretch_row_content_no_spaces&#8221; disable_element=&#8221;yes&#8221;][vc_column][cf47rs_section_testimonials title=&#8221;TESTIMONIALS&#8221; subtitle=&#8221;INSIGHTS, TIPS &amp; HOW-TO GUIDES ON SELLING PROPERTY AND PREPARING YOUR HOME OR INVESTMENT PROPERTY FOR SALE&#8221; data_max_items=&#8221;5&#8243;][\/vc_column][\/vc_row][vc_row full_width=&#8221;stretch_row_content_no_spaces&#8221; content_placement=&#8221;top&#8221; disable_element=&#8221;yes&#8221; el_class=&#8221;gosubmit__bg&#8221; css=&#8221;.vc_custom_1501604605123{background: #ffffff url(http:\/\/luxm2.com\/wordpress\/wp-content\/uploads\/2016\/06\/bg-gosubmit.jpg?id=350) !important;}&#8221;][vc_column css=&#8221;.vc_custom_1466701428997{padding-top: 0px !important;background-position: 0 0 !important;background-repeat: no-repeat !important;}&#8221;][cf47rs_section_cta text=&#8221;JTIwJTNDZGl2JTIwY2xhc3MlM0QlMjJnb3N1Ym1pdF9fdGl0bGUlMjIlM0UlMEElMjAlMjAlMjAlMjAlM0NkaXYlMjBjbGFzcyUzRCUyMmdvc3VibWl0X190aXRsZV9fcm93JTIwZ29zdWJtaXRfX3RpdGxlX19yb3ctLWZpcnN0JTIyJTNFJTBBJTIwJTIwJTIwJTIwJTIwJTIwJTIwJTIwTG9va2luZyUyMHRvJTBBJTIwJTIwJTIwJTIwJTNDJTJGZGl2JTNFJTBBJTIwJTIwJTIwJTIwJTNDZGl2JTIwY2xhc3MlM0QlMjJnb3N1Ym1pdF9fdGl0bGVfX3JvdyUyMGdvc3VibWl0X190aXRsZV9fcm93LS1zZWNvbmQlMjIlM0UlMEElMjAlMjAlMjAlMjAlMjAlMjAlMjAlMjAlM0NzcGFuJTIwY2xhc3MlM0QlMjJnb3N1Ym1pdF9fdGl0bGVfX29wdGlvbiUyMiUzRSUwQSUyMCUyMCUyMCUyMCUyMCUyMCUyMCUyMCUyMCUyMCUyMCUyMFNlbGwlMEElMjAlMjAlMjAlMjAlMjAlMjAlMjAlMjAlM0MlMkZzcGFuJTNFJTBBJTIwJTIwJTIwJTIwJTIwJTIwJTIwJTIwb3IlMEElMjAlMjAlMjAlMjAlMjAlMjAlMjAlMjAlM0NzcGFuJTIwY2xhc3MlM0QlMjJnb3N1Ym1pdF9fdGl0bGVfX29wdGlvbiUyMiUzRSUwQSUyMCUyMCUyMCUyMCUyMCUyMCUyMCUyMCUyMCUyMCUyMCUyMFJlbnQlMEElMjAlMjAlMjAlMjAlMjAlMjAlMjAlMjAlM0MlMkZzcGFuJTNFJTBBJTIwJTIwJTIwJTIwJTNDJTJGZGl2JTNFJTBBJTIwJTIwJTIwJTIwJTNDZGl2JTIwY2xhc3MlM0QlMjJnb3N1Ym1pdF9fdGl0bGVfX3JvdyUyMGdvc3VibWl0X190aXRsZV9fcm93LS10aGlyZCUyMiUzRSUwQSUyMCUyMCUyMCUyMCUyMCUyMCUyMCUyMFlvdXIlMjBQcm9wZXJ0eSUzRiUwQSUyMCUyMCUyMCUyMCUzQyUyRmRpdiUzRSUwQSUzQyUyRmRpdiUzRSUwQSUzQ2ElMjBocmVmJTNEJTIyJTJGc3VibWl0LWEtcHJvcGVydHklMkYlMjIlMjBjbGFzcyUzRCUyMmdvc3VibWl0X19idG4lMjIlM0VTdWJtaXQlMjBub3clM0MlMkZhJTNF&#8221; css=&#8221;.vc_custom_1466759385348{background-position: 0 0 !important;background-repeat: no-repeat !important;}&#8221;][\/vc_column][\/vc_row][vc_row full_width=&#8221;stretch_row_content_no_spaces&#8221;][vc_column][cf47rs_section_partners title=&#8221;Recomanem&#8221; subtitle=&#8221;M2 Lux s&#8217;enorgulleix de representar-vos els serveis oferts pels nostres socis seleccionats&#8221; data_orderby=&#8221;rand&#8221; data_max_items=&#8221;10&#8243; slides_to_show=&#8221;3&#8243;][\/vc_column][\/vc_row]<\/p>\n<\/div>","protected":false},"excerpt":{"rendered":"<p>[vc_row full_width=&#8221;stretch_row_content_no_spaces&#8221; css=&#8221;.vc_custom_1767023844195{background-position: center !important;background-repeat: no-repeat !important;background-size: cover !important;}&#8221; el_class=&#8221;banner&#8211;overlay&#8221;][vc_column css=&#8221;.vc_custom_1767023901161{padding-top: 0px !important;background-image: url(https:\/\/luxm2.com\/wp-content\/uploads\/2025\/12\/CalaPlatja-2-resize-min-2.jpg?id=112657) !important;background-position: center !important;background-repeat: no-repeat !important;background-size: cover !important;}&#8221;][cf47rs_section_hero title=&#8221;Voleu comprar una casa nova? Heu vingut al lloc correcte!&#8221; subtitle=&#8221;Us oferim la millor selecci\u00f3 de b\u00e9ns immobles de la Costa Brava&#8221; scroll_text=&#8221;Despla\u00e7a&#8217;t per explorar&#8221;][cf47rs_search_field field_name=&#8221;location&#8221;][cf47rs_search_field field_name=&#8221;property_type&#8221;][cf47rs_search_field field_name=&#8221;area&#8221;][cf47rs_search_field field_name=&#8221;bedroom&#8221;][cf47rs_search_field field_name=&#8221;price&#8221;][\/cf47rs_section_hero][\/vc_column][\/vc_row][vc_row full_width=&#8221;stretch_row_content_no_spaces&#8221;][vc_column css=&#8221;.vc_custom_1467988013893{padding-top: 0px !important;}&#8221;][cf47rs_section_property_group [&hellip;]<\/p>\n","protected":false},"author":1,"featured_media":0,"parent":0,"menu_order":0,"comment_status":"closed","ping_status":"closed","template":"page-templates\/template-vc.php","meta":{"footnotes":""},"class_list":["post-783","page","type-page","status-publish","hentry"],"acf":[],"yoast_head":"<!-- This site is optimized with the Yoast SEO plugin v27.3 - https:\/\/yoast.com\/product\/yoast-seo-wordpress\/ -->\n<title>M2 Lux - Ag\u00e8ncia Immobili\u00e0ria, venda i lloguer a la Costa Brava.<\/title>\n<meta name=\"description\" content=\"Ag\u00e8ncia immobili\u00e0ria M2 Lux li presenta els millors exemples de b\u00e9ns immobles per a compra-venda o lloguer a la Costa Brava.\" \/>\n<meta name=\"robots\" content=\"index, follow, max-snippet:-1, max-image-preview:large, max-video-preview:-1\" \/>\n<link rel=\"canonical\" href=\"https:\/\/luxm2.com\/ca\/\" \/>\n<meta property=\"og:locale\" content=\"ca_ES\" \/>\n<meta property=\"og:type\" content=\"article\" \/>\n<meta property=\"og:title\" content=\"M2 Lux - Ag\u00e8ncia Immobili\u00e0ria, venda i lloguer a la Costa Brava.\" \/>\n<meta property=\"og:description\" content=\"Ag\u00e8ncia immobili\u00e0ria M2 Lux li presenta els millors exemples de b\u00e9ns immobles per a compra-venda o lloguer a la Costa Brava.\" \/>\n<meta property=\"og:url\" content=\"https:\/\/luxm2.com\/ca\/\" \/>\n<meta property=\"og:site_name\" content=\"M2 Lux\" \/>\n<meta property=\"article:publisher\" content=\"https:\/\/www.facebook.com\/luxm2\/?hc_ref=ARQm5M0UOH26I3A0w4V9JnxdLbywuIk19cmpkoZdQL5sdrhr4Kl4cGjwLW9M9U-wKig&amp;amp%3bamp%3bamp%3bamp%3bamp%3bamp%3bamp%3bamp%3bamp%3bamp%3bamp%3bamp%3bamp%3bamp%3bamp%3bamp%3bamp%3bamp%3bamp%3bamp%3bamp%3bamp%3bamp%3bamp%3bamp%3bamp%3bamp%3bamp%3bamp%3bamp%3bamp%3bamp%3bamp%3bamp%3bamp%3bamp%3bamp%3bamp%3bfref=nf\" \/>\n<meta property=\"article:modified_time\" content=\"2026-03-11T11:15:54+00:00\" \/>\n<meta name=\"twitter:card\" content=\"summary_large_image\" \/>\n<meta name=\"twitter:label1\" content=\"Temps estimat de lectura\" \/>\n\t<meta name=\"twitter:data1\" content=\"2 minuts\" \/>\n<script type=\"application\/ld+json\" class=\"yoast-schema-graph\">{\"@context\":\"https:\\\/\\\/schema.org\",\"@graph\":[{\"@type\":\"WebPage\",\"@id\":\"https:\\\/\\\/luxm2.com\\\/ca\\\/\",\"url\":\"https:\\\/\\\/luxm2.com\\\/ca\\\/\",\"name\":\"M2 Lux - Ag\u00e8ncia Immobili\u00e0ria, venda i lloguer a la Costa Brava.\",\"isPartOf\":{\"@id\":\"https:\\\/\\\/luxm2.com\\\/ca\\\/#website\"},\"datePublished\":\"2016-07-01T07:48:47+00:00\",\"dateModified\":\"2026-03-11T11:15:54+00:00\",\"description\":\"Ag\u00e8ncia immobili\u00e0ria M2 Lux li presenta els millors exemples de b\u00e9ns immobles per a compra-venda o lloguer a la Costa Brava.\",\"breadcrumb\":{\"@id\":\"https:\\\/\\\/luxm2.com\\\/ca\\\/#breadcrumb\"},\"inLanguage\":\"ca\",\"potentialAction\":[{\"@type\":\"ReadAction\",\"target\":[\"https:\\\/\\\/luxm2.com\\\/ca\\\/\"]}]},{\"@type\":\"BreadcrumbList\",\"@id\":\"https:\\\/\\\/luxm2.com\\\/ca\\\/#breadcrumb\",\"itemListElement\":[{\"@type\":\"ListItem\",\"position\":1,\"name\":\"Home\",\"item\":\"https:\\\/\\\/luxm2.com\\\/ca\\\/\"},{\"@type\":\"ListItem\",\"position\":2,\"name\":\"M2 Lux &#8211; Ag\u00e8ncia immobili\u00e0ria\"}]},{\"@type\":\"WebSite\",\"@id\":\"https:\\\/\\\/luxm2.com\\\/ca\\\/#website\",\"url\":\"https:\\\/\\\/luxm2.com\\\/ca\\\/\",\"name\":\"M2 Lux\",\"description\":\"M2 Lux Real Estate Agency\",\"publisher\":{\"@id\":\"https:\\\/\\\/luxm2.com\\\/ca\\\/#organization\"},\"potentialAction\":[{\"@type\":\"SearchAction\",\"target\":{\"@type\":\"EntryPoint\",\"urlTemplate\":\"https:\\\/\\\/luxm2.com\\\/ca\\\/?s={search_term_string}\"},\"query-input\":{\"@type\":\"PropertyValueSpecification\",\"valueRequired\":true,\"valueName\":\"search_term_string\"}}],\"inLanguage\":\"ca\"},{\"@type\":\"Organization\",\"@id\":\"https:\\\/\\\/luxm2.com\\\/ca\\\/#organization\",\"name\":\"Brokerage & Consulting M2 Lux S.L.\",\"url\":\"https:\\\/\\\/luxm2.com\\\/ca\\\/\",\"logo\":{\"@type\":\"ImageObject\",\"inLanguage\":\"ca\",\"@id\":\"https:\\\/\\\/luxm2.com\\\/ca\\\/#\\\/schema\\\/logo\\\/image\\\/\",\"url\":\"https:\\\/\\\/luxm2.com\\\/wp-content\\\/uploads\\\/2017\\\/08\\\/LUX-M2-without-border-500.jpg\",\"contentUrl\":\"https:\\\/\\\/luxm2.com\\\/wp-content\\\/uploads\\\/2017\\\/08\\\/LUX-M2-without-border-500.jpg\",\"width\":500,\"height\":500,\"caption\":\"Brokerage & Consulting M2 Lux S.L.\"},\"image\":{\"@id\":\"https:\\\/\\\/luxm2.com\\\/ca\\\/#\\\/schema\\\/logo\\\/image\\\/\"},\"sameAs\":[\"https:\\\/\\\/www.facebook.com\\\/luxm2\\\/?hc_ref=ARQm5M0UOH26I3A0w4V9JnxdLbywuIk19cmpkoZdQL5sdrhr4Kl4cGjwLW9M9U-wKig&amp;amp;amp;amp;amp;amp;amp;amp;amp;amp;amp;amp;amp;amp;amp;amp;amp;amp;amp;amp;amp;amp;amp;amp;amp;amp;amp;amp;amp;amp;amp;amp;amp;amp;amp;amp;amp;amp;fref=nf\",\"https:\\\/\\\/www.instagram.com\\\/m2luxspain\\\/\",\"https:\\\/\\\/www.pinterest.es\\\/m2luximmo\\\/\"]}]}<\/script>\n<!-- \/ Yoast SEO plugin. -->","yoast_head_json":{"title":"M2 Lux - Ag\u00e8ncia Immobili\u00e0ria, venda i lloguer a la Costa Brava.","description":"Ag\u00e8ncia immobili\u00e0ria M2 Lux li presenta els millors exemples de b\u00e9ns immobles per a compra-venda o lloguer a la Costa Brava.","robots":{"index":"index","follow":"follow","max-snippet":"max-snippet:-1","max-image-preview":"max-image-preview:large","max-video-preview":"max-video-preview:-1"},"canonical":"https:\/\/luxm2.com\/ca\/","og_locale":"ca_ES","og_type":"article","og_title":"M2 Lux - Ag\u00e8ncia Immobili\u00e0ria, venda i lloguer a la Costa Brava.","og_description":"Ag\u00e8ncia immobili\u00e0ria M2 Lux li presenta els millors exemples de b\u00e9ns immobles per a compra-venda o lloguer a la Costa Brava.","og_url":"https:\/\/luxm2.com\/ca\/","og_site_name":"M2 Lux","article_publisher":"https:\/\/www.facebook.com\/luxm2\/?hc_ref=ARQm5M0UOH26I3A0w4V9JnxdLbywuIk19cmpkoZdQL5sdrhr4Kl4cGjwLW9M9U-wKig&amp%3bamp%3bamp%3bamp%3bamp%3bamp%3bamp%3bamp%3bamp%3bamp%3bamp%3bamp%3bamp%3bamp%3bamp%3bamp%3bamp%3bamp%3bamp%3bamp%3bamp%3bamp%3bamp%3bamp%3bamp%3bamp%3bamp%3bamp%3bamp%3bamp%3bamp%3bamp%3bamp%3bamp%3bamp%3bamp%3bamp%3bamp%3bfref=nf","article_modified_time":"2026-03-11T11:15:54+00:00","twitter_card":"summary_large_image","twitter_misc":{"Temps estimat de lectura":"2 minuts"},"schema":{"@context":"https:\/\/schema.org","@graph":[{"@type":"WebPage","@id":"https:\/\/luxm2.com\/ca\/","url":"https:\/\/luxm2.com\/ca\/","name":"M2 Lux - Ag\u00e8ncia Immobili\u00e0ria, venda i lloguer a la Costa Brava.","isPartOf":{"@id":"https:\/\/luxm2.com\/ca\/#website"},"datePublished":"2016-07-01T07:48:47+00:00","dateModified":"2026-03-11T11:15:54+00:00","description":"Ag\u00e8ncia immobili\u00e0ria M2 Lux li presenta els millors exemples de b\u00e9ns immobles per a compra-venda o lloguer a la Costa Brava.","breadcrumb":{"@id":"https:\/\/luxm2.com\/ca\/#breadcrumb"},"inLanguage":"ca","potentialAction":[{"@type":"ReadAction","target":["https:\/\/luxm2.com\/ca\/"]}]},{"@type":"BreadcrumbList","@id":"https:\/\/luxm2.com\/ca\/#breadcrumb","itemListElement":[{"@type":"ListItem","position":1,"name":"Home","item":"https:\/\/luxm2.com\/ca\/"},{"@type":"ListItem","position":2,"name":"M2 Lux &#8211; Ag\u00e8ncia immobili\u00e0ria"}]},{"@type":"WebSite","@id":"https:\/\/luxm2.com\/ca\/#website","url":"https:\/\/luxm2.com\/ca\/","name":"M2 Lux","description":"M2 Lux Real Estate Agency","publisher":{"@id":"https:\/\/luxm2.com\/ca\/#organization"},"potentialAction":[{"@type":"SearchAction","target":{"@type":"EntryPoint","urlTemplate":"https:\/\/luxm2.com\/ca\/?s={search_term_string}"},"query-input":{"@type":"PropertyValueSpecification","valueRequired":true,"valueName":"search_term_string"}}],"inLanguage":"ca"},{"@type":"Organization","@id":"https:\/\/luxm2.com\/ca\/#organization","name":"Brokerage & Consulting M2 Lux S.L.","url":"https:\/\/luxm2.com\/ca\/","logo":{"@type":"ImageObject","inLanguage":"ca","@id":"https:\/\/luxm2.com\/ca\/#\/schema\/logo\/image\/","url":"https:\/\/luxm2.com\/wp-content\/uploads\/2017\/08\/LUX-M2-without-border-500.jpg","contentUrl":"https:\/\/luxm2.com\/wp-content\/uploads\/2017\/08\/LUX-M2-without-border-500.jpg","width":500,"height":500,"caption":"Brokerage & Consulting M2 Lux S.L."},"image":{"@id":"https:\/\/luxm2.com\/ca\/#\/schema\/logo\/image\/"},"sameAs":["https:\/\/www.facebook.com\/luxm2\/?hc_ref=ARQm5M0UOH26I3A0w4V9JnxdLbywuIk19cmpkoZdQL5sdrhr4Kl4cGjwLW9M9U-wKig&amp;amp;amp;amp;amp;amp;amp;amp;amp;amp;amp;amp;amp;amp;amp;amp;amp;amp;amp;amp;amp;amp;amp;amp;amp;amp;amp;amp;amp;amp;amp;amp;amp;amp;amp;amp;amp;amp;fref=nf","https:\/\/www.instagram.com\/m2luxspain\/","https:\/\/www.pinterest.es\/m2luximmo\/"]}]}},"_links":{"self":[{"href":"https:\/\/luxm2.com\/ca\/wp-json\/wp\/v2\/pages\/783","targetHints":{"allow":["GET"]}}],"collection":[{"href":"https:\/\/luxm2.com\/ca\/wp-json\/wp\/v2\/pages"}],"about":[{"href":"https:\/\/luxm2.com\/ca\/wp-json\/wp\/v2\/types\/page"}],"author":[{"embeddable":true,"href":"https:\/\/luxm2.com\/ca\/wp-json\/wp\/v2\/users\/1"}],"replies":[{"embeddable":true,"href":"https:\/\/luxm2.com\/ca\/wp-json\/wp\/v2\/comments?post=783"}],"version-history":[{"count":0,"href":"https:\/\/luxm2.com\/ca\/wp-json\/wp\/v2\/pages\/783\/revisions"}],"wp:attachment":[{"href":"https:\/\/luxm2.com\/ca\/wp-json\/wp\/v2\/media?parent=783"}],"curies":[{"name":"wp","href":"https:\/\/api.w.org\/{rel}","templated":true}]}}