{"id":1231,"date":"2016-04-18T15:25:28","date_gmt":"2016-04-18T13:25:28","guid":{"rendered":"http:\/\/luxm2.com?page_id=1231"},"modified":"2019-12-23T12:48:59","modified_gmt":"2019-12-23T11:48:59","slug":"contact","status":"publish","type":"page","link":"https:\/\/luxm2.com\/ca\/contact\/","title":{"rendered":"Contacte"},"content":{"rendered":"<div class=\"wpb-content-wrapper\"><p>[vc_row][vc_column][vc_column_text]<br \/>\n<strong> Contacti&#8217;ns per trobar la seva nova llar <\/strong><br \/>\n[\/vc_column_text][vc_column_text]<br \/>\nAmb una \u00e0mplia experi\u00e8ncia en l&#8217;\u00e0mbit de l&#8217;administraci\u00f3 i gesti\u00f3 de propietats de luxe, incloent super-iots per a individus d&#8217;High Net Worth, vam decidir obrir la nostra pr\u00f2pia ag\u00e8ncia Brokerage &amp; Consulting M2 Lux S.L. per proporcionar el m\u00e0xim nivell de servei als nostres clients.<br \/>\n[\/vc_column_text][vc_column_text]<br \/>\nSi us plau, no dubti en posar-se en contacte amb nosaltres per discutir els detalls de la seva nova llar!<br \/>\n[\/vc_column_text][vc_column_text]<\/p>\n<div>El nombre oficial en el Registre d&#8217;Agents Immobiliaris de Catalunya \u00e9s 8444.<\/div>\n<div>Brokerage &amp; Consulting M2 Lux S.L. \u00e9s el membre de l&#8217;Associaci\u00f3 d&#8217;Agents Immobiliaris (API).<\/div>\n<p>[\/vc_column_text][\/vc_column][\/vc_row]<\/p>\n<\/div>","protected":false},"excerpt":{"rendered":"<p>[vc_row][vc_column][vc_column_text] Contacti&#8217;ns per trobar la seva nova llar [\/vc_column_text][vc_column_text] Amb una \u00e0mplia experi\u00e8ncia en l&#8217;\u00e0mbit de l&#8217;administraci\u00f3 i gesti\u00f3 de propietats de luxe, incloent super-iots per a individus d&#8217;High Net Worth, vam decidir obrir la nostra pr\u00f2pia ag\u00e8ncia Brokerage &amp; Consulting M2 Lux S.L. per proporcionar el m\u00e0xim nivell de servei als nostres clients. [\/vc_column_text][vc_column_text] [&hellip;]<\/p>\n","protected":false},"author":1,"featured_media":0,"parent":0,"menu_order":0,"comment_status":"closed","ping_status":"closed","template":"page-templates\/template-page-contact.php","meta":{"footnotes":""},"class_list":["post-1231","page","type-page","status-publish","hentry"],"acf":[],"yoast_head":"<!-- This site is optimized with the Yoast SEO plugin v27.3 - https:\/\/yoast.com\/product\/yoast-seo-wordpress\/ -->\n<title>Contacte - M2 Lux<\/title>\n<meta name=\"robots\" content=\"index, follow, max-snippet:-1, max-image-preview:large, max-video-preview:-1\" \/>\n<link rel=\"canonical\" href=\"https:\/\/luxm2.com\/ca\/contact\/\" \/>\n<meta property=\"og:locale\" content=\"ca_ES\" \/>\n<meta property=\"og:type\" content=\"article\" \/>\n<meta property=\"og:title\" content=\"Contacte - M2 Lux\" \/>\n<meta property=\"og:description\" content=\"[vc_row][vc_column][vc_column_text] Contacti&#8217;ns per trobar la seva nova llar [\/vc_column_text][vc_column_text] Amb una \u00e0mplia experi\u00e8ncia en l&#8217;\u00e0mbit de l&#8217;administraci\u00f3 i gesti\u00f3 de propietats de luxe, incloent super-iots per a individus d&#8217;High Net Worth, vam decidir obrir la nostra pr\u00f2pia ag\u00e8ncia Brokerage &amp; Consulting M2 Lux S.L. per proporcionar el m\u00e0xim nivell de servei als nostres clients. [\/vc_column_text][vc_column_text] [&hellip;]\" \/>\n<meta property=\"og:url\" content=\"https:\/\/luxm2.com\/ca\/contact\/\" \/>\n<meta property=\"og:site_name\" content=\"M2 Lux\" \/>\n<meta property=\"article:publisher\" content=\"https:\/\/www.facebook.com\/luxm2\/?hc_ref=ARQm5M0UOH26I3A0w4V9JnxdLbywuIk19cmpkoZdQL5sdrhr4Kl4cGjwLW9M9U-wKig&amp;amp%3bamp%3bamp%3bamp%3bamp%3bamp%3bamp%3bamp%3bamp%3bamp%3bamp%3bamp%3bamp%3bamp%3bamp%3bamp%3bamp%3bamp%3bamp%3bamp%3bamp%3bamp%3bamp%3bamp%3bamp%3bamp%3bamp%3bamp%3bamp%3bamp%3bamp%3bamp%3bamp%3bamp%3bamp%3bamp%3bamp%3bamp%3bfref=nf\" \/>\n<meta property=\"article:modified_time\" content=\"2019-12-23T11:48:59+00:00\" \/>\n<meta name=\"twitter:card\" content=\"summary_large_image\" \/>\n<meta name=\"twitter:label1\" content=\"Temps estimat de lectura\" \/>\n\t<meta name=\"twitter:data1\" content=\"1 minut\" \/>\n<script type=\"application\/ld+json\" class=\"yoast-schema-graph\">{\"@context\":\"https:\\\/\\\/schema.org\",\"@graph\":[{\"@type\":\"WebPage\",\"@id\":\"https:\\\/\\\/luxm2.com\\\/ca\\\/contact\\\/\",\"url\":\"https:\\\/\\\/luxm2.com\\\/ca\\\/contact\\\/\",\"name\":\"Contacte - M2 Lux\",\"isPartOf\":{\"@id\":\"https:\\\/\\\/luxm2.com\\\/ca\\\/#website\"},\"datePublished\":\"2016-04-18T13:25:28+00:00\",\"dateModified\":\"2019-12-23T11:48:59+00:00\",\"breadcrumb\":{\"@id\":\"https:\\\/\\\/luxm2.com\\\/ca\\\/contact\\\/#breadcrumb\"},\"inLanguage\":\"ca\",\"potentialAction\":[{\"@type\":\"ReadAction\",\"target\":[\"https:\\\/\\\/luxm2.com\\\/ca\\\/contact\\\/\"]}]},{\"@type\":\"BreadcrumbList\",\"@id\":\"https:\\\/\\\/luxm2.com\\\/ca\\\/contact\\\/#breadcrumb\",\"itemListElement\":[{\"@type\":\"ListItem\",\"position\":1,\"name\":\"Home\",\"item\":\"https:\\\/\\\/luxm2.com\\\/ca\\\/\"},{\"@type\":\"ListItem\",\"position\":2,\"name\":\"Contacte\"}]},{\"@type\":\"WebSite\",\"@id\":\"https:\\\/\\\/luxm2.com\\\/ca\\\/#website\",\"url\":\"https:\\\/\\\/luxm2.com\\\/ca\\\/\",\"name\":\"M2 Lux\",\"description\":\"M2 Lux Real Estate Agency\",\"publisher\":{\"@id\":\"https:\\\/\\\/luxm2.com\\\/ca\\\/#organization\"},\"potentialAction\":[{\"@type\":\"SearchAction\",\"target\":{\"@type\":\"EntryPoint\",\"urlTemplate\":\"https:\\\/\\\/luxm2.com\\\/ca\\\/?s={search_term_string}\"},\"query-input\":{\"@type\":\"PropertyValueSpecification\",\"valueRequired\":true,\"valueName\":\"search_term_string\"}}],\"inLanguage\":\"ca\"},{\"@type\":\"Organization\",\"@id\":\"https:\\\/\\\/luxm2.com\\\/ca\\\/#organization\",\"name\":\"Brokerage & Consulting M2 Lux S.L.\",\"url\":\"https:\\\/\\\/luxm2.com\\\/ca\\\/\",\"logo\":{\"@type\":\"ImageObject\",\"inLanguage\":\"ca\",\"@id\":\"https:\\\/\\\/luxm2.com\\\/ca\\\/#\\\/schema\\\/logo\\\/image\\\/\",\"url\":\"https:\\\/\\\/luxm2.com\\\/wp-content\\\/uploads\\\/2017\\\/08\\\/LUX-M2-without-border-500.jpg\",\"contentUrl\":\"https:\\\/\\\/luxm2.com\\\/wp-content\\\/uploads\\\/2017\\\/08\\\/LUX-M2-without-border-500.jpg\",\"width\":500,\"height\":500,\"caption\":\"Brokerage & Consulting M2 Lux S.L.\"},\"image\":{\"@id\":\"https:\\\/\\\/luxm2.com\\\/ca\\\/#\\\/schema\\\/logo\\\/image\\\/\"},\"sameAs\":[\"https:\\\/\\\/www.facebook.com\\\/luxm2\\\/?hc_ref=ARQm5M0UOH26I3A0w4V9JnxdLbywuIk19cmpkoZdQL5sdrhr4Kl4cGjwLW9M9U-wKig&amp;amp;amp;amp;amp;amp;amp;amp;amp;amp;amp;amp;amp;amp;amp;amp;amp;amp;amp;amp;amp;amp;amp;amp;amp;amp;amp;amp;amp;amp;amp;amp;amp;amp;amp;amp;amp;amp;fref=nf\",\"https:\\\/\\\/www.instagram.com\\\/m2luxspain\\\/\",\"https:\\\/\\\/www.pinterest.es\\\/m2luximmo\\\/\"]}]}<\/script>\n<!-- \/ Yoast SEO plugin. -->","yoast_head_json":{"title":"Contacte - M2 Lux","robots":{"index":"index","follow":"follow","max-snippet":"max-snippet:-1","max-image-preview":"max-image-preview:large","max-video-preview":"max-video-preview:-1"},"canonical":"https:\/\/luxm2.com\/ca\/contact\/","og_locale":"ca_ES","og_type":"article","og_title":"Contacte - M2 Lux","og_description":"[vc_row][vc_column][vc_column_text] Contacti&#8217;ns per trobar la seva nova llar [\/vc_column_text][vc_column_text] Amb una \u00e0mplia experi\u00e8ncia en l&#8217;\u00e0mbit de l&#8217;administraci\u00f3 i gesti\u00f3 de propietats de luxe, incloent super-iots per a individus d&#8217;High Net Worth, vam decidir obrir la nostra pr\u00f2pia ag\u00e8ncia Brokerage &amp; Consulting M2 Lux S.L. per proporcionar el m\u00e0xim nivell de servei als nostres clients. [\/vc_column_text][vc_column_text] [&hellip;]","og_url":"https:\/\/luxm2.com\/ca\/contact\/","og_site_name":"M2 Lux","article_publisher":"https:\/\/www.facebook.com\/luxm2\/?hc_ref=ARQm5M0UOH26I3A0w4V9JnxdLbywuIk19cmpkoZdQL5sdrhr4Kl4cGjwLW9M9U-wKig&amp%3bamp%3bamp%3bamp%3bamp%3bamp%3bamp%3bamp%3bamp%3bamp%3bamp%3bamp%3bamp%3bamp%3bamp%3bamp%3bamp%3bamp%3bamp%3bamp%3bamp%3bamp%3bamp%3bamp%3bamp%3bamp%3bamp%3bamp%3bamp%3bamp%3bamp%3bamp%3bamp%3bamp%3bamp%3bamp%3bamp%3bamp%3bfref=nf","article_modified_time":"2019-12-23T11:48:59+00:00","twitter_card":"summary_large_image","twitter_misc":{"Temps estimat de lectura":"1 minut"},"schema":{"@context":"https:\/\/schema.org","@graph":[{"@type":"WebPage","@id":"https:\/\/luxm2.com\/ca\/contact\/","url":"https:\/\/luxm2.com\/ca\/contact\/","name":"Contacte - M2 Lux","isPartOf":{"@id":"https:\/\/luxm2.com\/ca\/#website"},"datePublished":"2016-04-18T13:25:28+00:00","dateModified":"2019-12-23T11:48:59+00:00","breadcrumb":{"@id":"https:\/\/luxm2.com\/ca\/contact\/#breadcrumb"},"inLanguage":"ca","potentialAction":[{"@type":"ReadAction","target":["https:\/\/luxm2.com\/ca\/contact\/"]}]},{"@type":"BreadcrumbList","@id":"https:\/\/luxm2.com\/ca\/contact\/#breadcrumb","itemListElement":[{"@type":"ListItem","position":1,"name":"Home","item":"https:\/\/luxm2.com\/ca\/"},{"@type":"ListItem","position":2,"name":"Contacte"}]},{"@type":"WebSite","@id":"https:\/\/luxm2.com\/ca\/#website","url":"https:\/\/luxm2.com\/ca\/","name":"M2 Lux","description":"M2 Lux Real Estate Agency","publisher":{"@id":"https:\/\/luxm2.com\/ca\/#organization"},"potentialAction":[{"@type":"SearchAction","target":{"@type":"EntryPoint","urlTemplate":"https:\/\/luxm2.com\/ca\/?s={search_term_string}"},"query-input":{"@type":"PropertyValueSpecification","valueRequired":true,"valueName":"search_term_string"}}],"inLanguage":"ca"},{"@type":"Organization","@id":"https:\/\/luxm2.com\/ca\/#organization","name":"Brokerage & Consulting M2 Lux S.L.","url":"https:\/\/luxm2.com\/ca\/","logo":{"@type":"ImageObject","inLanguage":"ca","@id":"https:\/\/luxm2.com\/ca\/#\/schema\/logo\/image\/","url":"https:\/\/luxm2.com\/wp-content\/uploads\/2017\/08\/LUX-M2-without-border-500.jpg","contentUrl":"https:\/\/luxm2.com\/wp-content\/uploads\/2017\/08\/LUX-M2-without-border-500.jpg","width":500,"height":500,"caption":"Brokerage & Consulting M2 Lux S.L."},"image":{"@id":"https:\/\/luxm2.com\/ca\/#\/schema\/logo\/image\/"},"sameAs":["https:\/\/www.facebook.com\/luxm2\/?hc_ref=ARQm5M0UOH26I3A0w4V9JnxdLbywuIk19cmpkoZdQL5sdrhr4Kl4cGjwLW9M9U-wKig&amp;amp;amp;amp;amp;amp;amp;amp;amp;amp;amp;amp;amp;amp;amp;amp;amp;amp;amp;amp;amp;amp;amp;amp;amp;amp;amp;amp;amp;amp;amp;amp;amp;amp;amp;amp;amp;amp;fref=nf","https:\/\/www.instagram.com\/m2luxspain\/","https:\/\/www.pinterest.es\/m2luximmo\/"]}]}},"_links":{"self":[{"href":"https:\/\/luxm2.com\/ca\/wp-json\/wp\/v2\/pages\/1231","targetHints":{"allow":["GET"]}}],"collection":[{"href":"https:\/\/luxm2.com\/ca\/wp-json\/wp\/v2\/pages"}],"about":[{"href":"https:\/\/luxm2.com\/ca\/wp-json\/wp\/v2\/types\/page"}],"author":[{"embeddable":true,"href":"https:\/\/luxm2.com\/ca\/wp-json\/wp\/v2\/users\/1"}],"replies":[{"embeddable":true,"href":"https:\/\/luxm2.com\/ca\/wp-json\/wp\/v2\/comments?post=1231"}],"version-history":[{"count":0,"href":"https:\/\/luxm2.com\/ca\/wp-json\/wp\/v2\/pages\/1231\/revisions"}],"wp:attachment":[{"href":"https:\/\/luxm2.com\/ca\/wp-json\/wp\/v2\/media?parent=1231"}],"curies":[{"name":"wp","href":"https:\/\/api.w.org\/{rel}","templated":true}]}}